{"id":933,"date":"2023-11-09T13:34:38","date_gmt":"2023-11-09T13:34:38","guid":{"rendered":"https:\/\/startersites.io\/blocksy\/cosmetic\/?post_type=product&amp;p=933"},"modified":"2025-06-30T15:57:26","modified_gmt":"2025-06-30T12:57:26","slug":"neque-egestas-congue","status":"publish","type":"product","link":"https:\/\/ds.dekopa.com.tr\/en\/product\/neque-egestas-congue\/","title":{"rendered":"Neque Egestas Congue"},"content":{"rendered":"<div id=\"output\" class=\"page-generator__output js-generator-output\">\n<p>Lorem ipsum dolor sit amet, consectetur adipiscing elit, sed do eiusmod tempor incididunt ut labore et dolore magna aliqua. Risus sed vulputate odio ut enim blandit volutpat maecenas volutpat. Vestibulum rhoncus est pellentesque elit ullamcorper dignissim cras tincidunt lobortis. Sit amet luctus venenatis lectus magna. Egestas maecenas pharetra convallis posuere morbi. Id aliquet risus feugiat in ante metus dictum. Tellus molestie nunc non blandit massa. Scelerisque varius morbi enim nunc. Interdum velit euismod in pellentesque massa placerat. Tincidunt eget nullam non nisi est sit. Nec ullamcorper sit amet risus nullam eget felis. Vitae turpis massa sed elementum tempus egestas sed sed. Vulputate eu scelerisque felis imperdiet proin fermentum leo vel.<\/p>\n<p>Id donec ultrices tincidunt arcu non sodales. Ullamcorper morbi tincidunt ornare massa eget. Lectus urna duis convallis convallis tellus id interdum velit. Fames ac turpis egestas sed tempus. Tempus urna et pharetra pharetra massa massa ultricies mi. Consectetur lorem donec massa sapien faucibus et molestie ac feugiat. A iaculis at erat pellentesque adipiscing commodo elit at. Est ante in nibh mauris cursus. In nulla posuere sollicitudin aliquam ultrices sagittis orci. Sit amet mauris commodo quis imperdiet massa. Ullamcorper sit amet risus nullam eget felis. Aliquet nibh praesent tristique magna sit amet purus gravida. Pharetra et ultrices neque ornare aenean. Non quam lacus suspendisse faucibus interdum posuere. Sed enim ut sem viverra aliquet eget sit. Malesuada bibendum arcu vitae elementum curabitur vitae nunc.<\/p>\n<p>Rutrum tellus pellentesque eu tincidunt tortor aliquam nulla facilisi cras. Porttitor massa id neque aliquam vestibulum morbi. At lectus urna duis convallis convallis tellus id. Tellus in metus vulputate eu scelerisque felis. Ut tellus elementum sagittis vitae et leo duis ut diam. Nisl nisi scelerisque eu ultrices. Sed viverra ipsum nunc aliquet bibendum enim facilisis gravida neque. Duis at tellus at urna condimentum mattis pellentesque id nibh. Quisque non tellus orci ac auctor augue mauris. Eget nullam non nisi est sit. Tristique magna sit amet purus gravida quis blandit turpis cursus. Neque egestas congue quisque egestas diam in arcu. In eu mi bibendum neque egestas congue quisque. Nullam vehicula ipsum a arcu cursus.<\/p>\n<\/div>","protected":false},"excerpt":{"rendered":"<p>At lectus urna duis convallis convallis tellus id. Tellus in metus vulputate eu scelerisque felis. Ut tellus elementum sagittis vitae et leo duis ut diam. Nisl nisi scelerisque eu ultrices.<\/p>\n<p>Sed viverra ipsum nunc aliquet bibendum enim facilisis gravida neque. Duis at tellus at urna condimentum mattis pellentesque id nibh. Quisque non tellus orci ac auctor augue mauris. Eget nullam non nisi est sit.<\/p>\n<p>Tristique magna sit amet purus gravida quis blandit turpis cursus. Neque egestas congue quisque egestas diam in arcu. In eu mi bibendum neque egestas congue quisque. Nullam vehicula ipsum a arcu cursus.<\/p>","protected":false},"featured_media":934,"comment_status":"open","ping_status":"closed","template":"","meta":[],"product_brand":[],"product_cat":[965],"product_tag":[],"class_list":{"0":"post-933","1":"product","2":"type-product","3":"status-publish","4":"has-post-thumbnail","6":"product_cat-face","8":"first","9":"instock","10":"shipping-taxable","11":"purchasable","12":"product-type-simple"},"yoast_head":"<!-- This site is optimized with the Yoast SEO Premium plugin v25.3.1 (Yoast SEO v27.4) - https:\/\/yoast.com\/product\/yoast-seo-premium-wordpress\/ -->\n<title>Neque Egestas Congue - DEKOPA MOD\u00dcLER FUAR STANDLARI<\/title>\n<meta name=\"robots\" content=\"index, follow, max-snippet:-1, max-image-preview:large, max-video-preview:-1\" \/>\n<link rel=\"canonical\" href=\"https:\/\/ds.dekopa.com.tr\/en\/product\/neque-egestas-congue\/\" \/>\n<meta property=\"og:locale\" content=\"en_US\" \/>\n<meta property=\"og:type\" content=\"article\" \/>\n<meta property=\"og:title\" content=\"Neque Egestas Congue\" \/>\n<meta property=\"og:description\" content=\"At lectus urna duis convallis convallis tellus id. Tellus in metus vulputate eu scelerisque felis. Ut tellus elementum sagittis vitae et leo duis ut diam. Nisl nisi scelerisque eu ultrices. Sed viverra ipsum nunc aliquet bibendum enim facilisis gravida neque. Duis at tellus at urna condimentum mattis pellentesque id nibh. Quisque non tellus orci ac auctor augue mauris. Eget nullam non nisi est sit. Tristique magna sit amet purus gravida quis blandit turpis cursus. Neque egestas congue quisque egestas diam in arcu. In eu mi bibendum neque egestas congue quisque. Nullam vehicula ipsum a arcu cursus.\" \/>\n<meta property=\"og:url\" content=\"https:\/\/ds.dekopa.com.tr\/en\/product\/neque-egestas-congue\/\" \/>\n<meta property=\"og:site_name\" content=\"DEKOPA MOD\u00dcLER FUAR STANDLARI\" \/>\n<meta property=\"article:publisher\" content=\"https:\/\/www.facebook.com\/dekopa.com.tr\" \/>\n<meta property=\"article:modified_time\" content=\"2025-06-30T12:57:26+00:00\" \/>\n<meta name=\"twitter:card\" content=\"summary_large_image\" \/>\n<meta name=\"twitter:label1\" content=\"Price\" \/>\n\t<meta name=\"twitter:data1\" content=\"&#036;45.00\" \/>\n\t<meta name=\"twitter:label2\" content=\"Availability\" \/>\n\t<meta name=\"twitter:data2\" content=\"In stock\" \/>\n<script type=\"application\/ld+json\" class=\"yoast-schema-graph\">{\"@context\":\"https:\\\/\\\/schema.org\",\"@graph\":[{\"@type\":\"WebPage\",\"@id\":\"https:\\\/\\\/ds.dekopa.com.tr\\\/urun\\\/neque-egestas-congue\\\/\",\"url\":\"https:\\\/\\\/ds.dekopa.com.tr\\\/urun\\\/neque-egestas-congue\\\/\",\"name\":\"Neque Egestas Congue - DEKOPA MOD\u00dcLER FUAR STANDLARI\",\"isPartOf\":{\"@id\":\"https:\\\/\\\/ds.dekopa.com.tr\\\/#website\"},\"primaryImageOfPage\":{\"@id\":\"https:\\\/\\\/ds.dekopa.com.tr\\\/urun\\\/neque-egestas-congue\\\/#primaryimage\"},\"image\":{\"@id\":\"https:\\\/\\\/ds.dekopa.com.tr\\\/urun\\\/neque-egestas-congue\\\/#primaryimage\"},\"thumbnailUrl\":\"https:\\\/\\\/ds.dekopa.com.tr\\\/wp-content\\\/uploads\\\/2023\\\/11\\\/product-image-13.webp\",\"datePublished\":\"2023-11-09T13:34:38+00:00\",\"dateModified\":\"2025-06-30T12:57:26+00:00\",\"breadcrumb\":{\"@id\":\"https:\\\/\\\/ds.dekopa.com.tr\\\/urun\\\/neque-egestas-congue\\\/#breadcrumb\"},\"inLanguage\":\"en-US\",\"potentialAction\":[{\"@type\":\"ReadAction\",\"target\":[\"https:\\\/\\\/ds.dekopa.com.tr\\\/urun\\\/neque-egestas-congue\\\/\"]}]},{\"@type\":\"ImageObject\",\"inLanguage\":\"en-US\",\"@id\":\"https:\\\/\\\/ds.dekopa.com.tr\\\/urun\\\/neque-egestas-congue\\\/#primaryimage\",\"url\":\"https:\\\/\\\/ds.dekopa.com.tr\\\/wp-content\\\/uploads\\\/2023\\\/11\\\/product-image-13.webp\",\"contentUrl\":\"https:\\\/\\\/ds.dekopa.com.tr\\\/wp-content\\\/uploads\\\/2023\\\/11\\\/product-image-13.webp\",\"width\":1260,\"height\":1800},{\"@type\":\"BreadcrumbList\",\"@id\":\"https:\\\/\\\/ds.dekopa.com.tr\\\/urun\\\/neque-egestas-congue\\\/#breadcrumb\",\"itemListElement\":[{\"@type\":\"ListItem\",\"position\":1,\"name\":\"Ana sayfa\",\"item\":\"https:\\\/\\\/ds.dekopa.com.tr\\\/\"},{\"@type\":\"ListItem\",\"position\":2,\"name\":\"Mod\u00fcler Standlar\",\"item\":\"https:\\\/\\\/ds.dekopa.com.tr\\\/moduler_standlar\\\/\"},{\"@type\":\"ListItem\",\"position\":3,\"name\":\"Neque Egestas Congue\"}]},{\"@type\":\"WebSite\",\"@id\":\"https:\\\/\\\/ds.dekopa.com.tr\\\/#website\",\"url\":\"https:\\\/\\\/ds.dekopa.com.tr\\\/\",\"name\":\"Dekopa Dijital Bask\u0131\",\"description\":\"MOD\u00dcLER FUAR VE KONGRE S\u0130STEMLER\u0130\",\"publisher\":{\"@id\":\"https:\\\/\\\/ds.dekopa.com.tr\\\/#organization\"},\"potentialAction\":[{\"@type\":\"SearchAction\",\"target\":{\"@type\":\"EntryPoint\",\"urlTemplate\":\"https:\\\/\\\/ds.dekopa.com.tr\\\/?s={search_term_string}\"},\"query-input\":{\"@type\":\"PropertyValueSpecification\",\"valueRequired\":true,\"valueName\":\"search_term_string\"}}],\"inLanguage\":\"en-US\"},{\"@type\":\"Organization\",\"@id\":\"https:\\\/\\\/ds.dekopa.com.tr\\\/#organization\",\"name\":\"Dekopa Display - UV Bask\u0131\",\"url\":\"https:\\\/\\\/ds.dekopa.com.tr\\\/\",\"logo\":{\"@type\":\"ImageObject\",\"inLanguage\":\"en-US\",\"@id\":\"https:\\\/\\\/ds.dekopa.com.tr\\\/#\\\/schema\\\/logo\\\/image\\\/\",\"url\":\"https:\\\/\\\/ds.dekopa.com.tr\\\/wp-content\\\/uploads\\\/2020\\\/12\\\/dekopa_logo-copy-1.jpg\",\"contentUrl\":\"https:\\\/\\\/ds.dekopa.com.tr\\\/wp-content\\\/uploads\\\/2020\\\/12\\\/dekopa_logo-copy-1.jpg\",\"width\":200,\"height\":80,\"caption\":\"Dekopa Display - UV Bask\u0131\"},\"image\":{\"@id\":\"https:\\\/\\\/ds.dekopa.com.tr\\\/#\\\/schema\\\/logo\\\/image\\\/\"},\"sameAs\":[\"https:\\\/\\\/www.facebook.com\\\/dekopa.com.tr\",\"https:\\\/\\\/www.instagram.com\\\/dekopa_print\\\/\",\"https:\\\/\\\/tr.pinterest.com\\\/DekopaDesing\\\/\",\"https:\\\/\\\/www.youtube.com\\\/channel\\\/UCchP6AzeKOz_2L5SQ8l10mA\\\/\"]}]}<\/script>\n<meta property=\"product:price:amount\" content=\"45.00\" \/>\n<meta property=\"product:price:currency\" content=\"USD\" \/>\n<meta property=\"og:availability\" content=\"instock\" \/>\n<meta property=\"product:availability\" content=\"instock\" \/>\n<meta property=\"product:condition\" content=\"new\" \/>\n<!-- \/ Yoast SEO Premium plugin. -->","yoast_head_json":{"title":"Neque Egestas Congue - DEKOPA MOD\u00dcLER FUAR STANDLARI","robots":{"index":"index","follow":"follow","max-snippet":"max-snippet:-1","max-image-preview":"max-image-preview:large","max-video-preview":"max-video-preview:-1"},"canonical":"https:\/\/ds.dekopa.com.tr\/en\/product\/neque-egestas-congue\/","og_locale":"en_US","og_type":"article","og_title":"Neque Egestas Congue","og_description":"At lectus urna duis convallis convallis tellus id. Tellus in metus vulputate eu scelerisque felis. Ut tellus elementum sagittis vitae et leo duis ut diam. Nisl nisi scelerisque eu ultrices. Sed viverra ipsum nunc aliquet bibendum enim facilisis gravida neque. Duis at tellus at urna condimentum mattis pellentesque id nibh. Quisque non tellus orci ac auctor augue mauris. Eget nullam non nisi est sit. Tristique magna sit amet purus gravida quis blandit turpis cursus. Neque egestas congue quisque egestas diam in arcu. In eu mi bibendum neque egestas congue quisque. Nullam vehicula ipsum a arcu cursus.","og_url":"https:\/\/ds.dekopa.com.tr\/en\/product\/neque-egestas-congue\/","og_site_name":"DEKOPA MOD\u00dcLER FUAR STANDLARI","article_publisher":"https:\/\/www.facebook.com\/dekopa.com.tr","article_modified_time":"2025-06-30T12:57:26+00:00","twitter_card":"summary_large_image","twitter_misc":{"Price":"&#36;45.00","Availability":"In stock"},"schema":{"@context":"https:\/\/schema.org","@graph":[{"@type":"WebPage","@id":"https:\/\/ds.dekopa.com.tr\/urun\/neque-egestas-congue\/","url":"https:\/\/ds.dekopa.com.tr\/urun\/neque-egestas-congue\/","name":"Neque Egestas Congue - DEKOPA MOD\u00dcLER FUAR STANDLARI","isPartOf":{"@id":"https:\/\/ds.dekopa.com.tr\/#website"},"primaryImageOfPage":{"@id":"https:\/\/ds.dekopa.com.tr\/urun\/neque-egestas-congue\/#primaryimage"},"image":{"@id":"https:\/\/ds.dekopa.com.tr\/urun\/neque-egestas-congue\/#primaryimage"},"thumbnailUrl":"https:\/\/ds.dekopa.com.tr\/wp-content\/uploads\/2023\/11\/product-image-13.webp","datePublished":"2023-11-09T13:34:38+00:00","dateModified":"2025-06-30T12:57:26+00:00","breadcrumb":{"@id":"https:\/\/ds.dekopa.com.tr\/urun\/neque-egestas-congue\/#breadcrumb"},"inLanguage":"en-US","potentialAction":[{"@type":"ReadAction","target":["https:\/\/ds.dekopa.com.tr\/urun\/neque-egestas-congue\/"]}]},{"@type":"ImageObject","inLanguage":"en-US","@id":"https:\/\/ds.dekopa.com.tr\/urun\/neque-egestas-congue\/#primaryimage","url":"https:\/\/ds.dekopa.com.tr\/wp-content\/uploads\/2023\/11\/product-image-13.webp","contentUrl":"https:\/\/ds.dekopa.com.tr\/wp-content\/uploads\/2023\/11\/product-image-13.webp","width":1260,"height":1800},{"@type":"BreadcrumbList","@id":"https:\/\/ds.dekopa.com.tr\/urun\/neque-egestas-congue\/#breadcrumb","itemListElement":[{"@type":"ListItem","position":1,"name":"Ana sayfa","item":"https:\/\/ds.dekopa.com.tr\/"},{"@type":"ListItem","position":2,"name":"Mod\u00fcler Standlar","item":"https:\/\/ds.dekopa.com.tr\/moduler_standlar\/"},{"@type":"ListItem","position":3,"name":"Neque Egestas Congue"}]},{"@type":"WebSite","@id":"https:\/\/ds.dekopa.com.tr\/#website","url":"https:\/\/ds.dekopa.com.tr\/","name":"Dekopa Dijital Bask\u0131","description":"MOD\u00dcLER FUAR VE KONGRE S\u0130STEMLER\u0130","publisher":{"@id":"https:\/\/ds.dekopa.com.tr\/#organization"},"potentialAction":[{"@type":"SearchAction","target":{"@type":"EntryPoint","urlTemplate":"https:\/\/ds.dekopa.com.tr\/?s={search_term_string}"},"query-input":{"@type":"PropertyValueSpecification","valueRequired":true,"valueName":"search_term_string"}}],"inLanguage":"en-US"},{"@type":"Organization","@id":"https:\/\/ds.dekopa.com.tr\/#organization","name":"Dekopa Display - UV Bask\u0131","url":"https:\/\/ds.dekopa.com.tr\/","logo":{"@type":"ImageObject","inLanguage":"en-US","@id":"https:\/\/ds.dekopa.com.tr\/#\/schema\/logo\/image\/","url":"https:\/\/ds.dekopa.com.tr\/wp-content\/uploads\/2020\/12\/dekopa_logo-copy-1.jpg","contentUrl":"https:\/\/ds.dekopa.com.tr\/wp-content\/uploads\/2020\/12\/dekopa_logo-copy-1.jpg","width":200,"height":80,"caption":"Dekopa Display - UV Bask\u0131"},"image":{"@id":"https:\/\/ds.dekopa.com.tr\/#\/schema\/logo\/image\/"},"sameAs":["https:\/\/www.facebook.com\/dekopa.com.tr","https:\/\/www.instagram.com\/dekopa_print\/","https:\/\/tr.pinterest.com\/DekopaDesing\/","https:\/\/www.youtube.com\/channel\/UCchP6AzeKOz_2L5SQ8l10mA\/"]}]},"product_price_amount":"45.00","product_price_currency":"USD","og_availability":"instock","product_availability":"instock","product_condition":"new"},"_links":{"self":[{"href":"https:\/\/ds.dekopa.com.tr\/en\/wp-json\/wp\/v2\/product\/933","targetHints":{"allow":["GET"]}}],"collection":[{"href":"https:\/\/ds.dekopa.com.tr\/en\/wp-json\/wp\/v2\/product"}],"about":[{"href":"https:\/\/ds.dekopa.com.tr\/en\/wp-json\/wp\/v2\/types\/product"}],"replies":[{"embeddable":true,"href":"https:\/\/ds.dekopa.com.tr\/en\/wp-json\/wp\/v2\/comments?post=933"}],"wp:featuredmedia":[{"embeddable":true,"href":"https:\/\/ds.dekopa.com.tr\/en\/wp-json\/wp\/v2\/media\/934"}],"wp:attachment":[{"href":"https:\/\/ds.dekopa.com.tr\/en\/wp-json\/wp\/v2\/media?parent=933"}],"wp:term":[{"taxonomy":"product_brand","embeddable":true,"href":"https:\/\/ds.dekopa.com.tr\/en\/wp-json\/wp\/v2\/product_brand?post=933"},{"taxonomy":"product_cat","embeddable":true,"href":"https:\/\/ds.dekopa.com.tr\/en\/wp-json\/wp\/v2\/product_cat?post=933"},{"taxonomy":"product_tag","embeddable":true,"href":"https:\/\/ds.dekopa.com.tr\/en\/wp-json\/wp\/v2\/product_tag?post=933"}],"curies":[{"name":"wp","href":"https:\/\/api.w.org\/{rel}","templated":true}]}}