{"id":7125,"date":"2023-12-24T15:32:15","date_gmt":"2023-12-24T12:32:15","guid":{"rendered":"https:\/\/ds.dekopa.com.tr\/urun\/t3-moduler-aluminyum-lightbox-300x300-copy\/"},"modified":"2023-12-24T19:35:07","modified_gmt":"2023-12-24T16:35:07","slug":"t3-moduler-aluminyum-lightbox-300x300-copy","status":"publish","type":"product","link":"https:\/\/ds.dekopa.com.tr\/en\/product\/t3-moduler-aluminyum-lightbox-300x300-copy\/","title":{"rendered":"T3 MOD\u00dcLER LIGHTBOX 300x300cm"},"content":{"rendered":"<p><strong>\u00dcr\u00fcn Ad\u0131 : 300&#215;300 Mod\u00fcler Lightbox<\/strong><\/p>\n<p><span class=\"s1\">Dekopa.com.tr olarak sizlere etkileyici ve \u00f6zg\u00fcn fuar deneyimleri sunmak i\u00e7in mod\u00fcler lightbox ve fuar stand kiralama hizmetlerimizle yan\u0131n\u0131zday\u0131z. <a href=\"https:\/\/ds.dekopa.com.tr\/en\/dogrudan-satis\/\"><span class=\"s2\">Mod\u00fcler lightboxlar<\/span><\/a>, marka mesaj\u0131n\u0131z\u0131 vurgulamak ve stand\u0131n\u0131z\u0131 g\u00f6z al\u0131c\u0131 k\u0131lmak i\u00e7in m\u00fckemmel bir se\u00e7enektir. Yarat\u0131c\u0131 tasar\u0131mlar\u0131m\u0131z ve modern teknolojilerle donat\u0131lm\u0131\u015f standlar\u0131m\u0131z, fuarlarda iz b\u0131rakman\u0131za yard\u0131mc\u0131 olacak.<\/span><\/p>\n<p class=\"p1\"><span class=\"s1\">+ Kolay kurulum<br \/>\n+ Sat\u0131\u015f yada kiralama opsiyonlar\u0131<br \/>\n+ Alet gerektirmeyen kurulum<br \/>\n+ Usta gerektirmez<br \/>\n+ \u00c7antal\u0131 Kolay Ta\u015f\u0131nabilir<br \/>\n+ Opsiyon olarak Perde led sistemi ile %30 dan fazla daha m\u00fckemmel\u00a0<\/span><\/p>\n<p><strong>Mod\u00fcler Lightbox ve Fuar Stand\u0131 Kiralama Hizmetlerimiz:<\/strong><\/p>\n<p>Dekopa.com.tr olarak, size \u00f6zg\u00fcn ve etkileyici fuar deneyimleri sunmak i\u00e7in mod\u00fcler lightbox ve fuar stand\u0131 kiralama hizmetlerimizle yan\u0131n\u0131zday\u0131z. <strong>300&#215;300 Mod\u00fcler Lightboxlar<\/strong>, marka mesaj\u0131n\u0131z\u0131 vurgulamak ve stand\u0131n\u0131z\u0131 g\u00f6z al\u0131c\u0131 k\u0131lmak i\u00e7in m\u00fckemmel bir se\u00e7enektir. Yarat\u0131c\u0131 tasar\u0131mlar\u0131m\u0131z ve modern teknolojilerle donat\u0131lm\u0131\u015f standlar\u0131m\u0131z, fuarlarda iz b\u0131rakman\u0131za yard\u0131mc\u0131 olacak.<\/p>\n<p><strong>Dekopa.com.tr ile Mod\u00fcler Lightbox:<\/strong><\/p>\n<ul>\n<li><strong>Kolay Kurulum:<\/strong> Alet gerektirmeyen kurulum sayesinde fuar haz\u0131rl\u0131klar\u0131n\u0131z daha da h\u0131zl\u0131 ve pratik.<\/li>\n<li><strong>Opsiyonlar:<\/strong> Sat\u0131\u015f veya kiralama se\u00e7enekleri ile b\u00fct\u00e7enize uygun \u00e7\u00f6z\u00fcmler.<\/li>\n<li><strong>Usta Gerektirmez:<\/strong> Kolay kurulum ve kullan\u0131m i\u00e7in usta ihtiyac\u0131n\u0131 ortadan kald\u0131r\u0131r.<\/li>\n<\/ul>\n<p>Mod\u00fcler fuar standlar\u0131m\u0131z, fuar deneyiminizi zenginle\u015ftirmek ve markan\u0131z\u0131 en iyi \u015fekilde sergilemek i\u00e7in ideal bir se\u00e7enektir. Yurti\u00e7i ve yurtd\u0131\u015f\u0131 fuarlar\u0131n\u0131zda ekonomik ve etkileyici \u00e7\u00f6z\u00fcmler sunuyoruz.<\/p>\n<p>Kendi kurabilece\u011finiz <a href=\"https:\/\/ds.dekopa.com.tr\/en\/lightbox-fuar-stand-hizmet\/\">Mod\u00fcler Lightbox Standlar<\/a> ve mod\u00fcler backdrop \u00fcr\u00fcnler i\u00e7in bize hemen ula\u015f\u0131n. \u0130stanbul adresimizde bulunan Dekopa Dijital Bask\u0131 olarak, mod\u00fcler fuar standlar\u0131, backdrop ve <a href=\"https:\/\/ds.dekopa.com.tr\/en\/lightbox-hizmet\/\">lightbox<\/a> \u00fcr\u00fcnleri konusunda uzman ekibimizle hizmetinizdeyiz.<\/p>\n<p>Mod\u00fcler Fuar Stand\u0131 &#8211; Backdrop &#8211; Lightbox \u00dcr\u00fcnlerimizi <a href=\"https:\/\/ds.dekopa.com.tr\/en\/ledbox-lightbox-tekstilbox-ledframe\/\">\u0130ncelemek \u0130\u00e7in Hemen T\u0131klay\u0131n!<\/a><\/p>\n<p>Her t\u00fcrl\u00fc soru, \u00f6neri veya talepleriniz i\u00e7in bize ula\u015fmaktan \u00e7ekinmeyin.<\/p>","protected":false},"excerpt":{"rendered":"<p class=\"p1\"><span class=\"s1\"><b>300&#215;300 Mod\u00fcler Lightbox\u00a0<\/b><\/span><\/p>\n<p class=\"p1\"><span class=\"s1\">Dekopa.com.tr olarak sizlere etkileyici ve \u00f6zg\u00fcn fuar deneyimleri sunmak i\u00e7in <a href=\"https:\/\/ds.dekopa.com.tr\/en\/\">mod\u00fcler lightbox<\/a> ve fuar stand kiralama hizmetlerimizle yan\u0131n\u0131zday\u0131z. <a href=\"https:\/\/ds.dekopa.com.tr\/en\/dogrudan-satis\/\"><span class=\"s2\">Mod\u00fcler lightboxlar<\/span><\/a>, marka mesaj\u0131n\u0131z\u0131 vurgulamak ve stand\u0131n\u0131z\u0131 g\u00f6z al\u0131c\u0131 k\u0131lmak i\u00e7in m\u00fckemmel bir se\u00e7enektir. Yarat\u0131c\u0131 tasar\u0131mlar\u0131m\u0131z ve modern teknolojilerle donat\u0131lm\u0131\u015f standlar\u0131m\u0131z, fuarlarda iz b\u0131rakman\u0131za yard\u0131mc\u0131 olacak.<\/span><\/p>","protected":false},"featured_media":7102,"comment_status":"open","ping_status":"closed","template":"","meta":[],"product_brand":[],"product_cat":[701,521],"product_tag":[706,667,671,643,650,652,697,655,656,657,646,645,649,698,705,696,617,647,636,694,695,700,666],"class_list":{"0":"post-7125","1":"product","2":"type-product","3":"status-publish","4":"has-post-thumbnail","6":"product_cat-t3_systems_moduler_lightbox","7":"product_cat-urunler","8":"product_tag-240x240-lightbox","9":"product_tag-backdrop","10":"product_tag-cantali-moduler-lightbox","11":"product_tag-fuar-lightbox","12":"product_tag-fuar-stand-lightbox","13":"product_tag-isikli-orumcek-stand","14":"product_tag-istanbul-ledu","15":"product_tag-istanbul-orumcek-stand","16":"product_tag-kiralik-lightbox","17":"product_tag-ledu-lightbox","18":"product_tag-lightbox-ankara","19":"product_tag-lightbox-istanbul","20":"product_tag-lightbox-kiralama","21":"product_tag-lightbox-stand","22":"product_tag-mobile-200x200-lightbox","23":"product_tag-mobile-lightbox-display","24":"product_tag-moduler-lightbox","25":"product_tag-moduler-lightbox-setleri","26":"product_tag-moduler-lightbox-stand","27":"product_tag-portable-lightbox","28":"product_tag-seg-display","29":"product_tag-tekstilbox","30":"product_tag-textilebox-lightbox","32":"first","33":"instock","34":"shipping-taxable","35":"product-type-simple"},"yoast_head":"<!-- This site is optimized with the Yoast SEO Premium plugin v25.3.1 (Yoast SEO v27.4) - https:\/\/yoast.com\/product\/yoast-seo-premium-wordpress\/ -->\n<title>T3 MOD\u00dcLER LIGHTBOX 300x300cm - DEKOPA MOD\u00dcLER FUAR STANDLARI Mod\u00fcler Lightbox Sistemleri<\/title>\n<meta name=\"description\" content=\"300x300 mod\u00fcler lightbox \u00fcr\u00fcnlerimiz ile tan\u0131\u015f\u0131n.\u2028Mod\u00fcler Lightbox yada backdrop \u00fcr\u00fcnlerimiz ile Yurti\u00e7i ve yurtd\u0131\u015f\u0131 etkinlikler i\u00e7in \u00e7\u00f6z\u00fcmler sunuyoruz\" \/>\n<meta name=\"robots\" content=\"index, follow, max-snippet:-1, max-image-preview:large, max-video-preview:-1\" \/>\n<link rel=\"canonical\" href=\"https:\/\/ds.dekopa.com.tr\/en\/product\/t3-moduler-aluminyum-lightbox-300x300-copy\/\" \/>\n<meta property=\"og:locale\" content=\"en_US\" \/>\n<meta property=\"og:type\" content=\"article\" \/>\n<meta property=\"og:title\" content=\"T3 MOD\u00dcLER LIGHTBOX 300x300cm\" \/>\n<meta property=\"og:description\" content=\"300x300 mod\u00fcler lightbox \u00fcr\u00fcnlerimiz ile tan\u0131\u015f\u0131n.\u2028Mod\u00fcler Lightbox yada backdrop \u00fcr\u00fcnlerimiz ile Yurti\u00e7i ve yurtd\u0131\u015f\u0131 etkinlikler i\u00e7in \u00e7\u00f6z\u00fcmler sunuyoruz\" \/>\n<meta property=\"og:url\" content=\"https:\/\/ds.dekopa.com.tr\/en\/product\/t3-moduler-aluminyum-lightbox-300x300-copy\/\" \/>\n<meta property=\"og:site_name\" content=\"DEKOPA MOD\u00dcLER FUAR STANDLARI\" \/>\n<meta property=\"article:publisher\" content=\"https:\/\/www.facebook.com\/dekopa.com.tr\" \/>\n<meta property=\"article:modified_time\" content=\"2023-12-24T16:35:07+00:00\" \/>\n<meta property=\"og:image\" content=\"https:\/\/ds.dekopa.com.tr\/wp-content\/uploads\/T3-SYSTEMS-240X40-Moduler_fuar_stand_lightbox_standlar_istanbul_lightbox_kiralama_portable_lightbox_seg_ankara_lightbox_izmir_Antalya_lightbox13-1024x1024.jpg\" \/>\n\t<meta property=\"og:image:width\" content=\"1024\" \/>\n\t<meta property=\"og:image:height\" content=\"1024\" \/>\n\t<meta property=\"og:image:type\" content=\"image\/jpeg\" \/>\n<meta name=\"twitter:card\" content=\"summary_large_image\" \/>\n<meta name=\"twitter:label1\" content=\"Price\" \/>\n\t<meta name=\"twitter:data1\" content=\"\" \/>\n\t<meta name=\"twitter:label2\" content=\"Availability\" \/>\n\t<meta name=\"twitter:data2\" content=\"In stock\" \/>\n<script type=\"application\/ld+json\" class=\"yoast-schema-graph\">{\"@context\":\"https:\\\/\\\/schema.org\",\"@graph\":[{\"@type\":\"WebPage\",\"@id\":\"https:\\\/\\\/ds.dekopa.com.tr\\\/urun\\\/t3-moduler-aluminyum-lightbox-300x300-copy\\\/\",\"url\":\"https:\\\/\\\/ds.dekopa.com.tr\\\/urun\\\/t3-moduler-aluminyum-lightbox-300x300-copy\\\/\",\"name\":\"T3 MOD\u00dcLER LIGHTBOX 300x300cm - DEKOPA MOD\u00dcLER FUAR STANDLARI Mod\u00fcler Lightbox Sistemleri\",\"isPartOf\":{\"@id\":\"https:\\\/\\\/ds.dekopa.com.tr\\\/#website\"},\"primaryImageOfPage\":{\"@id\":\"https:\\\/\\\/ds.dekopa.com.tr\\\/urun\\\/t3-moduler-aluminyum-lightbox-300x300-copy\\\/#primaryimage\"},\"image\":{\"@id\":\"https:\\\/\\\/ds.dekopa.com.tr\\\/urun\\\/t3-moduler-aluminyum-lightbox-300x300-copy\\\/#primaryimage\"},\"thumbnailUrl\":\"https:\\\/\\\/ds.dekopa.com.tr\\\/wp-content\\\/uploads\\\/T3-SYSTEMS-240X40-Moduler_fuar_stand_lightbox_standlar_istanbul_lightbox_kiralama_portable_lightbox_seg_ankara_lightbox_izmir_Antalya_lightbox13.jpg\",\"datePublished\":\"2023-12-24T12:32:15+00:00\",\"dateModified\":\"2023-12-24T16:35:07+00:00\",\"description\":\"300x300 mod\u00fcler lightbox \u00fcr\u00fcnlerimiz ile tan\u0131\u015f\u0131n.\\u2028Mod\u00fcler Lightbox yada backdrop \u00fcr\u00fcnlerimiz ile Yurti\u00e7i ve yurtd\u0131\u015f\u0131 etkinlikler i\u00e7in \u00e7\u00f6z\u00fcmler sunuyoruz\",\"breadcrumb\":{\"@id\":\"https:\\\/\\\/ds.dekopa.com.tr\\\/urun\\\/t3-moduler-aluminyum-lightbox-300x300-copy\\\/#breadcrumb\"},\"inLanguage\":\"en-US\",\"potentialAction\":[{\"@type\":\"ReadAction\",\"target\":[\"https:\\\/\\\/ds.dekopa.com.tr\\\/urun\\\/t3-moduler-aluminyum-lightbox-300x300-copy\\\/\"]}]},{\"@type\":\"ImageObject\",\"inLanguage\":\"en-US\",\"@id\":\"https:\\\/\\\/ds.dekopa.com.tr\\\/urun\\\/t3-moduler-aluminyum-lightbox-300x300-copy\\\/#primaryimage\",\"url\":\"https:\\\/\\\/ds.dekopa.com.tr\\\/wp-content\\\/uploads\\\/T3-SYSTEMS-240X40-Moduler_fuar_stand_lightbox_standlar_istanbul_lightbox_kiralama_portable_lightbox_seg_ankara_lightbox_izmir_Antalya_lightbox13.jpg\",\"contentUrl\":\"https:\\\/\\\/ds.dekopa.com.tr\\\/wp-content\\\/uploads\\\/T3-SYSTEMS-240X40-Moduler_fuar_stand_lightbox_standlar_istanbul_lightbox_kiralama_portable_lightbox_seg_ankara_lightbox_izmir_Antalya_lightbox13.jpg\",\"width\":2160,\"height\":2160,\"caption\":\"T3 SYSTEMS 240X40 Moduler fuar stand lightbox standlar istanbul lightbox kiralama portable lightbox seg ankara lightbox izmir Antalya lightbox13\"},{\"@type\":\"BreadcrumbList\",\"@id\":\"https:\\\/\\\/ds.dekopa.com.tr\\\/urun\\\/t3-moduler-aluminyum-lightbox-300x300-copy\\\/#breadcrumb\",\"itemListElement\":[{\"@type\":\"ListItem\",\"position\":1,\"name\":\"Ana sayfa\",\"item\":\"https:\\\/\\\/ds.dekopa.com.tr\\\/\"},{\"@type\":\"ListItem\",\"position\":2,\"name\":\"Mod\u00fcler Standlar\",\"item\":\"https:\\\/\\\/ds.dekopa.com.tr\\\/moduler_standlar\\\/\"},{\"@type\":\"ListItem\",\"position\":3,\"name\":\"T3 MOD\u00dcLER LIGHTBOX 300x300cm\"}]},{\"@type\":\"WebSite\",\"@id\":\"https:\\\/\\\/ds.dekopa.com.tr\\\/#website\",\"url\":\"https:\\\/\\\/ds.dekopa.com.tr\\\/\",\"name\":\"Dekopa Dijital Bask\u0131\",\"description\":\"MOD\u00dcLER FUAR VE KONGRE S\u0130STEMLER\u0130\",\"publisher\":{\"@id\":\"https:\\\/\\\/ds.dekopa.com.tr\\\/#organization\"},\"potentialAction\":[{\"@type\":\"SearchAction\",\"target\":{\"@type\":\"EntryPoint\",\"urlTemplate\":\"https:\\\/\\\/ds.dekopa.com.tr\\\/?s={search_term_string}\"},\"query-input\":{\"@type\":\"PropertyValueSpecification\",\"valueRequired\":true,\"valueName\":\"search_term_string\"}}],\"inLanguage\":\"en-US\"},{\"@type\":\"Organization\",\"@id\":\"https:\\\/\\\/ds.dekopa.com.tr\\\/#organization\",\"name\":\"Dekopa Display - UV Bask\u0131\",\"url\":\"https:\\\/\\\/ds.dekopa.com.tr\\\/\",\"logo\":{\"@type\":\"ImageObject\",\"inLanguage\":\"en-US\",\"@id\":\"https:\\\/\\\/ds.dekopa.com.tr\\\/#\\\/schema\\\/logo\\\/image\\\/\",\"url\":\"https:\\\/\\\/ds.dekopa.com.tr\\\/wp-content\\\/uploads\\\/2020\\\/12\\\/dekopa_logo-copy-1.jpg\",\"contentUrl\":\"https:\\\/\\\/ds.dekopa.com.tr\\\/wp-content\\\/uploads\\\/2020\\\/12\\\/dekopa_logo-copy-1.jpg\",\"width\":200,\"height\":80,\"caption\":\"Dekopa Display - UV Bask\u0131\"},\"image\":{\"@id\":\"https:\\\/\\\/ds.dekopa.com.tr\\\/#\\\/schema\\\/logo\\\/image\\\/\"},\"sameAs\":[\"https:\\\/\\\/www.facebook.com\\\/dekopa.com.tr\",\"https:\\\/\\\/www.instagram.com\\\/dekopa_print\\\/\",\"https:\\\/\\\/tr.pinterest.com\\\/DekopaDesing\\\/\",\"https:\\\/\\\/www.youtube.com\\\/channel\\\/UCchP6AzeKOz_2L5SQ8l10mA\\\/\"]}]}<\/script>\n<meta property=\"product:price:currency\" content=\"USD\" \/>\n<meta property=\"og:availability\" content=\"instock\" \/>\n<meta property=\"product:availability\" content=\"instock\" \/>\n<meta property=\"product:condition\" content=\"new\" \/>\n<!-- \/ Yoast SEO Premium plugin. -->","yoast_head_json":{"title":"T3 MOD\u00dcLER LIGHTBOX 300x300cm - DEKOPA MOD\u00dcLER FUAR STANDLARI Mod\u00fcler Lightbox Sistemleri","description":"300x300 mod\u00fcler lightbox \u00fcr\u00fcnlerimiz ile tan\u0131\u015f\u0131n.\u2028Mod\u00fcler Lightbox yada backdrop \u00fcr\u00fcnlerimiz ile Yurti\u00e7i ve yurtd\u0131\u015f\u0131 etkinlikler i\u00e7in \u00e7\u00f6z\u00fcmler sunuyoruz","robots":{"index":"index","follow":"follow","max-snippet":"max-snippet:-1","max-image-preview":"max-image-preview:large","max-video-preview":"max-video-preview:-1"},"canonical":"https:\/\/ds.dekopa.com.tr\/en\/product\/t3-moduler-aluminyum-lightbox-300x300-copy\/","og_locale":"en_US","og_type":"article","og_title":"T3 MOD\u00dcLER LIGHTBOX 300x300cm","og_description":"300x300 mod\u00fcler lightbox \u00fcr\u00fcnlerimiz ile tan\u0131\u015f\u0131n.\u2028Mod\u00fcler Lightbox yada backdrop \u00fcr\u00fcnlerimiz ile Yurti\u00e7i ve yurtd\u0131\u015f\u0131 etkinlikler i\u00e7in \u00e7\u00f6z\u00fcmler sunuyoruz","og_url":"https:\/\/ds.dekopa.com.tr\/en\/product\/t3-moduler-aluminyum-lightbox-300x300-copy\/","og_site_name":"DEKOPA MOD\u00dcLER FUAR STANDLARI","article_publisher":"https:\/\/www.facebook.com\/dekopa.com.tr","article_modified_time":"2023-12-24T16:35:07+00:00","og_image":[{"width":1024,"height":1024,"url":"https:\/\/ds.dekopa.com.tr\/wp-content\/uploads\/T3-SYSTEMS-240X40-Moduler_fuar_stand_lightbox_standlar_istanbul_lightbox_kiralama_portable_lightbox_seg_ankara_lightbox_izmir_Antalya_lightbox13-1024x1024.jpg","type":"image\/jpeg"}],"twitter_card":"summary_large_image","twitter_misc":{"Price":"","Availability":"In stock"},"schema":{"@context":"https:\/\/schema.org","@graph":[{"@type":"WebPage","@id":"https:\/\/ds.dekopa.com.tr\/urun\/t3-moduler-aluminyum-lightbox-300x300-copy\/","url":"https:\/\/ds.dekopa.com.tr\/urun\/t3-moduler-aluminyum-lightbox-300x300-copy\/","name":"T3 MOD\u00dcLER LIGHTBOX 300x300cm - DEKOPA MOD\u00dcLER FUAR STANDLARI Mod\u00fcler Lightbox Sistemleri","isPartOf":{"@id":"https:\/\/ds.dekopa.com.tr\/#website"},"primaryImageOfPage":{"@id":"https:\/\/ds.dekopa.com.tr\/urun\/t3-moduler-aluminyum-lightbox-300x300-copy\/#primaryimage"},"image":{"@id":"https:\/\/ds.dekopa.com.tr\/urun\/t3-moduler-aluminyum-lightbox-300x300-copy\/#primaryimage"},"thumbnailUrl":"https:\/\/ds.dekopa.com.tr\/wp-content\/uploads\/T3-SYSTEMS-240X40-Moduler_fuar_stand_lightbox_standlar_istanbul_lightbox_kiralama_portable_lightbox_seg_ankara_lightbox_izmir_Antalya_lightbox13.jpg","datePublished":"2023-12-24T12:32:15+00:00","dateModified":"2023-12-24T16:35:07+00:00","description":"300x300 mod\u00fcler lightbox \u00fcr\u00fcnlerimiz ile tan\u0131\u015f\u0131n.\u2028Mod\u00fcler Lightbox yada backdrop \u00fcr\u00fcnlerimiz ile Yurti\u00e7i ve yurtd\u0131\u015f\u0131 etkinlikler i\u00e7in \u00e7\u00f6z\u00fcmler sunuyoruz","breadcrumb":{"@id":"https:\/\/ds.dekopa.com.tr\/urun\/t3-moduler-aluminyum-lightbox-300x300-copy\/#breadcrumb"},"inLanguage":"en-US","potentialAction":[{"@type":"ReadAction","target":["https:\/\/ds.dekopa.com.tr\/urun\/t3-moduler-aluminyum-lightbox-300x300-copy\/"]}]},{"@type":"ImageObject","inLanguage":"en-US","@id":"https:\/\/ds.dekopa.com.tr\/urun\/t3-moduler-aluminyum-lightbox-300x300-copy\/#primaryimage","url":"https:\/\/ds.dekopa.com.tr\/wp-content\/uploads\/T3-SYSTEMS-240X40-Moduler_fuar_stand_lightbox_standlar_istanbul_lightbox_kiralama_portable_lightbox_seg_ankara_lightbox_izmir_Antalya_lightbox13.jpg","contentUrl":"https:\/\/ds.dekopa.com.tr\/wp-content\/uploads\/T3-SYSTEMS-240X40-Moduler_fuar_stand_lightbox_standlar_istanbul_lightbox_kiralama_portable_lightbox_seg_ankara_lightbox_izmir_Antalya_lightbox13.jpg","width":2160,"height":2160,"caption":"T3 SYSTEMS 240X40 Moduler fuar stand lightbox standlar istanbul lightbox kiralama portable lightbox seg ankara lightbox izmir Antalya lightbox13"},{"@type":"BreadcrumbList","@id":"https:\/\/ds.dekopa.com.tr\/urun\/t3-moduler-aluminyum-lightbox-300x300-copy\/#breadcrumb","itemListElement":[{"@type":"ListItem","position":1,"name":"Ana sayfa","item":"https:\/\/ds.dekopa.com.tr\/"},{"@type":"ListItem","position":2,"name":"Mod\u00fcler Standlar","item":"https:\/\/ds.dekopa.com.tr\/moduler_standlar\/"},{"@type":"ListItem","position":3,"name":"T3 MOD\u00dcLER LIGHTBOX 300x300cm"}]},{"@type":"WebSite","@id":"https:\/\/ds.dekopa.com.tr\/#website","url":"https:\/\/ds.dekopa.com.tr\/","name":"Dekopa Dijital Bask\u0131","description":"MOD\u00dcLER FUAR VE KONGRE S\u0130STEMLER\u0130","publisher":{"@id":"https:\/\/ds.dekopa.com.tr\/#organization"},"potentialAction":[{"@type":"SearchAction","target":{"@type":"EntryPoint","urlTemplate":"https:\/\/ds.dekopa.com.tr\/?s={search_term_string}"},"query-input":{"@type":"PropertyValueSpecification","valueRequired":true,"valueName":"search_term_string"}}],"inLanguage":"en-US"},{"@type":"Organization","@id":"https:\/\/ds.dekopa.com.tr\/#organization","name":"Dekopa Display - UV Bask\u0131","url":"https:\/\/ds.dekopa.com.tr\/","logo":{"@type":"ImageObject","inLanguage":"en-US","@id":"https:\/\/ds.dekopa.com.tr\/#\/schema\/logo\/image\/","url":"https:\/\/ds.dekopa.com.tr\/wp-content\/uploads\/2020\/12\/dekopa_logo-copy-1.jpg","contentUrl":"https:\/\/ds.dekopa.com.tr\/wp-content\/uploads\/2020\/12\/dekopa_logo-copy-1.jpg","width":200,"height":80,"caption":"Dekopa Display - UV Bask\u0131"},"image":{"@id":"https:\/\/ds.dekopa.com.tr\/#\/schema\/logo\/image\/"},"sameAs":["https:\/\/www.facebook.com\/dekopa.com.tr","https:\/\/www.instagram.com\/dekopa_print\/","https:\/\/tr.pinterest.com\/DekopaDesing\/","https:\/\/www.youtube.com\/channel\/UCchP6AzeKOz_2L5SQ8l10mA\/"]}]},"product_price_currency":"USD","og_availability":"instock","product_availability":"instock","product_condition":"new"},"_links":{"self":[{"href":"https:\/\/ds.dekopa.com.tr\/en\/wp-json\/wp\/v2\/product\/7125","targetHints":{"allow":["GET"]}}],"collection":[{"href":"https:\/\/ds.dekopa.com.tr\/en\/wp-json\/wp\/v2\/product"}],"about":[{"href":"https:\/\/ds.dekopa.com.tr\/en\/wp-json\/wp\/v2\/types\/product"}],"replies":[{"embeddable":true,"href":"https:\/\/ds.dekopa.com.tr\/en\/wp-json\/wp\/v2\/comments?post=7125"}],"wp:featuredmedia":[{"embeddable":true,"href":"https:\/\/ds.dekopa.com.tr\/en\/wp-json\/wp\/v2\/media\/7102"}],"wp:attachment":[{"href":"https:\/\/ds.dekopa.com.tr\/en\/wp-json\/wp\/v2\/media?parent=7125"}],"wp:term":[{"taxonomy":"product_brand","embeddable":true,"href":"https:\/\/ds.dekopa.com.tr\/en\/wp-json\/wp\/v2\/product_brand?post=7125"},{"taxonomy":"product_cat","embeddable":true,"href":"https:\/\/ds.dekopa.com.tr\/en\/wp-json\/wp\/v2\/product_cat?post=7125"},{"taxonomy":"product_tag","embeddable":true,"href":"https:\/\/ds.dekopa.com.tr\/en\/wp-json\/wp\/v2\/product_tag?post=7125"}],"curies":[{"name":"wp","href":"https:\/\/api.w.org\/{rel}","templated":true}]}}