{"id":623,"date":"2023-11-01T09:28:58","date_gmt":"2023-11-01T09:28:58","guid":{"rendered":"https:\/\/startersites.io\/blocksy\/cosmetic\/?post_type=product&amp;p=623"},"modified":"2023-11-01T09:28:58","modified_gmt":"2023-11-01T09:28:58","slug":"posuere-sollicitudin","status":"publish","type":"product","link":"https:\/\/ds.dekopa.com.tr\/en\/product\/posuere-sollicitudin\/","title":{"rendered":"Posuere Sollicitudin"},"content":{"rendered":"<p>Fermentum odio eu feugiat pretium nibh ipsum consequat nisl vel. Vivamus arcu felis bibendum ut tristique et egestas. Vestibulum morbi blandit cursus risus. Enim ut tellus elementum sagittis vitae et leo duis. Metus dictum at tempor commodo ullamcorper a lacus vestibulum sed. Posuere sollicitudin aliquam ultrices sagittis orci a scelerisque purus semper. Leo integer malesuada nunc vel risus commodo viverra maecenas accumsan.<\/p>\n<p>Viverra adipiscing at in tellus integer. Volutpat diam ut venenatis tellus in metus vulputate eu. Pellentesque id nibh tortor id aliquet lectus proin. Volutpat sed cras ornare arcu dui vivamus. Non consectetur a erat nam at lectus. Euismod elementum nisi quis eleifend quam. Neque vitae tempus quam pellentesque nec nam aliquam. Mattis nunc sed blandit libero volutpat sed cras ornare.<\/p>\n<div id=\"output\" class=\"page-generator__output js-generator-output\">\n<p>Lorem ipsum dolor sit amet, consectetur adipiscing elit, sed do eiusmod tempor incididunt ut labore et dolore magna aliqua. Risus sed vulputate odio ut enim blandit volutpat maecenas volutpat. Vestibulum rhoncus est pellentesque elit ullamcorper dignissim cras tincidunt lobortis. Sit amet luctus venenatis lectus magna. Egestas maecenas pharetra convallis posuere morbi. Id aliquet risus feugiat in ante metus dictum. Tellus molestie nunc non blandit massa. Scelerisque varius morbi enim nunc. Interdum velit euismod in pellentesque massa placerat. Tincidunt eget nullam non nisi est sit. Nec ullamcorper sit amet risus nullam eget felis. Vitae turpis massa sed elementum tempus egestas sed sed. Vulputate eu scelerisque felis imperdiet proin fermentum leo vel.<\/p>\n<\/div>","protected":false},"excerpt":{"rendered":"<p>Pellentesque id nibh tortor id aliquet lectus proin. Volutpat sed cras ornare arcu dui vivamus. Non consectetur a erat nam at lectus. Euismod elementum nisi quis eleifend quam. Neque vitae tempus quam pellentesque nec nam aliquam. Mattis nunc sed blandit libero volutpat sed cras ornare.<\/p>\n<p>At lectus urna duis convallis convallis tellus id. Tellus in metus vulputate eu scelerisque felis. Ut tellus elementum sagittis vitae et leo duis ut diam.<\/p>","protected":false},"featured_media":624,"comment_status":"open","ping_status":"closed","template":"","meta":[],"product_brand":[],"product_cat":[965],"product_tag":[],"class_list":{"0":"post-623","1":"product","2":"type-product","3":"status-publish","4":"has-post-thumbnail","6":"product_cat-face","8":"first","9":"instock","10":"shipping-taxable","11":"purchasable","12":"product-type-variable"},"yoast_head":"<!-- This site is optimized with the Yoast SEO Premium plugin v25.3.1 (Yoast SEO v27.4) - https:\/\/yoast.com\/product\/yoast-seo-premium-wordpress\/ -->\n<title>Posuere Sollicitudin - DEKOPA MOD\u00dcLER FUAR STANDLARI<\/title>\n<meta name=\"robots\" content=\"index, follow, max-snippet:-1, max-image-preview:large, max-video-preview:-1\" \/>\n<link rel=\"canonical\" href=\"https:\/\/ds.dekopa.com.tr\/en\/product\/posuere-sollicitudin\/\" \/>\n<meta property=\"og:locale\" content=\"en_US\" \/>\n<meta property=\"og:type\" content=\"article\" \/>\n<meta property=\"og:title\" content=\"Posuere Sollicitudin\" \/>\n<meta property=\"og:description\" content=\"Pellentesque id nibh tortor id aliquet lectus proin. Volutpat sed cras ornare arcu dui vivamus. Non consectetur a erat nam at lectus. Euismod elementum nisi quis eleifend quam. Neque vitae tempus quam pellentesque nec nam aliquam. Mattis nunc sed blandit libero volutpat sed cras ornare. At lectus urna duis convallis convallis tellus id. Tellus in metus vulputate eu scelerisque felis. Ut tellus elementum sagittis vitae et leo duis ut diam.\" \/>\n<meta property=\"og:url\" content=\"https:\/\/ds.dekopa.com.tr\/en\/product\/posuere-sollicitudin\/\" \/>\n<meta property=\"og:site_name\" content=\"DEKOPA MOD\u00dcLER FUAR STANDLARI\" \/>\n<meta property=\"article:publisher\" content=\"https:\/\/www.facebook.com\/dekopa.com.tr\" \/>\n<meta name=\"twitter:card\" content=\"summary_large_image\" \/>\n<meta name=\"twitter:label1\" content=\"Availability\" \/>\n\t<meta name=\"twitter:data1\" content=\"In stock\" \/>\n<script type=\"application\/ld+json\" class=\"yoast-schema-graph\">{\"@context\":\"https:\\\/\\\/schema.org\",\"@graph\":[{\"@type\":\"WebPage\",\"@id\":\"https:\\\/\\\/ds.dekopa.com.tr\\\/urun\\\/posuere-sollicitudin\\\/\",\"url\":\"https:\\\/\\\/ds.dekopa.com.tr\\\/urun\\\/posuere-sollicitudin\\\/\",\"name\":\"Posuere Sollicitudin - DEKOPA MOD\u00dcLER FUAR STANDLARI\",\"isPartOf\":{\"@id\":\"https:\\\/\\\/ds.dekopa.com.tr\\\/#website\"},\"primaryImageOfPage\":{\"@id\":\"https:\\\/\\\/ds.dekopa.com.tr\\\/urun\\\/posuere-sollicitudin\\\/#primaryimage\"},\"image\":{\"@id\":\"https:\\\/\\\/ds.dekopa.com.tr\\\/urun\\\/posuere-sollicitudin\\\/#primaryimage\"},\"thumbnailUrl\":\"https:\\\/\\\/ds.dekopa.com.tr\\\/wp-content\\\/uploads\\\/2023\\\/11\\\/product-image-10.webp\",\"datePublished\":\"2023-11-01T09:28:58+00:00\",\"breadcrumb\":{\"@id\":\"https:\\\/\\\/ds.dekopa.com.tr\\\/urun\\\/posuere-sollicitudin\\\/#breadcrumb\"},\"inLanguage\":\"en-US\",\"potentialAction\":[{\"@type\":\"ReadAction\",\"target\":[\"https:\\\/\\\/ds.dekopa.com.tr\\\/urun\\\/posuere-sollicitudin\\\/\"]}]},{\"@type\":\"ImageObject\",\"inLanguage\":\"en-US\",\"@id\":\"https:\\\/\\\/ds.dekopa.com.tr\\\/urun\\\/posuere-sollicitudin\\\/#primaryimage\",\"url\":\"https:\\\/\\\/ds.dekopa.com.tr\\\/wp-content\\\/uploads\\\/2023\\\/11\\\/product-image-10.webp\",\"contentUrl\":\"https:\\\/\\\/ds.dekopa.com.tr\\\/wp-content\\\/uploads\\\/2023\\\/11\\\/product-image-10.webp\",\"width\":1260,\"height\":1800},{\"@type\":\"BreadcrumbList\",\"@id\":\"https:\\\/\\\/ds.dekopa.com.tr\\\/urun\\\/posuere-sollicitudin\\\/#breadcrumb\",\"itemListElement\":[{\"@type\":\"ListItem\",\"position\":1,\"name\":\"Ana sayfa\",\"item\":\"https:\\\/\\\/ds.dekopa.com.tr\\\/\"},{\"@type\":\"ListItem\",\"position\":2,\"name\":\"Mod\u00fcler Standlar\",\"item\":\"https:\\\/\\\/ds.dekopa.com.tr\\\/moduler_standlar\\\/\"},{\"@type\":\"ListItem\",\"position\":3,\"name\":\"Posuere Sollicitudin\"}]},{\"@type\":\"WebSite\",\"@id\":\"https:\\\/\\\/ds.dekopa.com.tr\\\/#website\",\"url\":\"https:\\\/\\\/ds.dekopa.com.tr\\\/\",\"name\":\"Dekopa Dijital Bask\u0131\",\"description\":\"MOD\u00dcLER FUAR VE KONGRE S\u0130STEMLER\u0130\",\"publisher\":{\"@id\":\"https:\\\/\\\/ds.dekopa.com.tr\\\/#organization\"},\"potentialAction\":[{\"@type\":\"SearchAction\",\"target\":{\"@type\":\"EntryPoint\",\"urlTemplate\":\"https:\\\/\\\/ds.dekopa.com.tr\\\/?s={search_term_string}\"},\"query-input\":{\"@type\":\"PropertyValueSpecification\",\"valueRequired\":true,\"valueName\":\"search_term_string\"}}],\"inLanguage\":\"en-US\"},{\"@type\":\"Organization\",\"@id\":\"https:\\\/\\\/ds.dekopa.com.tr\\\/#organization\",\"name\":\"Dekopa Display - UV Bask\u0131\",\"url\":\"https:\\\/\\\/ds.dekopa.com.tr\\\/\",\"logo\":{\"@type\":\"ImageObject\",\"inLanguage\":\"en-US\",\"@id\":\"https:\\\/\\\/ds.dekopa.com.tr\\\/#\\\/schema\\\/logo\\\/image\\\/\",\"url\":\"https:\\\/\\\/ds.dekopa.com.tr\\\/wp-content\\\/uploads\\\/2020\\\/12\\\/dekopa_logo-copy-1.jpg\",\"contentUrl\":\"https:\\\/\\\/ds.dekopa.com.tr\\\/wp-content\\\/uploads\\\/2020\\\/12\\\/dekopa_logo-copy-1.jpg\",\"width\":200,\"height\":80,\"caption\":\"Dekopa Display - UV Bask\u0131\"},\"image\":{\"@id\":\"https:\\\/\\\/ds.dekopa.com.tr\\\/#\\\/schema\\\/logo\\\/image\\\/\"},\"sameAs\":[\"https:\\\/\\\/www.facebook.com\\\/dekopa.com.tr\",\"https:\\\/\\\/www.instagram.com\\\/dekopa_print\\\/\",\"https:\\\/\\\/tr.pinterest.com\\\/DekopaDesing\\\/\",\"https:\\\/\\\/www.youtube.com\\\/channel\\\/UCchP6AzeKOz_2L5SQ8l10mA\\\/\"]}]}<\/script>\n<meta property=\"og:availability\" content=\"instock\" \/>\n<meta property=\"product:availability\" content=\"instock\" \/>\n<meta property=\"product:condition\" content=\"new\" \/>\n<!-- \/ Yoast SEO Premium plugin. -->","yoast_head_json":{"title":"Posuere Sollicitudin - DEKOPA MOD\u00dcLER FUAR STANDLARI","robots":{"index":"index","follow":"follow","max-snippet":"max-snippet:-1","max-image-preview":"max-image-preview:large","max-video-preview":"max-video-preview:-1"},"canonical":"https:\/\/ds.dekopa.com.tr\/en\/product\/posuere-sollicitudin\/","og_locale":"en_US","og_type":"article","og_title":"Posuere Sollicitudin","og_description":"Pellentesque id nibh tortor id aliquet lectus proin. Volutpat sed cras ornare arcu dui vivamus. Non consectetur a erat nam at lectus. Euismod elementum nisi quis eleifend quam. Neque vitae tempus quam pellentesque nec nam aliquam. Mattis nunc sed blandit libero volutpat sed cras ornare. At lectus urna duis convallis convallis tellus id. Tellus in metus vulputate eu scelerisque felis. Ut tellus elementum sagittis vitae et leo duis ut diam.","og_url":"https:\/\/ds.dekopa.com.tr\/en\/product\/posuere-sollicitudin\/","og_site_name":"DEKOPA MOD\u00dcLER FUAR STANDLARI","article_publisher":"https:\/\/www.facebook.com\/dekopa.com.tr","twitter_card":"summary_large_image","twitter_misc":{"Availability":"In stock"},"schema":{"@context":"https:\/\/schema.org","@graph":[{"@type":"WebPage","@id":"https:\/\/ds.dekopa.com.tr\/urun\/posuere-sollicitudin\/","url":"https:\/\/ds.dekopa.com.tr\/urun\/posuere-sollicitudin\/","name":"Posuere Sollicitudin - DEKOPA MOD\u00dcLER FUAR STANDLARI","isPartOf":{"@id":"https:\/\/ds.dekopa.com.tr\/#website"},"primaryImageOfPage":{"@id":"https:\/\/ds.dekopa.com.tr\/urun\/posuere-sollicitudin\/#primaryimage"},"image":{"@id":"https:\/\/ds.dekopa.com.tr\/urun\/posuere-sollicitudin\/#primaryimage"},"thumbnailUrl":"https:\/\/ds.dekopa.com.tr\/wp-content\/uploads\/2023\/11\/product-image-10.webp","datePublished":"2023-11-01T09:28:58+00:00","breadcrumb":{"@id":"https:\/\/ds.dekopa.com.tr\/urun\/posuere-sollicitudin\/#breadcrumb"},"inLanguage":"en-US","potentialAction":[{"@type":"ReadAction","target":["https:\/\/ds.dekopa.com.tr\/urun\/posuere-sollicitudin\/"]}]},{"@type":"ImageObject","inLanguage":"en-US","@id":"https:\/\/ds.dekopa.com.tr\/urun\/posuere-sollicitudin\/#primaryimage","url":"https:\/\/ds.dekopa.com.tr\/wp-content\/uploads\/2023\/11\/product-image-10.webp","contentUrl":"https:\/\/ds.dekopa.com.tr\/wp-content\/uploads\/2023\/11\/product-image-10.webp","width":1260,"height":1800},{"@type":"BreadcrumbList","@id":"https:\/\/ds.dekopa.com.tr\/urun\/posuere-sollicitudin\/#breadcrumb","itemListElement":[{"@type":"ListItem","position":1,"name":"Ana sayfa","item":"https:\/\/ds.dekopa.com.tr\/"},{"@type":"ListItem","position":2,"name":"Mod\u00fcler Standlar","item":"https:\/\/ds.dekopa.com.tr\/moduler_standlar\/"},{"@type":"ListItem","position":3,"name":"Posuere Sollicitudin"}]},{"@type":"WebSite","@id":"https:\/\/ds.dekopa.com.tr\/#website","url":"https:\/\/ds.dekopa.com.tr\/","name":"Dekopa Dijital Bask\u0131","description":"MOD\u00dcLER FUAR VE KONGRE S\u0130STEMLER\u0130","publisher":{"@id":"https:\/\/ds.dekopa.com.tr\/#organization"},"potentialAction":[{"@type":"SearchAction","target":{"@type":"EntryPoint","urlTemplate":"https:\/\/ds.dekopa.com.tr\/?s={search_term_string}"},"query-input":{"@type":"PropertyValueSpecification","valueRequired":true,"valueName":"search_term_string"}}],"inLanguage":"en-US"},{"@type":"Organization","@id":"https:\/\/ds.dekopa.com.tr\/#organization","name":"Dekopa Display - UV Bask\u0131","url":"https:\/\/ds.dekopa.com.tr\/","logo":{"@type":"ImageObject","inLanguage":"en-US","@id":"https:\/\/ds.dekopa.com.tr\/#\/schema\/logo\/image\/","url":"https:\/\/ds.dekopa.com.tr\/wp-content\/uploads\/2020\/12\/dekopa_logo-copy-1.jpg","contentUrl":"https:\/\/ds.dekopa.com.tr\/wp-content\/uploads\/2020\/12\/dekopa_logo-copy-1.jpg","width":200,"height":80,"caption":"Dekopa Display - UV Bask\u0131"},"image":{"@id":"https:\/\/ds.dekopa.com.tr\/#\/schema\/logo\/image\/"},"sameAs":["https:\/\/www.facebook.com\/dekopa.com.tr","https:\/\/www.instagram.com\/dekopa_print\/","https:\/\/tr.pinterest.com\/DekopaDesing\/","https:\/\/www.youtube.com\/channel\/UCchP6AzeKOz_2L5SQ8l10mA\/"]}]},"og_availability":"instock","product_availability":"instock","product_condition":"new"},"_links":{"self":[{"href":"https:\/\/ds.dekopa.com.tr\/en\/wp-json\/wp\/v2\/product\/623","targetHints":{"allow":["GET"]}}],"collection":[{"href":"https:\/\/ds.dekopa.com.tr\/en\/wp-json\/wp\/v2\/product"}],"about":[{"href":"https:\/\/ds.dekopa.com.tr\/en\/wp-json\/wp\/v2\/types\/product"}],"replies":[{"embeddable":true,"href":"https:\/\/ds.dekopa.com.tr\/en\/wp-json\/wp\/v2\/comments?post=623"}],"wp:featuredmedia":[{"embeddable":true,"href":"https:\/\/ds.dekopa.com.tr\/en\/wp-json\/wp\/v2\/media\/624"}],"wp:attachment":[{"href":"https:\/\/ds.dekopa.com.tr\/en\/wp-json\/wp\/v2\/media?parent=623"}],"wp:term":[{"taxonomy":"product_brand","embeddable":true,"href":"https:\/\/ds.dekopa.com.tr\/en\/wp-json\/wp\/v2\/product_brand?post=623"},{"taxonomy":"product_cat","embeddable":true,"href":"https:\/\/ds.dekopa.com.tr\/en\/wp-json\/wp\/v2\/product_cat?post=623"},{"taxonomy":"product_tag","embeddable":true,"href":"https:\/\/ds.dekopa.com.tr\/en\/wp-json\/wp\/v2\/product_tag?post=623"}],"curies":[{"name":"wp","href":"https:\/\/api.w.org\/{rel}","templated":true}]}}