{"id":14163,"date":"2025-11-20T17:16:34","date_gmt":"2025-11-20T14:16:34","guid":{"rendered":"https:\/\/ds.dekopa.com.tr\/?post_type=product&#038;p=14163"},"modified":"2025-11-22T11:24:44","modified_gmt":"2025-11-22T08:24:44","slug":"ds10038-700x400-cm-3-cephe-kapali-2","status":"publish","type":"product","link":"https:\/\/ds.dekopa.com.tr\/en\/product\/ds10038-700x400-cm-3-cephe-kapali-2\/","title":{"rendered":"DS10038 700\u00d7400 cm 3 cephe kapal\u0131 2 | Mod\u00fcler Lightbox Kongre &#038; Fuar Stand\u0131 ( 28 m\u00b2)"},"content":{"rendered":"<p>&nbsp;<\/p>\n<h2 data-start=\"923\" data-end=\"985\"><img fetchpriority=\"high\" decoding=\"async\" class=\"alignnone wp-image-13992\" src=\"https:\/\/ds.dekopa.com.tr\/wp-content\/uploads\/Moduler-Lightbox-Kongre-Fuar-Standi-5-219x300.jpg\" alt=\"\" width=\"211\" height=\"289\" srcset=\"https:\/\/ds.dekopa.com.tr\/wp-content\/uploads\/Moduler-Lightbox-Kongre-Fuar-Standi-5-219x300.jpg 219w, https:\/\/ds.dekopa.com.tr\/wp-content\/uploads\/Moduler-Lightbox-Kongre-Fuar-Standi-5-109x150.jpg 109w, https:\/\/ds.dekopa.com.tr\/wp-content\/uploads\/Moduler-Lightbox-Kongre-Fuar-Standi-5-9x12.jpg 9w, https:\/\/ds.dekopa.com.tr\/wp-content\/uploads\/Moduler-Lightbox-Kongre-Fuar-Standi-5-600x822.jpg 600w, https:\/\/ds.dekopa.com.tr\/wp-content\/uploads\/Moduler-Lightbox-Kongre-Fuar-Standi-5.jpg 747w\" sizes=\"(max-width: 211px) 100vw, 211px\" \/> <img decoding=\"async\" class=\"alignnone wp-image-13991\" src=\"https:\/\/ds.dekopa.com.tr\/wp-content\/uploads\/Moduler-Lightbox-Kongre-Fuar-Standi-4-219x300.jpg\" alt=\"\" width=\"212\" height=\"290\" srcset=\"https:\/\/ds.dekopa.com.tr\/wp-content\/uploads\/Moduler-Lightbox-Kongre-Fuar-Standi-4-219x300.jpg 219w, https:\/\/ds.dekopa.com.tr\/wp-content\/uploads\/Moduler-Lightbox-Kongre-Fuar-Standi-4-109x150.jpg 109w, https:\/\/ds.dekopa.com.tr\/wp-content\/uploads\/Moduler-Lightbox-Kongre-Fuar-Standi-4-9x12.jpg 9w, https:\/\/ds.dekopa.com.tr\/wp-content\/uploads\/Moduler-Lightbox-Kongre-Fuar-Standi-4-600x822.jpg 600w, https:\/\/ds.dekopa.com.tr\/wp-content\/uploads\/Moduler-Lightbox-Kongre-Fuar-Standi-4.jpg 747w\" sizes=\"(max-width: 212px) 100vw, 212px\" \/> <img decoding=\"async\" class=\"alignnone wp-image-13993\" src=\"https:\/\/ds.dekopa.com.tr\/wp-content\/uploads\/Moduler-Lightbox-Kongre-Fuar-Standi-6-219x300.jpg\" alt=\"\" width=\"212\" height=\"290\" srcset=\"https:\/\/ds.dekopa.com.tr\/wp-content\/uploads\/Moduler-Lightbox-Kongre-Fuar-Standi-6-219x300.jpg 219w, https:\/\/ds.dekopa.com.tr\/wp-content\/uploads\/Moduler-Lightbox-Kongre-Fuar-Standi-6-109x150.jpg 109w, https:\/\/ds.dekopa.com.tr\/wp-content\/uploads\/Moduler-Lightbox-Kongre-Fuar-Standi-6-9x12.jpg 9w, https:\/\/ds.dekopa.com.tr\/wp-content\/uploads\/Moduler-Lightbox-Kongre-Fuar-Standi-6-600x822.jpg 600w, https:\/\/ds.dekopa.com.tr\/wp-content\/uploads\/Moduler-Lightbox-Kongre-Fuar-Standi-6.jpg 747w\" sizes=\"(max-width: 212px) 100vw, 212px\" \/> <img loading=\"lazy\" decoding=\"async\" class=\"alignnone wp-image-13990\" src=\"https:\/\/ds.dekopa.com.tr\/wp-content\/uploads\/Moduler-Lightbox-Kongre-Fuar-Standi-3-1-219x300.jpg\" alt=\"\" width=\"210\" height=\"288\" srcset=\"https:\/\/ds.dekopa.com.tr\/wp-content\/uploads\/Moduler-Lightbox-Kongre-Fuar-Standi-3-1-219x300.jpg 219w, https:\/\/ds.dekopa.com.tr\/wp-content\/uploads\/Moduler-Lightbox-Kongre-Fuar-Standi-3-1-109x150.jpg 109w, https:\/\/ds.dekopa.com.tr\/wp-content\/uploads\/Moduler-Lightbox-Kongre-Fuar-Standi-3-1-9x12.jpg 9w, https:\/\/ds.dekopa.com.tr\/wp-content\/uploads\/Moduler-Lightbox-Kongre-Fuar-Standi-3-1-600x822.jpg 600w, https:\/\/ds.dekopa.com.tr\/wp-content\/uploads\/Moduler-Lightbox-Kongre-Fuar-Standi-3-1.jpg 747w\" sizes=\"(max-width: 210px) 100vw, 210px\" \/> <img loading=\"lazy\" decoding=\"async\" class=\"alignnone wp-image-13988\" src=\"https:\/\/ds.dekopa.com.tr\/wp-content\/uploads\/Moduler-Lightbox-Kongre-Fuar-Standi-1-219x300.jpg\" alt=\"\" width=\"211\" height=\"289\" srcset=\"https:\/\/ds.dekopa.com.tr\/wp-content\/uploads\/Moduler-Lightbox-Kongre-Fuar-Standi-1-219x300.jpg 219w, https:\/\/ds.dekopa.com.tr\/wp-content\/uploads\/Moduler-Lightbox-Kongre-Fuar-Standi-1-109x150.jpg 109w, https:\/\/ds.dekopa.com.tr\/wp-content\/uploads\/Moduler-Lightbox-Kongre-Fuar-Standi-1-9x12.jpg 9w, https:\/\/ds.dekopa.com.tr\/wp-content\/uploads\/Moduler-Lightbox-Kongre-Fuar-Standi-1-600x822.jpg 600w, https:\/\/ds.dekopa.com.tr\/wp-content\/uploads\/Moduler-Lightbox-Kongre-Fuar-Standi-1.jpg 747w\" sizes=\"(max-width: 211px) 100vw, 211px\" \/><\/h2>\n<h2 data-start=\"923\" data-end=\"985\"><strong data-start=\"925\" data-end=\"985\">Teknik \u00d6zellikler\u00a0<\/strong><\/h2>\n<p data-start=\"987\" data-end=\"1501\">\u2714 <strong data-start=\"989\" data-end=\"1012\">28 m\u00b2 kullan\u0131m alan\u0131<\/strong> \u2013 700\u00d7400 cm \u00f6l\u00e7\u00fcler<br data-start=\"1033\" data-end=\"1036\" \/>\u2714 <strong data-start=\"1038\" data-end=\"1064\">3 cepheli Mod\u00fcler Lightbox stand<\/strong>\u00a0<br data-start=\"1073\" data-end=\"1076\" \/>\u2714 <strong data-start=\"1078\" data-end=\"1097\">Aletsiz kurulum<\/strong> \u2013 tamamen mod\u00fcler yap\u0131<br data-start=\"1120\" data-end=\"1123\" \/>\u2714 <strong data-start=\"1125\" data-end=\"1150\">Osram LED teknolojisi<\/strong> ile y\u00fcksek parlakl\u0131k (1 y\u0131l garanti)<br data-start=\"1187\" data-end=\"1190\" \/>\u2714 <strong data-start=\"1192\" data-end=\"1215\">24V Universal trafo<\/strong> ile g\u00fcvenli enerji kullan\u0131m\u0131<br data-start=\"1244\" data-end=\"1247\" \/>\u2714 Hafif ve ta\u015f\u0131nabilir tasar\u0131m \u2013 u\u00e7ak, ara\u00e7 veya kargo ile kolay g\u00f6nderim<br data-start=\"1320\" data-end=\"1323\" \/>\u2714 UV bask\u0131l\u0131 lightbox kuma\u015f ile y\u00fcksek \u00e7\u00f6z\u00fcn\u00fcrl\u00fckl\u00fc g\u00f6rseller<br data-start=\"1384\" data-end=\"1387\" \/>\u2714 Ortalama 60 <strong data-start=\"1398\" data-end=\"1428\">dakika h\u0131zl\u0131 kurulum<\/strong><\/p>\n<p data-start=\"987\" data-end=\"1501\">\u2714 Fuar, kongre, showroom ve lansman alanlar\u0131 i\u00e7in profesyonel kullan\u0131m<\/p>\n<p data-start=\"987\" data-end=\"1501\">\u2714\u00c7anta \u00f6l\u00e7\u00fcs\u00fc: 25 \u00d7 30 \u00d7 128 cm<\/p>\n<hr data-start=\"2059\" data-end=\"2062\" \/>\n<h2 data-start=\"2064\" data-end=\"2083\"><strong data-start=\"2066\" data-end=\"2083\">Paket \u0130\u00e7eri\u011fi<\/strong><\/h2>\n<ul data-start=\"2085\" data-end=\"2328\">\n<li data-start=\"2085\" data-end=\"2118\">\n<p data-start=\"2087\" data-end=\"2118\">500\u00d7230 cm LED lightbox panel<\/p>\n<\/li>\n<li>200\u00d7230 cm LED lightbox panel<\/li>\n<\/ul>\n<ul>\n<li>400\u00d7230 cm LED lightbox panel<\/li>\n<li>400\u00d7230 cm LED lightbox panel<\/li>\n<\/ul>\n<ul data-start=\"2085\" data-end=\"2328\">\n<li>100\u00d7100 cm Lightbox banko (+350$)<\/li>\n<li data-start=\"2184\" data-end=\"2225\">\n<p data-start=\"2186\" data-end=\"2225\">Osram LED ayd\u0131nlatma seti + 24V trafo<\/p>\n<\/li>\n<li data-start=\"2260\" data-end=\"2309\">\n<p data-start=\"2262\" data-end=\"2309\">UV bask\u0131l\u0131 lightbox kuma\u015f\u0131 (tek\/\u00e7ift tarafl\u0131)<\/p>\n<\/li>\n<li data-start=\"2310\" data-end=\"2328\">\n<p data-start=\"2312\" data-end=\"2328\">Ta\u015f\u0131ma \u00e7antas\u0131<\/p>\n<\/li>\n<\/ul>\n<hr data-start=\"2330\" data-end=\"2333\" \/>\n<h2 data-start=\"2335\" data-end=\"2364\"><strong data-start=\"2337\" data-end=\"2364\">Ek Mod\u00fcller (Opsiyonel)<\/strong><\/h2>\n<ul data-start=\"2366\" data-end=\"2445\">\n<li data-start=\"2366\" data-end=\"2382\">\n<p data-start=\"2368\" data-end=\"2382\"><a href=\"https:\/\/ds.dekopa.com.tr\/en\/product\/moduler-zemin\/\">Zemin mod\u00fcl\u00fc<\/a><\/p>\n<\/li>\n<li data-start=\"2413\" data-end=\"2445\">\n<p data-start=\"2415\" data-end=\"2445\">50\u00d750\u00d750 cm lightbox k\u00fcp<\/p>\n<\/li>\n<\/ul>\n<hr data-start=\"1322\" data-end=\"1325\" \/>\n<h2 data-start=\"2335\" data-end=\"2364\"><strong data-start=\"2337\" data-end=\"2364\">Kiralama (Opsiyonel)<\/strong><\/h2>\n<p>\u00dcr\u00fcnlerimiz kiralama i\u00e7inde uygundur. Yer ve tarih bilgileri i\u00e7in l\u00fctfen bizimle ileti\u015fime ge\u00e7in.<\/p>\n<h2 data-start=\"2335\" data-end=\"2364\"><\/h2>\n<p><strong><a href=\"https:\/\/ds.dekopa.com.tr\/wp-content\/uploads\/DEKOPA_GENEL_KATALOG-1.pdf\">\u00dcr\u00fcn Katalo\u011fumuza g\u00f6zat\u0131n<\/a>\u2026. \/ <a href=\"https:\/\/ds.dekopa.com.tr\/en\/videolar\/\">DS Lightbox Kurulum Videolar\u0131<\/a><\/strong><\/p>\n<h2 data-start=\"2335\" data-end=\"2364\"><\/h2>\n<hr data-start=\"1322\" data-end=\"1325\" \/>\n<p data-start=\"1327\" data-end=\"1501\"><strong data-start=\"1330\" data-end=\"1404\">Teklif almak veya sipari\u015f olu\u015fturmak i\u00e7in bizimle hemen ileti\u015fime ge\u00e7.<\/strong><br data-start=\"1404\" data-end=\"1407\" \/><a href=\"https:\/\/ds.dekopa.com.tr\/en\/\">ds.dekopa.com.tr <\/a>| +90 216 599 01 07 | <a class=\"cursor-pointer\" rel=\"noopener\" data-start=\"1483\" data-end=\"1501\">info@dekopa.com.tr<\/a><\/p>","protected":false},"excerpt":{"rendered":"<p data-start=\"467\" data-end=\"706\"><strong>DS10038 700\u00d7400 cm 3 cephe kapal\u0131 2 ,<\/strong> modern fuar mimarisinin en etkili tan\u0131t\u0131m \u00e7\u00f6z\u00fcmlerinden biridir. Y\u00fcksek l\u00fcmenli LED ayd\u0131nlatma ve UV bask\u0131l\u0131 lightbox kuma\u015f\u0131 sayesinde markan\u0131z\u0131 profesyonel ve dikkat \u00e7ekici bir \u015fekilde \u00f6ne \u00e7\u0131kar\u0131r.<\/p>\n<p data-start=\"708\" data-end=\"916\">\u00c7ift tarafl\u0131 \u0131\u015f\u0131kl\u0131 yap\u0131s\u0131, hem i\u00e7 hem d\u0131\u015f mek\u00e2nda maksimum g\u00f6r\u00fcn\u00fcrl\u00fck sa\u011flar. Aletsiz kurulabilen mod\u00fcler sistemi ve ta\u015f\u0131nabilir hafif yap\u0131s\u0131 ile yurti\u00e7i ve yurtd\u0131\u015f\u0131 t\u00fcm etkinliklerde kolayca kullan\u0131labilir.<\/p>\n<h3 data-start=\"381\" data-end=\"426\"><\/h3>","protected":false},"featured_media":14034,"comment_status":"open","ping_status":"closed","template":"","meta":[],"product_brand":[],"product_cat":[979,624,521],"product_tag":[1244,1246,1248,1243,1247,1245],"class_list":{"0":"post-14163","1":"product","2":"type-product","3":"status-publish","4":"has-post-thumbnail","6":"product_cat-ds-moduler-lightbox","7":"product_cat-moduler-lightbox-setleri","8":"product_cat-urunler","9":"product_tag-isikli-kongre-standi","10":"product_tag-led-lightbox-stand","11":"product_tag-lightbox-kumas-baski","12":"product_tag-moduler-fuar-standi","13":"product_tag-moduler-toplama-stand","14":"product_tag-tasinabilir-lightbox","16":"first","17":"instock","18":"sale","19":"shipping-taxable","20":"purchasable","21":"product-type-simple"},"yoast_head":"<!-- This site is optimized with the Yoast SEO Premium plugin v25.3.1 (Yoast SEO v27.4) - https:\/\/yoast.com\/product\/yoast-seo-premium-wordpress\/ -->\n<title>DS10038 700\u00d7400 cm 3 cephe kapal\u0131 2 | Mod\u00fcler Lightbox Kongre &amp; Fuar Stand\u0131 ( 28 m\u00b2) - DEKOPA MOD\u00dcLER FUAR STANDLARI<\/title>\n<meta name=\"description\" content=\"700\u00d7400 cm Mod\u00fcler Lightbox Stand, fuar ve kongre alanlar\u0131nda maksimum g\u00f6r\u00fcn\u00fcrl\u00fck sa\u011flayan 8 m\u00b2 \u0131\u015f\u0131kl\u0131 stand \u00e7\u00f6z\u00fcm\u00fcd\u00fcr.\" \/>\n<meta name=\"robots\" content=\"index, follow, max-snippet:-1, max-image-preview:large, max-video-preview:-1\" \/>\n<link rel=\"canonical\" href=\"https:\/\/ds.dekopa.com.tr\/en\/product\/ds10038-700x400-cm-3-cephe-kapali-2\/\" \/>\n<meta property=\"og:locale\" content=\"en_US\" \/>\n<meta property=\"og:type\" content=\"article\" \/>\n<meta property=\"og:title\" content=\"DS10038 700\u00d7400 cm 3 cephe kapal\u0131 2 | Mod\u00fcler Lightbox Kongre &amp; Fuar Stand\u0131 ( 28 m\u00b2)\" \/>\n<meta property=\"og:description\" content=\"700\u00d7400 cm Mod\u00fcler Lightbox Stand, fuar ve kongre alanlar\u0131nda maksimum g\u00f6r\u00fcn\u00fcrl\u00fck sa\u011flayan 8 m\u00b2 \u0131\u015f\u0131kl\u0131 stand \u00e7\u00f6z\u00fcm\u00fcd\u00fcr.\" \/>\n<meta property=\"og:url\" content=\"https:\/\/ds.dekopa.com.tr\/en\/product\/ds10038-700x400-cm-3-cephe-kapali-2\/\" \/>\n<meta property=\"og:site_name\" content=\"DEKOPA MOD\u00dcLER FUAR STANDLARI\" \/>\n<meta property=\"article:publisher\" content=\"https:\/\/www.facebook.com\/dekopa.com.tr\" \/>\n<meta property=\"article:modified_time\" content=\"2025-11-22T08:24:44+00:00\" \/>\n<meta property=\"og:image\" content=\"https:\/\/ds.dekopa.com.tr\/wp-content\/uploads\/28-m2-474.jpg\" \/>\n\t<meta property=\"og:image:width\" content=\"2560\" \/>\n\t<meta property=\"og:image:height\" content=\"2560\" \/>\n\t<meta property=\"og:image:type\" content=\"image\/jpeg\" \/>\n<meta name=\"twitter:card\" content=\"summary_large_image\" \/>\n<meta name=\"twitter:label1\" content=\"Price\" \/>\n\t<meta name=\"twitter:data1\" content=\"&#036;3,870.00\" \/>\n\t<meta name=\"twitter:label2\" content=\"Availability\" \/>\n\t<meta name=\"twitter:data2\" content=\"In stock\" \/>\n<script type=\"application\/ld+json\" class=\"yoast-schema-graph\">{\"@context\":\"https:\\\/\\\/schema.org\",\"@graph\":[{\"@type\":\"WebPage\",\"@id\":\"https:\\\/\\\/ds.dekopa.com.tr\\\/urun\\\/ds10038-700x400-cm-3-cephe-kapali-2\\\/\",\"url\":\"https:\\\/\\\/ds.dekopa.com.tr\\\/urun\\\/ds10038-700x400-cm-3-cephe-kapali-2\\\/\",\"name\":\"DS10038 700\u00d7400 cm 3 cephe kapal\u0131 2 | Mod\u00fcler Lightbox Kongre & Fuar Stand\u0131 ( 28 m\u00b2) - DEKOPA MOD\u00dcLER FUAR STANDLARI\",\"isPartOf\":{\"@id\":\"https:\\\/\\\/ds.dekopa.com.tr\\\/#website\"},\"primaryImageOfPage\":{\"@id\":\"https:\\\/\\\/ds.dekopa.com.tr\\\/urun\\\/ds10038-700x400-cm-3-cephe-kapali-2\\\/#primaryimage\"},\"image\":{\"@id\":\"https:\\\/\\\/ds.dekopa.com.tr\\\/urun\\\/ds10038-700x400-cm-3-cephe-kapali-2\\\/#primaryimage\"},\"thumbnailUrl\":\"https:\\\/\\\/ds.dekopa.com.tr\\\/wp-content\\\/uploads\\\/28-m2-474.jpg\",\"datePublished\":\"2025-11-20T14:16:34+00:00\",\"dateModified\":\"2025-11-22T08:24:44+00:00\",\"description\":\"700\u00d7400 cm Mod\u00fcler Lightbox Stand, fuar ve kongre alanlar\u0131nda maksimum g\u00f6r\u00fcn\u00fcrl\u00fck sa\u011flayan 8 m\u00b2 \u0131\u015f\u0131kl\u0131 stand \u00e7\u00f6z\u00fcm\u00fcd\u00fcr.\",\"breadcrumb\":{\"@id\":\"https:\\\/\\\/ds.dekopa.com.tr\\\/urun\\\/ds10038-700x400-cm-3-cephe-kapali-2\\\/#breadcrumb\"},\"inLanguage\":\"en-US\",\"potentialAction\":[{\"@type\":\"ReadAction\",\"target\":[\"https:\\\/\\\/ds.dekopa.com.tr\\\/urun\\\/ds10038-700x400-cm-3-cephe-kapali-2\\\/\"]}]},{\"@type\":\"ImageObject\",\"inLanguage\":\"en-US\",\"@id\":\"https:\\\/\\\/ds.dekopa.com.tr\\\/urun\\\/ds10038-700x400-cm-3-cephe-kapali-2\\\/#primaryimage\",\"url\":\"https:\\\/\\\/ds.dekopa.com.tr\\\/wp-content\\\/uploads\\\/28-m2-474.jpg\",\"contentUrl\":\"https:\\\/\\\/ds.dekopa.com.tr\\\/wp-content\\\/uploads\\\/28-m2-474.jpg\",\"width\":2560,\"height\":2560,\"caption\":\"28 m2 4+7+4\"},{\"@type\":\"BreadcrumbList\",\"@id\":\"https:\\\/\\\/ds.dekopa.com.tr\\\/urun\\\/ds10038-700x400-cm-3-cephe-kapali-2\\\/#breadcrumb\",\"itemListElement\":[{\"@type\":\"ListItem\",\"position\":1,\"name\":\"Ana sayfa\",\"item\":\"https:\\\/\\\/ds.dekopa.com.tr\\\/\"},{\"@type\":\"ListItem\",\"position\":2,\"name\":\"Mod\u00fcler Standlar\",\"item\":\"https:\\\/\\\/ds.dekopa.com.tr\\\/moduler_standlar\\\/\"},{\"@type\":\"ListItem\",\"position\":3,\"name\":\"DS10038 700\u00d7400 cm 3 cephe kapal\u0131 2 | Mod\u00fcler Lightbox Kongre &#038; Fuar Stand\u0131 ( 28 m\u00b2)\"}]},{\"@type\":\"WebSite\",\"@id\":\"https:\\\/\\\/ds.dekopa.com.tr\\\/#website\",\"url\":\"https:\\\/\\\/ds.dekopa.com.tr\\\/\",\"name\":\"Dekopa Dijital Bask\u0131\",\"description\":\"MOD\u00dcLER FUAR VE KONGRE S\u0130STEMLER\u0130\",\"publisher\":{\"@id\":\"https:\\\/\\\/ds.dekopa.com.tr\\\/#organization\"},\"potentialAction\":[{\"@type\":\"SearchAction\",\"target\":{\"@type\":\"EntryPoint\",\"urlTemplate\":\"https:\\\/\\\/ds.dekopa.com.tr\\\/?s={search_term_string}\"},\"query-input\":{\"@type\":\"PropertyValueSpecification\",\"valueRequired\":true,\"valueName\":\"search_term_string\"}}],\"inLanguage\":\"en-US\"},{\"@type\":\"Organization\",\"@id\":\"https:\\\/\\\/ds.dekopa.com.tr\\\/#organization\",\"name\":\"Dekopa Display - UV Bask\u0131\",\"url\":\"https:\\\/\\\/ds.dekopa.com.tr\\\/\",\"logo\":{\"@type\":\"ImageObject\",\"inLanguage\":\"en-US\",\"@id\":\"https:\\\/\\\/ds.dekopa.com.tr\\\/#\\\/schema\\\/logo\\\/image\\\/\",\"url\":\"https:\\\/\\\/ds.dekopa.com.tr\\\/wp-content\\\/uploads\\\/2020\\\/12\\\/dekopa_logo-copy-1.jpg\",\"contentUrl\":\"https:\\\/\\\/ds.dekopa.com.tr\\\/wp-content\\\/uploads\\\/2020\\\/12\\\/dekopa_logo-copy-1.jpg\",\"width\":200,\"height\":80,\"caption\":\"Dekopa Display - UV Bask\u0131\"},\"image\":{\"@id\":\"https:\\\/\\\/ds.dekopa.com.tr\\\/#\\\/schema\\\/logo\\\/image\\\/\"},\"sameAs\":[\"https:\\\/\\\/www.facebook.com\\\/dekopa.com.tr\",\"https:\\\/\\\/www.instagram.com\\\/dekopa_print\\\/\",\"https:\\\/\\\/tr.pinterest.com\\\/DekopaDesing\\\/\",\"https:\\\/\\\/www.youtube.com\\\/channel\\\/UCchP6AzeKOz_2L5SQ8l10mA\\\/\"]}]}<\/script>\n<meta property=\"product:price:amount\" content=\"3870.00\" \/>\n<meta property=\"product:price:currency\" content=\"USD\" \/>\n<meta property=\"og:availability\" content=\"instock\" \/>\n<meta property=\"product:availability\" content=\"instock\" \/>\n<meta property=\"product:condition\" content=\"new\" \/>\n<!-- \/ Yoast SEO Premium plugin. -->","yoast_head_json":{"title":"DS10038 700\u00d7400 cm 3 cephe kapal\u0131 2 | Mod\u00fcler Lightbox Kongre & Fuar Stand\u0131 ( 28 m\u00b2) - DEKOPA MOD\u00dcLER FUAR STANDLARI","description":"700\u00d7400 cm Mod\u00fcler Lightbox Stand, fuar ve kongre alanlar\u0131nda maksimum g\u00f6r\u00fcn\u00fcrl\u00fck sa\u011flayan 8 m\u00b2 \u0131\u015f\u0131kl\u0131 stand \u00e7\u00f6z\u00fcm\u00fcd\u00fcr.","robots":{"index":"index","follow":"follow","max-snippet":"max-snippet:-1","max-image-preview":"max-image-preview:large","max-video-preview":"max-video-preview:-1"},"canonical":"https:\/\/ds.dekopa.com.tr\/en\/product\/ds10038-700x400-cm-3-cephe-kapali-2\/","og_locale":"en_US","og_type":"article","og_title":"DS10038 700\u00d7400 cm 3 cephe kapal\u0131 2 | Mod\u00fcler Lightbox Kongre & Fuar Stand\u0131 ( 28 m\u00b2)","og_description":"700\u00d7400 cm Mod\u00fcler Lightbox Stand, fuar ve kongre alanlar\u0131nda maksimum g\u00f6r\u00fcn\u00fcrl\u00fck sa\u011flayan 8 m\u00b2 \u0131\u015f\u0131kl\u0131 stand \u00e7\u00f6z\u00fcm\u00fcd\u00fcr.","og_url":"https:\/\/ds.dekopa.com.tr\/en\/product\/ds10038-700x400-cm-3-cephe-kapali-2\/","og_site_name":"DEKOPA MOD\u00dcLER FUAR STANDLARI","article_publisher":"https:\/\/www.facebook.com\/dekopa.com.tr","article_modified_time":"2025-11-22T08:24:44+00:00","og_image":[{"width":2560,"height":2560,"url":"https:\/\/ds.dekopa.com.tr\/wp-content\/uploads\/28-m2-474.jpg","type":"image\/jpeg"}],"twitter_card":"summary_large_image","twitter_misc":{"Price":"&#36;3,870.00","Availability":"In stock"},"schema":{"@context":"https:\/\/schema.org","@graph":[{"@type":"WebPage","@id":"https:\/\/ds.dekopa.com.tr\/urun\/ds10038-700x400-cm-3-cephe-kapali-2\/","url":"https:\/\/ds.dekopa.com.tr\/urun\/ds10038-700x400-cm-3-cephe-kapali-2\/","name":"DS10038 700\u00d7400 cm 3 cephe kapal\u0131 2 | Mod\u00fcler Lightbox Kongre & Fuar Stand\u0131 ( 28 m\u00b2) - DEKOPA MOD\u00dcLER FUAR STANDLARI","isPartOf":{"@id":"https:\/\/ds.dekopa.com.tr\/#website"},"primaryImageOfPage":{"@id":"https:\/\/ds.dekopa.com.tr\/urun\/ds10038-700x400-cm-3-cephe-kapali-2\/#primaryimage"},"image":{"@id":"https:\/\/ds.dekopa.com.tr\/urun\/ds10038-700x400-cm-3-cephe-kapali-2\/#primaryimage"},"thumbnailUrl":"https:\/\/ds.dekopa.com.tr\/wp-content\/uploads\/28-m2-474.jpg","datePublished":"2025-11-20T14:16:34+00:00","dateModified":"2025-11-22T08:24:44+00:00","description":"700\u00d7400 cm Mod\u00fcler Lightbox Stand, fuar ve kongre alanlar\u0131nda maksimum g\u00f6r\u00fcn\u00fcrl\u00fck sa\u011flayan 8 m\u00b2 \u0131\u015f\u0131kl\u0131 stand \u00e7\u00f6z\u00fcm\u00fcd\u00fcr.","breadcrumb":{"@id":"https:\/\/ds.dekopa.com.tr\/urun\/ds10038-700x400-cm-3-cephe-kapali-2\/#breadcrumb"},"inLanguage":"en-US","potentialAction":[{"@type":"ReadAction","target":["https:\/\/ds.dekopa.com.tr\/urun\/ds10038-700x400-cm-3-cephe-kapali-2\/"]}]},{"@type":"ImageObject","inLanguage":"en-US","@id":"https:\/\/ds.dekopa.com.tr\/urun\/ds10038-700x400-cm-3-cephe-kapali-2\/#primaryimage","url":"https:\/\/ds.dekopa.com.tr\/wp-content\/uploads\/28-m2-474.jpg","contentUrl":"https:\/\/ds.dekopa.com.tr\/wp-content\/uploads\/28-m2-474.jpg","width":2560,"height":2560,"caption":"28 m2 4+7+4"},{"@type":"BreadcrumbList","@id":"https:\/\/ds.dekopa.com.tr\/urun\/ds10038-700x400-cm-3-cephe-kapali-2\/#breadcrumb","itemListElement":[{"@type":"ListItem","position":1,"name":"Ana sayfa","item":"https:\/\/ds.dekopa.com.tr\/"},{"@type":"ListItem","position":2,"name":"Mod\u00fcler Standlar","item":"https:\/\/ds.dekopa.com.tr\/moduler_standlar\/"},{"@type":"ListItem","position":3,"name":"DS10038 700\u00d7400 cm 3 cephe kapal\u0131 2 | Mod\u00fcler Lightbox Kongre &#038; Fuar Stand\u0131 ( 28 m\u00b2)"}]},{"@type":"WebSite","@id":"https:\/\/ds.dekopa.com.tr\/#website","url":"https:\/\/ds.dekopa.com.tr\/","name":"Dekopa Dijital Bask\u0131","description":"MOD\u00dcLER FUAR VE KONGRE S\u0130STEMLER\u0130","publisher":{"@id":"https:\/\/ds.dekopa.com.tr\/#organization"},"potentialAction":[{"@type":"SearchAction","target":{"@type":"EntryPoint","urlTemplate":"https:\/\/ds.dekopa.com.tr\/?s={search_term_string}"},"query-input":{"@type":"PropertyValueSpecification","valueRequired":true,"valueName":"search_term_string"}}],"inLanguage":"en-US"},{"@type":"Organization","@id":"https:\/\/ds.dekopa.com.tr\/#organization","name":"Dekopa Display - UV Bask\u0131","url":"https:\/\/ds.dekopa.com.tr\/","logo":{"@type":"ImageObject","inLanguage":"en-US","@id":"https:\/\/ds.dekopa.com.tr\/#\/schema\/logo\/image\/","url":"https:\/\/ds.dekopa.com.tr\/wp-content\/uploads\/2020\/12\/dekopa_logo-copy-1.jpg","contentUrl":"https:\/\/ds.dekopa.com.tr\/wp-content\/uploads\/2020\/12\/dekopa_logo-copy-1.jpg","width":200,"height":80,"caption":"Dekopa Display - UV Bask\u0131"},"image":{"@id":"https:\/\/ds.dekopa.com.tr\/#\/schema\/logo\/image\/"},"sameAs":["https:\/\/www.facebook.com\/dekopa.com.tr","https:\/\/www.instagram.com\/dekopa_print\/","https:\/\/tr.pinterest.com\/DekopaDesing\/","https:\/\/www.youtube.com\/channel\/UCchP6AzeKOz_2L5SQ8l10mA\/"]}]},"product_price_amount":"3870.00","product_price_currency":"USD","og_availability":"instock","product_availability":"instock","product_condition":"new"},"_links":{"self":[{"href":"https:\/\/ds.dekopa.com.tr\/en\/wp-json\/wp\/v2\/product\/14163","targetHints":{"allow":["GET"]}}],"collection":[{"href":"https:\/\/ds.dekopa.com.tr\/en\/wp-json\/wp\/v2\/product"}],"about":[{"href":"https:\/\/ds.dekopa.com.tr\/en\/wp-json\/wp\/v2\/types\/product"}],"replies":[{"embeddable":true,"href":"https:\/\/ds.dekopa.com.tr\/en\/wp-json\/wp\/v2\/comments?post=14163"}],"wp:featuredmedia":[{"embeddable":true,"href":"https:\/\/ds.dekopa.com.tr\/en\/wp-json\/wp\/v2\/media\/14034"}],"wp:attachment":[{"href":"https:\/\/ds.dekopa.com.tr\/en\/wp-json\/wp\/v2\/media?parent=14163"}],"wp:term":[{"taxonomy":"product_brand","embeddable":true,"href":"https:\/\/ds.dekopa.com.tr\/en\/wp-json\/wp\/v2\/product_brand?post=14163"},{"taxonomy":"product_cat","embeddable":true,"href":"https:\/\/ds.dekopa.com.tr\/en\/wp-json\/wp\/v2\/product_cat?post=14163"},{"taxonomy":"product_tag","embeddable":true,"href":"https:\/\/ds.dekopa.com.tr\/en\/wp-json\/wp\/v2\/product_tag?post=14163"}],"curies":[{"name":"wp","href":"https:\/\/api.w.org\/{rel}","templated":true}]}}