{"id":13994,"date":"2025-11-16T21:56:16","date_gmt":"2025-11-16T18:56:16","guid":{"rendered":"https:\/\/ds.dekopa.com.tr\/?post_type=product&#038;p=13994"},"modified":"2025-11-16T22:09:25","modified_gmt":"2025-11-16T19:09:25","slug":"moduler-zemin","status":"publish","type":"product","link":"https:\/\/ds.dekopa.com.tr\/en\/product\/moduler-zemin\/","title":{"rendered":"DS10001  | Mod\u00fcler Zemin"},"content":{"rendered":"<p>&nbsp;<\/p>\n<h2 data-start=\"923\" data-end=\"985\"><img fetchpriority=\"high\" decoding=\"async\" class=\"alignnone wp-image-13991\" src=\"https:\/\/ds.dekopa.com.tr\/wp-content\/uploads\/Moduler-Lightbox-Kongre-Fuar-Standi-4-219x300.jpg\" alt=\"\" width=\"212\" height=\"290\" srcset=\"https:\/\/ds.dekopa.com.tr\/wp-content\/uploads\/Moduler-Lightbox-Kongre-Fuar-Standi-4-219x300.jpg 219w, https:\/\/ds.dekopa.com.tr\/wp-content\/uploads\/Moduler-Lightbox-Kongre-Fuar-Standi-4-109x150.jpg 109w, https:\/\/ds.dekopa.com.tr\/wp-content\/uploads\/Moduler-Lightbox-Kongre-Fuar-Standi-4-9x12.jpg 9w, https:\/\/ds.dekopa.com.tr\/wp-content\/uploads\/Moduler-Lightbox-Kongre-Fuar-Standi-4-600x822.jpg 600w, https:\/\/ds.dekopa.com.tr\/wp-content\/uploads\/Moduler-Lightbox-Kongre-Fuar-Standi-4.jpg 747w\" sizes=\"(max-width: 212px) 100vw, 212px\" \/> <img decoding=\"async\" class=\"alignnone wp-image-13993\" src=\"https:\/\/ds.dekopa.com.tr\/wp-content\/uploads\/Moduler-Lightbox-Kongre-Fuar-Standi-6-219x300.jpg\" alt=\"\" width=\"212\" height=\"290\" srcset=\"https:\/\/ds.dekopa.com.tr\/wp-content\/uploads\/Moduler-Lightbox-Kongre-Fuar-Standi-6-219x300.jpg 219w, https:\/\/ds.dekopa.com.tr\/wp-content\/uploads\/Moduler-Lightbox-Kongre-Fuar-Standi-6-109x150.jpg 109w, https:\/\/ds.dekopa.com.tr\/wp-content\/uploads\/Moduler-Lightbox-Kongre-Fuar-Standi-6-9x12.jpg 9w, https:\/\/ds.dekopa.com.tr\/wp-content\/uploads\/Moduler-Lightbox-Kongre-Fuar-Standi-6-600x822.jpg 600w, https:\/\/ds.dekopa.com.tr\/wp-content\/uploads\/Moduler-Lightbox-Kongre-Fuar-Standi-6.jpg 747w\" sizes=\"(max-width: 212px) 100vw, 212px\" \/> <img decoding=\"async\" class=\"alignnone wp-image-13990\" src=\"https:\/\/ds.dekopa.com.tr\/wp-content\/uploads\/Moduler-Lightbox-Kongre-Fuar-Standi-3-1-219x300.jpg\" alt=\"\" width=\"210\" height=\"288\" srcset=\"https:\/\/ds.dekopa.com.tr\/wp-content\/uploads\/Moduler-Lightbox-Kongre-Fuar-Standi-3-1-219x300.jpg 219w, https:\/\/ds.dekopa.com.tr\/wp-content\/uploads\/Moduler-Lightbox-Kongre-Fuar-Standi-3-1-109x150.jpg 109w, https:\/\/ds.dekopa.com.tr\/wp-content\/uploads\/Moduler-Lightbox-Kongre-Fuar-Standi-3-1-9x12.jpg 9w, https:\/\/ds.dekopa.com.tr\/wp-content\/uploads\/Moduler-Lightbox-Kongre-Fuar-Standi-3-1-600x822.jpg 600w, https:\/\/ds.dekopa.com.tr\/wp-content\/uploads\/Moduler-Lightbox-Kongre-Fuar-Standi-3-1.jpg 747w\" sizes=\"(max-width: 210px) 100vw, 210px\" \/><\/h2>\n<h2 data-start=\"204\" data-end=\"245\"><strong data-start=\"208\" data-end=\"245\">Mod\u00fcler Zemin \u2013 Teknik \u00d6zellikler<\/strong><\/h2>\n<p>\u2714 DS Mod\u00fcler Lightbox standlar ile %100 uyumlu yap\u0131<br data-start=\"298\" data-end=\"301\" \/>\u2714 H\u0131zl\u0131 kurulum i\u00e7in mod\u00fcler ve aletsiz montaj<br data-start=\"347\" data-end=\"350\" \/>\u2714 Dayan\u0131kl\u0131, kaymaz y\u00fczey kaplamas\u0131<br data-start=\"436\" data-end=\"439\" \/>\u2714 Fuar, showroom ve lansman alanlar\u0131nda estetik b\u00fct\u00fcnl\u00fck sa\u011flar<br data-start=\"502\" data-end=\"505\" \/>\u2714 <strong data-start=\"515\" data-end=\"581\">\u0130stenilen t\u00fcm \u00f6l\u00e7\u00fclerde \u00fcretilebilir<\/strong><\/p>\n<p>\u2714 <strong data-start=\"691\" data-end=\"726\">I\u015f\u0131kl\u0131 zemin opsiyonu mevcuttur<\/strong><\/p>\n<h2 data-start=\"641\" data-end=\"664\"><strong data-start=\"645\" data-end=\"662\">Paket \u0130\u00e7eri\u011fi<\/strong><\/h2>\n<p data-start=\"665\" data-end=\"755\">\u2013 Mod\u00fcler zemin panelleri<br data-start=\"690\" data-end=\"693\" \/>\u2013 Ba\u011flant\u0131 aparatlar\u0131<\/p>\n<h2 data-start=\"757\" data-end=\"777\"><strong data-start=\"761\" data-end=\"775\">Avantajlar<\/strong><\/h2>\n<p data-start=\"778\" data-end=\"953\">\u2714 Stand alan\u0131n\u0131 daha profesyonel g\u00f6sterir<br data-start=\"819\" data-end=\"822\" \/>\u2714 Kablo ve altyap\u0131 gizleme imk\u00e2n\u0131<br data-start=\"855\" data-end=\"858\" \/>\u2714 Lightbox paneller ile ayn\u0131 mod\u00fcler mant\u0131kla geni\u015fletilebilir<br data-start=\"920\" data-end=\"923\" \/>\u2714 Kolay temizlenebilir y\u00fczey<\/p>\n<hr data-start=\"1322\" data-end=\"1325\" \/>\n<h2 data-start=\"2335\" data-end=\"2364\"><strong data-start=\"2337\" data-end=\"2364\">Kiralama (Opsiyonel)<\/strong><\/h2>\n<p>\u00dcr\u00fcnlerimiz kiralama i\u00e7inde uygundur. Yer ve tarih bilgileri i\u00e7in l\u00fctfen bizimle ileti\u015fime ge\u00e7in.<\/p>\n<h2 data-start=\"2335\" data-end=\"2364\"><\/h2>\n<p><strong><a href=\"https:\/\/ds.dekopa.com.tr\/wp-content\/uploads\/DEKOPA_GENEL_KATALOG-1.pdf\">\u00dcr\u00fcn Katalo\u011fumuza g\u00f6zat\u0131n<\/a>\u2026. \/ <a href=\"https:\/\/ds.dekopa.com.tr\/en\/videolar\/\">DS Lightbox Kurulum Videolar\u0131<\/a><\/strong><\/p>\n<h2 data-start=\"2335\" data-end=\"2364\"><\/h2>\n<hr data-start=\"1322\" data-end=\"1325\" \/>\n<p data-start=\"1327\" data-end=\"1501\"><strong data-start=\"1330\" data-end=\"1404\">Teklif almak veya sipari\u015f olu\u015fturmak i\u00e7in bizimle hemen ileti\u015fime ge\u00e7.<\/strong><br data-start=\"1404\" data-end=\"1407\" \/><a href=\"https:\/\/ds.dekopa.com.tr\/en\/\">ds.dekopa.com.tr <\/a>| +90 216 599 01 07 | <a class=\"cursor-pointer\" rel=\"noopener\" data-start=\"1483\" data-end=\"1501\">info@dekopa.com.tr<\/a><\/p>","protected":false},"excerpt":{"rendered":"<p data-start=\"467\" data-end=\"706\"><strong data-start=\"22\" data-end=\"39\">Mod\u00fcler Zemin<\/strong>, DS Mod\u00fcler Lightbox standlarla tam uyumlu, h\u0131zl\u0131 kurulabilen ve kaymaz y\u00fczeye sahip profesyonel bir zemin \u00e7\u00f6z\u00fcm\u00fcd\u00fcr. \u0130stenilen t\u00fcm \u00f6l\u00e7\u00fclerde \u00fcretilebilir ve opsiyonel \u0131\u015f\u0131kl\u0131 zemin se\u00e7ene\u011fiyle fuar, showroom ve lansman alanlar\u0131nda estetik bir b\u00fct\u00fcnl\u00fck sa\u011flar.<\/p>","protected":false},"featured_media":13995,"comment_status":"open","ping_status":"closed","template":"","meta":[],"product_brand":[],"product_cat":[979,624,521],"product_tag":[1296],"class_list":{"0":"post-13994","1":"product","2":"type-product","3":"status-publish","4":"has-post-thumbnail","6":"product_cat-ds-moduler-lightbox","7":"product_cat-moduler-lightbox-setleri","8":"product_cat-urunler","9":"product_tag-moduler-zemin","11":"first","12":"instock","13":"sale","14":"shipping-taxable","15":"purchasable","16":"product-type-simple"},"yoast_head":"<!-- This site is optimized with the Yoast SEO Premium plugin v25.3.1 (Yoast SEO v27.4) - https:\/\/yoast.com\/product\/yoast-seo-premium-wordpress\/ -->\n<title>DS10001 | Mod\u00fcler Zemin - DEKOPA MOD\u00dcLER FUAR STANDLARI<\/title>\n<meta name=\"description\" content=\"400\u00d7200 cm Mod\u00fcler Lightbox Stand, fuar ve kongre alanlar\u0131nda maksimum g\u00f6r\u00fcn\u00fcrl\u00fck sa\u011flayan 8 m\u00b2 \u0131\u015f\u0131kl\u0131 stand \u00e7\u00f6z\u00fcm\u00fcd\u00fcr. Aletsiz kurulan mod\u00fcler yap\u0131, Osram LED ayd\u0131nlatma, UV bask\u0131 ve 24V trafo ile y\u00fcksek performans sunar. 400\u00d7200 cm mod\u00fcler lightbox stand modeli, hem h\u0131zl\u0131 kurulum hem de ta\u015f\u0131nabilirlik a\u00e7\u0131s\u0131ndan profesyoneller i\u00e7in ideal \u00e7\u00f6z\u00fcmd\u00fcr.\" \/>\n<meta name=\"robots\" content=\"index, follow, max-snippet:-1, max-image-preview:large, max-video-preview:-1\" \/>\n<link rel=\"canonical\" href=\"https:\/\/ds.dekopa.com.tr\/en\/product\/moduler-zemin\/\" \/>\n<meta property=\"og:locale\" content=\"en_US\" \/>\n<meta property=\"og:type\" content=\"article\" \/>\n<meta property=\"og:title\" content=\"DS10001 | Mod\u00fcler Zemin\" \/>\n<meta property=\"og:description\" content=\"400\u00d7200 cm Mod\u00fcler Lightbox Stand, fuar ve kongre alanlar\u0131nda maksimum g\u00f6r\u00fcn\u00fcrl\u00fck sa\u011flayan 8 m\u00b2 \u0131\u015f\u0131kl\u0131 stand \u00e7\u00f6z\u00fcm\u00fcd\u00fcr. Aletsiz kurulan mod\u00fcler yap\u0131, Osram LED ayd\u0131nlatma, UV bask\u0131 ve 24V trafo ile y\u00fcksek performans sunar. 400\u00d7200 cm mod\u00fcler lightbox stand modeli, hem h\u0131zl\u0131 kurulum hem de ta\u015f\u0131nabilirlik a\u00e7\u0131s\u0131ndan profesyoneller i\u00e7in ideal \u00e7\u00f6z\u00fcmd\u00fcr.\" \/>\n<meta property=\"og:url\" content=\"https:\/\/ds.dekopa.com.tr\/en\/product\/moduler-zemin\/\" \/>\n<meta property=\"og:site_name\" content=\"DEKOPA MOD\u00dcLER FUAR STANDLARI\" \/>\n<meta property=\"article:publisher\" content=\"https:\/\/www.facebook.com\/dekopa.com.tr\" \/>\n<meta property=\"article:modified_time\" content=\"2025-11-16T19:09:25+00:00\" \/>\n<meta property=\"og:image\" content=\"https:\/\/ds.dekopa.com.tr\/wp-content\/uploads\/dekopa-moduler-zemin.jpg\" \/>\n\t<meta property=\"og:image:width\" content=\"1024\" \/>\n\t<meta property=\"og:image:height\" content=\"1024\" \/>\n\t<meta property=\"og:image:type\" content=\"image\/jpeg\" \/>\n<meta name=\"twitter:card\" content=\"summary_large_image\" \/>\n<meta name=\"twitter:label1\" content=\"Price\" \/>\n\t<meta name=\"twitter:data1\" content=\"&#036;1,280.00\" \/>\n\t<meta name=\"twitter:label2\" content=\"Availability\" \/>\n\t<meta name=\"twitter:data2\" content=\"In stock\" \/>\n<script type=\"application\/ld+json\" class=\"yoast-schema-graph\">{\"@context\":\"https:\\\/\\\/schema.org\",\"@graph\":[{\"@type\":\"WebPage\",\"@id\":\"https:\\\/\\\/ds.dekopa.com.tr\\\/urun\\\/moduler-zemin\\\/\",\"url\":\"https:\\\/\\\/ds.dekopa.com.tr\\\/urun\\\/moduler-zemin\\\/\",\"name\":\"DS10001 | Mod\u00fcler Zemin - DEKOPA MOD\u00dcLER FUAR STANDLARI\",\"isPartOf\":{\"@id\":\"https:\\\/\\\/ds.dekopa.com.tr\\\/#website\"},\"primaryImageOfPage\":{\"@id\":\"https:\\\/\\\/ds.dekopa.com.tr\\\/urun\\\/moduler-zemin\\\/#primaryimage\"},\"image\":{\"@id\":\"https:\\\/\\\/ds.dekopa.com.tr\\\/urun\\\/moduler-zemin\\\/#primaryimage\"},\"thumbnailUrl\":\"https:\\\/\\\/ds.dekopa.com.tr\\\/wp-content\\\/uploads\\\/dekopa-moduler-zemin.jpg\",\"datePublished\":\"2025-11-16T18:56:16+00:00\",\"dateModified\":\"2025-11-16T19:09:25+00:00\",\"description\":\"400\u00d7200 cm Mod\u00fcler Lightbox Stand, fuar ve kongre alanlar\u0131nda maksimum g\u00f6r\u00fcn\u00fcrl\u00fck sa\u011flayan 8 m\u00b2 \u0131\u015f\u0131kl\u0131 stand \u00e7\u00f6z\u00fcm\u00fcd\u00fcr. Aletsiz kurulan mod\u00fcler yap\u0131, Osram LED ayd\u0131nlatma, UV bask\u0131 ve 24V trafo ile y\u00fcksek performans sunar. 400\u00d7200 cm mod\u00fcler lightbox stand modeli, hem h\u0131zl\u0131 kurulum hem de ta\u015f\u0131nabilirlik a\u00e7\u0131s\u0131ndan profesyoneller i\u00e7in ideal \u00e7\u00f6z\u00fcmd\u00fcr.\",\"breadcrumb\":{\"@id\":\"https:\\\/\\\/ds.dekopa.com.tr\\\/urun\\\/moduler-zemin\\\/#breadcrumb\"},\"inLanguage\":\"en-US\",\"potentialAction\":[{\"@type\":\"ReadAction\",\"target\":[\"https:\\\/\\\/ds.dekopa.com.tr\\\/urun\\\/moduler-zemin\\\/\"]}]},{\"@type\":\"ImageObject\",\"inLanguage\":\"en-US\",\"@id\":\"https:\\\/\\\/ds.dekopa.com.tr\\\/urun\\\/moduler-zemin\\\/#primaryimage\",\"url\":\"https:\\\/\\\/ds.dekopa.com.tr\\\/wp-content\\\/uploads\\\/dekopa-moduler-zemin.jpg\",\"contentUrl\":\"https:\\\/\\\/ds.dekopa.com.tr\\\/wp-content\\\/uploads\\\/dekopa-moduler-zemin.jpg\",\"width\":1024,\"height\":1024,\"caption\":\"dekopa-moduler-zemin\"},{\"@type\":\"BreadcrumbList\",\"@id\":\"https:\\\/\\\/ds.dekopa.com.tr\\\/urun\\\/moduler-zemin\\\/#breadcrumb\",\"itemListElement\":[{\"@type\":\"ListItem\",\"position\":1,\"name\":\"Ana sayfa\",\"item\":\"https:\\\/\\\/ds.dekopa.com.tr\\\/\"},{\"@type\":\"ListItem\",\"position\":2,\"name\":\"Mod\u00fcler Standlar\",\"item\":\"https:\\\/\\\/ds.dekopa.com.tr\\\/moduler_standlar\\\/\"},{\"@type\":\"ListItem\",\"position\":3,\"name\":\"DS10001 | Mod\u00fcler Zemin\"}]},{\"@type\":\"WebSite\",\"@id\":\"https:\\\/\\\/ds.dekopa.com.tr\\\/#website\",\"url\":\"https:\\\/\\\/ds.dekopa.com.tr\\\/\",\"name\":\"Dekopa Dijital Bask\u0131\",\"description\":\"MOD\u00dcLER FUAR VE KONGRE S\u0130STEMLER\u0130\",\"publisher\":{\"@id\":\"https:\\\/\\\/ds.dekopa.com.tr\\\/#organization\"},\"potentialAction\":[{\"@type\":\"SearchAction\",\"target\":{\"@type\":\"EntryPoint\",\"urlTemplate\":\"https:\\\/\\\/ds.dekopa.com.tr\\\/?s={search_term_string}\"},\"query-input\":{\"@type\":\"PropertyValueSpecification\",\"valueRequired\":true,\"valueName\":\"search_term_string\"}}],\"inLanguage\":\"en-US\"},{\"@type\":\"Organization\",\"@id\":\"https:\\\/\\\/ds.dekopa.com.tr\\\/#organization\",\"name\":\"Dekopa Display - UV Bask\u0131\",\"url\":\"https:\\\/\\\/ds.dekopa.com.tr\\\/\",\"logo\":{\"@type\":\"ImageObject\",\"inLanguage\":\"en-US\",\"@id\":\"https:\\\/\\\/ds.dekopa.com.tr\\\/#\\\/schema\\\/logo\\\/image\\\/\",\"url\":\"https:\\\/\\\/ds.dekopa.com.tr\\\/wp-content\\\/uploads\\\/2020\\\/12\\\/dekopa_logo-copy-1.jpg\",\"contentUrl\":\"https:\\\/\\\/ds.dekopa.com.tr\\\/wp-content\\\/uploads\\\/2020\\\/12\\\/dekopa_logo-copy-1.jpg\",\"width\":200,\"height\":80,\"caption\":\"Dekopa Display - UV Bask\u0131\"},\"image\":{\"@id\":\"https:\\\/\\\/ds.dekopa.com.tr\\\/#\\\/schema\\\/logo\\\/image\\\/\"},\"sameAs\":[\"https:\\\/\\\/www.facebook.com\\\/dekopa.com.tr\",\"https:\\\/\\\/www.instagram.com\\\/dekopa_print\\\/\",\"https:\\\/\\\/tr.pinterest.com\\\/DekopaDesing\\\/\",\"https:\\\/\\\/www.youtube.com\\\/channel\\\/UCchP6AzeKOz_2L5SQ8l10mA\\\/\"]}]}<\/script>\n<meta property=\"product:price:amount\" content=\"1280.00\" \/>\n<meta property=\"product:price:currency\" content=\"USD\" \/>\n<meta property=\"og:availability\" content=\"instock\" \/>\n<meta property=\"product:availability\" content=\"instock\" \/>\n<meta property=\"product:condition\" content=\"new\" \/>\n<!-- \/ Yoast SEO Premium plugin. -->","yoast_head_json":{"title":"DS10001 | Mod\u00fcler Zemin - DEKOPA MOD\u00dcLER FUAR STANDLARI","description":"400\u00d7200 cm Mod\u00fcler Lightbox Stand, fuar ve kongre alanlar\u0131nda maksimum g\u00f6r\u00fcn\u00fcrl\u00fck sa\u011flayan 8 m\u00b2 \u0131\u015f\u0131kl\u0131 stand \u00e7\u00f6z\u00fcm\u00fcd\u00fcr. Aletsiz kurulan mod\u00fcler yap\u0131, Osram LED ayd\u0131nlatma, UV bask\u0131 ve 24V trafo ile y\u00fcksek performans sunar. 400\u00d7200 cm mod\u00fcler lightbox stand modeli, hem h\u0131zl\u0131 kurulum hem de ta\u015f\u0131nabilirlik a\u00e7\u0131s\u0131ndan profesyoneller i\u00e7in ideal \u00e7\u00f6z\u00fcmd\u00fcr.","robots":{"index":"index","follow":"follow","max-snippet":"max-snippet:-1","max-image-preview":"max-image-preview:large","max-video-preview":"max-video-preview:-1"},"canonical":"https:\/\/ds.dekopa.com.tr\/en\/product\/moduler-zemin\/","og_locale":"en_US","og_type":"article","og_title":"DS10001 | Mod\u00fcler Zemin","og_description":"400\u00d7200 cm Mod\u00fcler Lightbox Stand, fuar ve kongre alanlar\u0131nda maksimum g\u00f6r\u00fcn\u00fcrl\u00fck sa\u011flayan 8 m\u00b2 \u0131\u015f\u0131kl\u0131 stand \u00e7\u00f6z\u00fcm\u00fcd\u00fcr. Aletsiz kurulan mod\u00fcler yap\u0131, Osram LED ayd\u0131nlatma, UV bask\u0131 ve 24V trafo ile y\u00fcksek performans sunar. 400\u00d7200 cm mod\u00fcler lightbox stand modeli, hem h\u0131zl\u0131 kurulum hem de ta\u015f\u0131nabilirlik a\u00e7\u0131s\u0131ndan profesyoneller i\u00e7in ideal \u00e7\u00f6z\u00fcmd\u00fcr.","og_url":"https:\/\/ds.dekopa.com.tr\/en\/product\/moduler-zemin\/","og_site_name":"DEKOPA MOD\u00dcLER FUAR STANDLARI","article_publisher":"https:\/\/www.facebook.com\/dekopa.com.tr","article_modified_time":"2025-11-16T19:09:25+00:00","og_image":[{"width":1024,"height":1024,"url":"https:\/\/ds.dekopa.com.tr\/wp-content\/uploads\/dekopa-moduler-zemin.jpg","type":"image\/jpeg"}],"twitter_card":"summary_large_image","twitter_misc":{"Price":"&#36;1,280.00","Availability":"In stock"},"schema":{"@context":"https:\/\/schema.org","@graph":[{"@type":"WebPage","@id":"https:\/\/ds.dekopa.com.tr\/urun\/moduler-zemin\/","url":"https:\/\/ds.dekopa.com.tr\/urun\/moduler-zemin\/","name":"DS10001 | Mod\u00fcler Zemin - DEKOPA MOD\u00dcLER FUAR STANDLARI","isPartOf":{"@id":"https:\/\/ds.dekopa.com.tr\/#website"},"primaryImageOfPage":{"@id":"https:\/\/ds.dekopa.com.tr\/urun\/moduler-zemin\/#primaryimage"},"image":{"@id":"https:\/\/ds.dekopa.com.tr\/urun\/moduler-zemin\/#primaryimage"},"thumbnailUrl":"https:\/\/ds.dekopa.com.tr\/wp-content\/uploads\/dekopa-moduler-zemin.jpg","datePublished":"2025-11-16T18:56:16+00:00","dateModified":"2025-11-16T19:09:25+00:00","description":"400\u00d7200 cm Mod\u00fcler Lightbox Stand, fuar ve kongre alanlar\u0131nda maksimum g\u00f6r\u00fcn\u00fcrl\u00fck sa\u011flayan 8 m\u00b2 \u0131\u015f\u0131kl\u0131 stand \u00e7\u00f6z\u00fcm\u00fcd\u00fcr. Aletsiz kurulan mod\u00fcler yap\u0131, Osram LED ayd\u0131nlatma, UV bask\u0131 ve 24V trafo ile y\u00fcksek performans sunar. 400\u00d7200 cm mod\u00fcler lightbox stand modeli, hem h\u0131zl\u0131 kurulum hem de ta\u015f\u0131nabilirlik a\u00e7\u0131s\u0131ndan profesyoneller i\u00e7in ideal \u00e7\u00f6z\u00fcmd\u00fcr.","breadcrumb":{"@id":"https:\/\/ds.dekopa.com.tr\/urun\/moduler-zemin\/#breadcrumb"},"inLanguage":"en-US","potentialAction":[{"@type":"ReadAction","target":["https:\/\/ds.dekopa.com.tr\/urun\/moduler-zemin\/"]}]},{"@type":"ImageObject","inLanguage":"en-US","@id":"https:\/\/ds.dekopa.com.tr\/urun\/moduler-zemin\/#primaryimage","url":"https:\/\/ds.dekopa.com.tr\/wp-content\/uploads\/dekopa-moduler-zemin.jpg","contentUrl":"https:\/\/ds.dekopa.com.tr\/wp-content\/uploads\/dekopa-moduler-zemin.jpg","width":1024,"height":1024,"caption":"dekopa-moduler-zemin"},{"@type":"BreadcrumbList","@id":"https:\/\/ds.dekopa.com.tr\/urun\/moduler-zemin\/#breadcrumb","itemListElement":[{"@type":"ListItem","position":1,"name":"Ana sayfa","item":"https:\/\/ds.dekopa.com.tr\/"},{"@type":"ListItem","position":2,"name":"Mod\u00fcler Standlar","item":"https:\/\/ds.dekopa.com.tr\/moduler_standlar\/"},{"@type":"ListItem","position":3,"name":"DS10001 | Mod\u00fcler Zemin"}]},{"@type":"WebSite","@id":"https:\/\/ds.dekopa.com.tr\/#website","url":"https:\/\/ds.dekopa.com.tr\/","name":"Dekopa Dijital Bask\u0131","description":"MOD\u00dcLER FUAR VE KONGRE S\u0130STEMLER\u0130","publisher":{"@id":"https:\/\/ds.dekopa.com.tr\/#organization"},"potentialAction":[{"@type":"SearchAction","target":{"@type":"EntryPoint","urlTemplate":"https:\/\/ds.dekopa.com.tr\/?s={search_term_string}"},"query-input":{"@type":"PropertyValueSpecification","valueRequired":true,"valueName":"search_term_string"}}],"inLanguage":"en-US"},{"@type":"Organization","@id":"https:\/\/ds.dekopa.com.tr\/#organization","name":"Dekopa Display - UV Bask\u0131","url":"https:\/\/ds.dekopa.com.tr\/","logo":{"@type":"ImageObject","inLanguage":"en-US","@id":"https:\/\/ds.dekopa.com.tr\/#\/schema\/logo\/image\/","url":"https:\/\/ds.dekopa.com.tr\/wp-content\/uploads\/2020\/12\/dekopa_logo-copy-1.jpg","contentUrl":"https:\/\/ds.dekopa.com.tr\/wp-content\/uploads\/2020\/12\/dekopa_logo-copy-1.jpg","width":200,"height":80,"caption":"Dekopa Display - UV Bask\u0131"},"image":{"@id":"https:\/\/ds.dekopa.com.tr\/#\/schema\/logo\/image\/"},"sameAs":["https:\/\/www.facebook.com\/dekopa.com.tr","https:\/\/www.instagram.com\/dekopa_print\/","https:\/\/tr.pinterest.com\/DekopaDesing\/","https:\/\/www.youtube.com\/channel\/UCchP6AzeKOz_2L5SQ8l10mA\/"]}]},"product_price_amount":"1280.00","product_price_currency":"USD","og_availability":"instock","product_availability":"instock","product_condition":"new"},"_links":{"self":[{"href":"https:\/\/ds.dekopa.com.tr\/en\/wp-json\/wp\/v2\/product\/13994","targetHints":{"allow":["GET"]}}],"collection":[{"href":"https:\/\/ds.dekopa.com.tr\/en\/wp-json\/wp\/v2\/product"}],"about":[{"href":"https:\/\/ds.dekopa.com.tr\/en\/wp-json\/wp\/v2\/types\/product"}],"replies":[{"embeddable":true,"href":"https:\/\/ds.dekopa.com.tr\/en\/wp-json\/wp\/v2\/comments?post=13994"}],"wp:featuredmedia":[{"embeddable":true,"href":"https:\/\/ds.dekopa.com.tr\/en\/wp-json\/wp\/v2\/media\/13995"}],"wp:attachment":[{"href":"https:\/\/ds.dekopa.com.tr\/en\/wp-json\/wp\/v2\/media?parent=13994"}],"wp:term":[{"taxonomy":"product_brand","embeddable":true,"href":"https:\/\/ds.dekopa.com.tr\/en\/wp-json\/wp\/v2\/product_brand?post=13994"},{"taxonomy":"product_cat","embeddable":true,"href":"https:\/\/ds.dekopa.com.tr\/en\/wp-json\/wp\/v2\/product_cat?post=13994"},{"taxonomy":"product_tag","embeddable":true,"href":"https:\/\/ds.dekopa.com.tr\/en\/wp-json\/wp\/v2\/product_tag?post=13994"}],"curies":[{"name":"wp","href":"https:\/\/api.w.org\/{rel}","templated":true}]}}