{"id":13961,"date":"2025-07-23T14:11:40","date_gmt":"2025-07-23T11:11:40","guid":{"rendered":"https:\/\/ds.dekopa.com.tr\/?post_type=product&#038;p=13961"},"modified":"2025-07-23T14:16:55","modified_gmt":"2025-07-23T11:16:55","slug":"400x230-cm-moduler-lightbox-kongre-fuar-stand","status":"publish","type":"product","link":"https:\/\/ds.dekopa.com.tr\/en\/product\/400x230-cm-moduler-lightbox-kongre-fuar-stand\/","title":{"rendered":"400&#215;230\u202fcm Mod\u00fcler Lightbox | Kongre &#038; Fuar Stand\u0131"},"content":{"rendered":"<p data-start=\"250\" data-end=\"446\">400\u00d7230\u202fcm \u00f6l\u00e7\u00fcs\u00fcndeki <strong data-start=\"273\" data-end=\"296\">DS Modular Lightbox<\/strong>, fuar ve kongre alanlar\u0131nda markan\u0131 \u00f6ne \u00e7\u0131karmak i\u00e7in \u00f6zel olarak tasarland\u0131.<br data-start=\"374\" data-end=\"377\" \/>Tek bir ki\u015fi, bu stand\u0131 <strong data-start=\"401\" data-end=\"443\">alet kullanmadan 15 dakikada kurabilir<\/strong>.<\/p>\n<p data-start=\"448\" data-end=\"658\"><strong data-start=\"451\" data-end=\"476\">24V i\u00e7ten LED sistemi<\/strong>, y\u00fczeye homojen ayd\u0131nl\u0131k kazand\u0131r\u0131r.<br data-start=\"513\" data-end=\"516\" \/>Diledi\u011fin zaman kuma\u015f bask\u0131y\u0131 de\u011fi\u015ftirerek farkl\u0131 etkinliklerde tekrar kullanabilirsin.<br data-start=\"606\" data-end=\"609\" \/>Tek ya da \u00e7ift y\u00f6nl\u00fc bask\u0131 tercih edebilirsin.<\/p>\n<hr data-start=\"660\" data-end=\"663\" \/>\n<h3 data-start=\"665\" data-end=\"707\"><strong data-start=\"672\" data-end=\"707\">Teknik \u00d6zellikler ve Avantajlar<\/strong><\/h3>\n<ul data-start=\"709\" data-end=\"1080\">\n<li data-start=\"709\" data-end=\"756\">\n<p data-start=\"711\" data-end=\"756\"><strong data-start=\"711\" data-end=\"754\">Mod\u00fcler, Alet kullanman\u0131za gerek yoktur.<\/strong><\/p>\n<\/li>\n<li data-start=\"757\" data-end=\"816\">\n<p data-start=\"759\" data-end=\"816\"><strong data-start=\"759\" data-end=\"814\">Osram LED teknolojisiyle 1 y\u0131l garantili ayd\u0131nlatma<\/strong><\/p>\n<\/li>\n<li data-start=\"817\" data-end=\"867\">\n<p data-start=\"819\" data-end=\"867\"><strong data-start=\"819\" data-end=\"865\">24 Volt \u00dcniversal Trafo ile g\u00fcvenli enerji<\/strong><\/p>\n<\/li>\n<li data-start=\"868\" data-end=\"967\">\n<p data-start=\"870\" data-end=\"967\"><strong data-start=\"870\" data-end=\"965\">Mod\u00fcler tasar\u0131m\u0131 sayesinde kolayca ta\u015f\u0131yabilir, u\u00e7akla ya da ara\u00e7la her yere g\u00f6t\u00fcrebilirsin<\/strong><\/p>\n<\/li>\n<li data-start=\"968\" data-end=\"997\">\n<p data-start=\"970\" data-end=\"997\"><strong data-start=\"970\" data-end=\"995\">Toplam a\u011f\u0131rl\u0131k: 24 KG<\/strong><\/p>\n<\/li>\n<li data-start=\"998\" data-end=\"1041\">\n<p data-start=\"1000\" data-end=\"1041\"><strong data-start=\"1000\" data-end=\"1039\">Ta\u015f\u0131ma \u00e7antas\u0131 boyutu: 25\u00d730\u00d7128 cm<\/strong><\/p>\n<\/li>\n<li data-start=\"1042\" data-end=\"1080\">\n<p data-start=\"1044\" data-end=\"1080\"><strong data-start=\"1044\" data-end=\"1080\">\u00dcretim s\u00fcresi sadece 2\u20133 i\u015f g\u00fcn\u00fc<\/strong><\/p>\n<\/li>\n<\/ul>\n<hr data-start=\"1082\" data-end=\"1085\" \/>\n<h3 data-start=\"1087\" data-end=\"1115\"><strong data-start=\"1094\" data-end=\"1115\">Uyumlu Eklentiler<\/strong><\/h3>\n<ul data-start=\"1117\" data-end=\"1320\">\n<li data-start=\"1117\" data-end=\"1218\">\n<p data-start=\"1119\" data-end=\"1218\">Stand\u0131na iste\u011fe ba\u011fl\u0131 olarak <strong><a href=\"https:\/\/ds.dekopa.com.tr\/en\/product\/300x230-cm-moduler-isikli-lightbox\/\">300&#215;230 Lightbox,<\/a> <a href=\"https:\/\/ds.dekopa.com.tr\/en\/product\/200x230-cm-moduler-lightbox-isikli-kongre-fuar-standi\/\">200&#215;230 cm Kongre Stand\u0131,<\/a> <a href=\"https:\/\/ds.dekopa.com.tr\/en\/product\/100x230-cm-moduler-lightbox-isikli-kongre-fuar-standi\/\">100&#215;230 Rollup Lightbox<\/a> 100\u00d7100 cm banko<\/strong> ya da <strong data-start=\"1175\" data-end=\"1200\">50\u00d750 cm lightbox k\u00fcp<\/strong> ekleyebilirsin.<\/p>\n<\/li>\n<li data-start=\"1219\" data-end=\"1320\">\n<p data-start=\"1221\" data-end=\"1320\">Farkl\u0131 \u00fcr\u00fcnlerle kombin yapmak istiyorsan, \u00f6zel ba\u011flant\u0131 aparatlar\u0131yla kolayca entegre edebilirsin.<\/p>\n<\/li>\n<\/ul>\n<hr data-start=\"1322\" data-end=\"1325\" \/>\n<p data-start=\"1327\" data-end=\"1501\"><strong data-start=\"1330\" data-end=\"1404\">Teklif almak veya sipari\u015f olu\u015fturmak i\u00e7in bizimle hemen ileti\u015fime ge\u00e7.<\/strong><br data-start=\"1404\" data-end=\"1407\" \/><a href=\"https:\/\/dekopa.com.tr\/ds_moduler_lightbox_kongre_stand-2\/\">ds.dekopa.com.tr <\/a>| +90 216 599 01 07 | <a class=\"cursor-pointer\" rel=\"noopener\" data-start=\"1483\" data-end=\"1501\">info@dekopa.com.tr<\/a><\/p>","protected":false},"excerpt":{"rendered":"<p data-start=\"279\" data-end=\"379\">400&#215;230 cm DS Mod\u00fcler Kongre &#8211; Fuar Light box stand\u0131n\u0131 aletsiz kurar ve LED ayd\u0131nlatma ile dikkat \u00e7eker.<\/p>\n<h3 data-start=\"381\" data-end=\"426\"><\/h3>","protected":false},"featured_media":13775,"comment_status":"open","ping_status":"closed","template":"","meta":[],"product_brand":[],"product_cat":[979,521],"product_tag":[1295,1294,1244,1246,1248,1243,1247,1245],"class_list":{"0":"post-13961","1":"product","2":"type-product","3":"status-publish","4":"has-post-thumbnail","6":"product_cat-ds-moduler-lightbox","7":"product_cat-urunler","8":"product_tag-400x200-lightbox-stand","9":"product_tag-400x230-kongre-standi","10":"product_tag-isikli-kongre-standi","11":"product_tag-led-lightbox-stand","12":"product_tag-lightbox-kumas-baski","13":"product_tag-moduler-fuar-standi","14":"product_tag-moduler-toplama-stand","15":"product_tag-tasinabilir-lightbox","17":"first","18":"instock","19":"sale","20":"shipping-taxable","21":"purchasable","22":"product-type-simple"},"yoast_head":"<!-- This site is optimized with the Yoast SEO Premium plugin v25.3.1 (Yoast SEO v27.4) - https:\/\/yoast.com\/product\/yoast-seo-premium-wordpress\/ -->\n<title>400x230\u202fcm Mod\u00fcler Lightbox | Kongre &amp; Fuar Stand\u0131 - DEKOPA MOD\u00dcLER FUAR STANDLARI<\/title>\n<meta name=\"description\" content=\"400x230\u202fcm Mod\u00fcler Lightbox \u2013 Aletsiz 15 dakikal\u0131k kurulum, 24V LED i\u00e7 ayd\u0131nlatma, 1 y\u0131l garanti, bask\u0131 de\u011fi\u015fimi, yurt d\u0131\u015f\u0131 g\u00f6nderim. Hemen teklif al\u0131n!\" \/>\n<meta name=\"robots\" content=\"index, follow, max-snippet:-1, max-image-preview:large, max-video-preview:-1\" \/>\n<link rel=\"canonical\" href=\"https:\/\/ds.dekopa.com.tr\/en\/product\/400x230-cm-moduler-lightbox-kongre-fuar-stand\/\" \/>\n<meta property=\"og:locale\" content=\"en_US\" \/>\n<meta property=\"og:type\" content=\"article\" \/>\n<meta property=\"og:title\" content=\"400x230\u202fcm Mod\u00fcler Lightbox | Kongre &amp; Fuar Stand\u0131\" \/>\n<meta property=\"og:description\" content=\"400x230\u202fcm Mod\u00fcler Lightbox \u2013 Aletsiz 15 dakikal\u0131k kurulum, 24V LED i\u00e7 ayd\u0131nlatma, 1 y\u0131l garanti, bask\u0131 de\u011fi\u015fimi, yurt d\u0131\u015f\u0131 g\u00f6nderim. Hemen teklif al\u0131n!\" \/>\n<meta property=\"og:url\" content=\"https:\/\/ds.dekopa.com.tr\/en\/product\/400x230-cm-moduler-lightbox-kongre-fuar-stand\/\" \/>\n<meta property=\"og:site_name\" content=\"DEKOPA MOD\u00dcLER FUAR STANDLARI\" \/>\n<meta property=\"article:publisher\" content=\"https:\/\/www.facebook.com\/dekopa.com.tr\" \/>\n<meta property=\"article:modified_time\" content=\"2025-07-23T11:16:55+00:00\" \/>\n<meta property=\"og:image\" content=\"https:\/\/ds.dekopa.com.tr\/wp-content\/uploads\/300x230cm_lightbox_moduler_isikli_panel.webp\" \/>\n\t<meta property=\"og:image:width\" content=\"2000\" \/>\n\t<meta property=\"og:image:height\" content=\"2000\" \/>\n\t<meta property=\"og:image:type\" content=\"image\/webp\" \/>\n<meta name=\"twitter:card\" content=\"summary_large_image\" \/>\n<meta name=\"twitter:label1\" content=\"Price\" \/>\n\t<meta name=\"twitter:data1\" content=\"&#036;42,500.00\" \/>\n\t<meta name=\"twitter:label2\" content=\"Availability\" \/>\n\t<meta name=\"twitter:data2\" content=\"In stock\" \/>\n<script type=\"application\/ld+json\" class=\"yoast-schema-graph\">{\"@context\":\"https:\\\/\\\/schema.org\",\"@graph\":[{\"@type\":\"WebPage\",\"@id\":\"https:\\\/\\\/ds.dekopa.com.tr\\\/urun\\\/400x230-cm-moduler-lightbox-kongre-fuar-stand\\\/\",\"url\":\"https:\\\/\\\/ds.dekopa.com.tr\\\/urun\\\/400x230-cm-moduler-lightbox-kongre-fuar-stand\\\/\",\"name\":\"400x230\u202fcm Mod\u00fcler Lightbox | Kongre & Fuar Stand\u0131 - DEKOPA MOD\u00dcLER FUAR STANDLARI\",\"isPartOf\":{\"@id\":\"https:\\\/\\\/ds.dekopa.com.tr\\\/#website\"},\"primaryImageOfPage\":{\"@id\":\"https:\\\/\\\/ds.dekopa.com.tr\\\/urun\\\/400x230-cm-moduler-lightbox-kongre-fuar-stand\\\/#primaryimage\"},\"image\":{\"@id\":\"https:\\\/\\\/ds.dekopa.com.tr\\\/urun\\\/400x230-cm-moduler-lightbox-kongre-fuar-stand\\\/#primaryimage\"},\"thumbnailUrl\":\"https:\\\/\\\/ds.dekopa.com.tr\\\/wp-content\\\/uploads\\\/300x230cm_lightbox_moduler_isikli_panel.webp\",\"datePublished\":\"2025-07-23T11:11:40+00:00\",\"dateModified\":\"2025-07-23T11:16:55+00:00\",\"description\":\"400x230\u202fcm Mod\u00fcler Lightbox \u2013 Aletsiz 15 dakikal\u0131k kurulum, 24V LED i\u00e7 ayd\u0131nlatma, 1 y\u0131l garanti, bask\u0131 de\u011fi\u015fimi, yurt d\u0131\u015f\u0131 g\u00f6nderim. Hemen teklif al\u0131n!\",\"breadcrumb\":{\"@id\":\"https:\\\/\\\/ds.dekopa.com.tr\\\/urun\\\/400x230-cm-moduler-lightbox-kongre-fuar-stand\\\/#breadcrumb\"},\"inLanguage\":\"en-US\",\"potentialAction\":[{\"@type\":\"ReadAction\",\"target\":[\"https:\\\/\\\/ds.dekopa.com.tr\\\/urun\\\/400x230-cm-moduler-lightbox-kongre-fuar-stand\\\/\"]}]},{\"@type\":\"ImageObject\",\"inLanguage\":\"en-US\",\"@id\":\"https:\\\/\\\/ds.dekopa.com.tr\\\/urun\\\/400x230-cm-moduler-lightbox-kongre-fuar-stand\\\/#primaryimage\",\"url\":\"https:\\\/\\\/ds.dekopa.com.tr\\\/wp-content\\\/uploads\\\/300x230cm_lightbox_moduler_isikli_panel.webp\",\"contentUrl\":\"https:\\\/\\\/ds.dekopa.com.tr\\\/wp-content\\\/uploads\\\/300x230cm_lightbox_moduler_isikli_panel.webp\",\"width\":2000,\"height\":2000,\"caption\":\"\u0131\u015f\u0131kl\u0131 panel stand, 300x230 lightbox, mod\u00fcler pano, LED \u0131\u015f\u0131kl\u0131 sistem, ta\u015f\u0131nabilir fuar paneli\"},{\"@type\":\"BreadcrumbList\",\"@id\":\"https:\\\/\\\/ds.dekopa.com.tr\\\/urun\\\/400x230-cm-moduler-lightbox-kongre-fuar-stand\\\/#breadcrumb\",\"itemListElement\":[{\"@type\":\"ListItem\",\"position\":1,\"name\":\"Ana sayfa\",\"item\":\"https:\\\/\\\/ds.dekopa.com.tr\\\/\"},{\"@type\":\"ListItem\",\"position\":2,\"name\":\"Mod\u00fcler Standlar\",\"item\":\"https:\\\/\\\/ds.dekopa.com.tr\\\/moduler_standlar\\\/\"},{\"@type\":\"ListItem\",\"position\":3,\"name\":\"400&#215;230\u202fcm Mod\u00fcler Lightbox | Kongre &#038; Fuar Stand\u0131\"}]},{\"@type\":\"WebSite\",\"@id\":\"https:\\\/\\\/ds.dekopa.com.tr\\\/#website\",\"url\":\"https:\\\/\\\/ds.dekopa.com.tr\\\/\",\"name\":\"Dekopa Dijital Bask\u0131\",\"description\":\"MOD\u00dcLER FUAR VE KONGRE S\u0130STEMLER\u0130\",\"publisher\":{\"@id\":\"https:\\\/\\\/ds.dekopa.com.tr\\\/#organization\"},\"potentialAction\":[{\"@type\":\"SearchAction\",\"target\":{\"@type\":\"EntryPoint\",\"urlTemplate\":\"https:\\\/\\\/ds.dekopa.com.tr\\\/?s={search_term_string}\"},\"query-input\":{\"@type\":\"PropertyValueSpecification\",\"valueRequired\":true,\"valueName\":\"search_term_string\"}}],\"inLanguage\":\"en-US\"},{\"@type\":\"Organization\",\"@id\":\"https:\\\/\\\/ds.dekopa.com.tr\\\/#organization\",\"name\":\"Dekopa Display - UV Bask\u0131\",\"url\":\"https:\\\/\\\/ds.dekopa.com.tr\\\/\",\"logo\":{\"@type\":\"ImageObject\",\"inLanguage\":\"en-US\",\"@id\":\"https:\\\/\\\/ds.dekopa.com.tr\\\/#\\\/schema\\\/logo\\\/image\\\/\",\"url\":\"https:\\\/\\\/ds.dekopa.com.tr\\\/wp-content\\\/uploads\\\/2020\\\/12\\\/dekopa_logo-copy-1.jpg\",\"contentUrl\":\"https:\\\/\\\/ds.dekopa.com.tr\\\/wp-content\\\/uploads\\\/2020\\\/12\\\/dekopa_logo-copy-1.jpg\",\"width\":200,\"height\":80,\"caption\":\"Dekopa Display - UV Bask\u0131\"},\"image\":{\"@id\":\"https:\\\/\\\/ds.dekopa.com.tr\\\/#\\\/schema\\\/logo\\\/image\\\/\"},\"sameAs\":[\"https:\\\/\\\/www.facebook.com\\\/dekopa.com.tr\",\"https:\\\/\\\/www.instagram.com\\\/dekopa_print\\\/\",\"https:\\\/\\\/tr.pinterest.com\\\/DekopaDesing\\\/\",\"https:\\\/\\\/www.youtube.com\\\/channel\\\/UCchP6AzeKOz_2L5SQ8l10mA\\\/\"]}]}<\/script>\n<meta property=\"product:price:amount\" content=\"42500.00\" \/>\n<meta property=\"product:price:currency\" content=\"USD\" \/>\n<meta property=\"og:availability\" content=\"instock\" \/>\n<meta property=\"product:availability\" content=\"instock\" \/>\n<meta property=\"product:condition\" content=\"new\" \/>\n<!-- \/ Yoast SEO Premium plugin. -->","yoast_head_json":{"title":"400x230\u202fcm Mod\u00fcler Lightbox | Kongre & Fuar Stand\u0131 - DEKOPA MOD\u00dcLER FUAR STANDLARI","description":"400x230\u202fcm Mod\u00fcler Lightbox \u2013 Aletsiz 15 dakikal\u0131k kurulum, 24V LED i\u00e7 ayd\u0131nlatma, 1 y\u0131l garanti, bask\u0131 de\u011fi\u015fimi, yurt d\u0131\u015f\u0131 g\u00f6nderim. Hemen teklif al\u0131n!","robots":{"index":"index","follow":"follow","max-snippet":"max-snippet:-1","max-image-preview":"max-image-preview:large","max-video-preview":"max-video-preview:-1"},"canonical":"https:\/\/ds.dekopa.com.tr\/en\/product\/400x230-cm-moduler-lightbox-kongre-fuar-stand\/","og_locale":"en_US","og_type":"article","og_title":"400x230\u202fcm Mod\u00fcler Lightbox | Kongre & Fuar Stand\u0131","og_description":"400x230\u202fcm Mod\u00fcler Lightbox \u2013 Aletsiz 15 dakikal\u0131k kurulum, 24V LED i\u00e7 ayd\u0131nlatma, 1 y\u0131l garanti, bask\u0131 de\u011fi\u015fimi, yurt d\u0131\u015f\u0131 g\u00f6nderim. Hemen teklif al\u0131n!","og_url":"https:\/\/ds.dekopa.com.tr\/en\/product\/400x230-cm-moduler-lightbox-kongre-fuar-stand\/","og_site_name":"DEKOPA MOD\u00dcLER FUAR STANDLARI","article_publisher":"https:\/\/www.facebook.com\/dekopa.com.tr","article_modified_time":"2025-07-23T11:16:55+00:00","og_image":[{"width":2000,"height":2000,"url":"https:\/\/ds.dekopa.com.tr\/wp-content\/uploads\/300x230cm_lightbox_moduler_isikli_panel.webp","type":"image\/webp"}],"twitter_card":"summary_large_image","twitter_misc":{"Price":"&#36;42,500.00","Availability":"In stock"},"schema":{"@context":"https:\/\/schema.org","@graph":[{"@type":"WebPage","@id":"https:\/\/ds.dekopa.com.tr\/urun\/400x230-cm-moduler-lightbox-kongre-fuar-stand\/","url":"https:\/\/ds.dekopa.com.tr\/urun\/400x230-cm-moduler-lightbox-kongre-fuar-stand\/","name":"400x230\u202fcm Mod\u00fcler Lightbox | Kongre & Fuar Stand\u0131 - DEKOPA MOD\u00dcLER FUAR STANDLARI","isPartOf":{"@id":"https:\/\/ds.dekopa.com.tr\/#website"},"primaryImageOfPage":{"@id":"https:\/\/ds.dekopa.com.tr\/urun\/400x230-cm-moduler-lightbox-kongre-fuar-stand\/#primaryimage"},"image":{"@id":"https:\/\/ds.dekopa.com.tr\/urun\/400x230-cm-moduler-lightbox-kongre-fuar-stand\/#primaryimage"},"thumbnailUrl":"https:\/\/ds.dekopa.com.tr\/wp-content\/uploads\/300x230cm_lightbox_moduler_isikli_panel.webp","datePublished":"2025-07-23T11:11:40+00:00","dateModified":"2025-07-23T11:16:55+00:00","description":"400x230\u202fcm Mod\u00fcler Lightbox \u2013 Aletsiz 15 dakikal\u0131k kurulum, 24V LED i\u00e7 ayd\u0131nlatma, 1 y\u0131l garanti, bask\u0131 de\u011fi\u015fimi, yurt d\u0131\u015f\u0131 g\u00f6nderim. Hemen teklif al\u0131n!","breadcrumb":{"@id":"https:\/\/ds.dekopa.com.tr\/urun\/400x230-cm-moduler-lightbox-kongre-fuar-stand\/#breadcrumb"},"inLanguage":"en-US","potentialAction":[{"@type":"ReadAction","target":["https:\/\/ds.dekopa.com.tr\/urun\/400x230-cm-moduler-lightbox-kongre-fuar-stand\/"]}]},{"@type":"ImageObject","inLanguage":"en-US","@id":"https:\/\/ds.dekopa.com.tr\/urun\/400x230-cm-moduler-lightbox-kongre-fuar-stand\/#primaryimage","url":"https:\/\/ds.dekopa.com.tr\/wp-content\/uploads\/300x230cm_lightbox_moduler_isikli_panel.webp","contentUrl":"https:\/\/ds.dekopa.com.tr\/wp-content\/uploads\/300x230cm_lightbox_moduler_isikli_panel.webp","width":2000,"height":2000,"caption":"\u0131\u015f\u0131kl\u0131 panel stand, 300x230 lightbox, mod\u00fcler pano, LED \u0131\u015f\u0131kl\u0131 sistem, ta\u015f\u0131nabilir fuar paneli"},{"@type":"BreadcrumbList","@id":"https:\/\/ds.dekopa.com.tr\/urun\/400x230-cm-moduler-lightbox-kongre-fuar-stand\/#breadcrumb","itemListElement":[{"@type":"ListItem","position":1,"name":"Ana sayfa","item":"https:\/\/ds.dekopa.com.tr\/"},{"@type":"ListItem","position":2,"name":"Mod\u00fcler Standlar","item":"https:\/\/ds.dekopa.com.tr\/moduler_standlar\/"},{"@type":"ListItem","position":3,"name":"400&#215;230\u202fcm Mod\u00fcler Lightbox | Kongre &#038; Fuar Stand\u0131"}]},{"@type":"WebSite","@id":"https:\/\/ds.dekopa.com.tr\/#website","url":"https:\/\/ds.dekopa.com.tr\/","name":"Dekopa Dijital Bask\u0131","description":"MOD\u00dcLER FUAR VE KONGRE S\u0130STEMLER\u0130","publisher":{"@id":"https:\/\/ds.dekopa.com.tr\/#organization"},"potentialAction":[{"@type":"SearchAction","target":{"@type":"EntryPoint","urlTemplate":"https:\/\/ds.dekopa.com.tr\/?s={search_term_string}"},"query-input":{"@type":"PropertyValueSpecification","valueRequired":true,"valueName":"search_term_string"}}],"inLanguage":"en-US"},{"@type":"Organization","@id":"https:\/\/ds.dekopa.com.tr\/#organization","name":"Dekopa Display - UV Bask\u0131","url":"https:\/\/ds.dekopa.com.tr\/","logo":{"@type":"ImageObject","inLanguage":"en-US","@id":"https:\/\/ds.dekopa.com.tr\/#\/schema\/logo\/image\/","url":"https:\/\/ds.dekopa.com.tr\/wp-content\/uploads\/2020\/12\/dekopa_logo-copy-1.jpg","contentUrl":"https:\/\/ds.dekopa.com.tr\/wp-content\/uploads\/2020\/12\/dekopa_logo-copy-1.jpg","width":200,"height":80,"caption":"Dekopa Display - UV Bask\u0131"},"image":{"@id":"https:\/\/ds.dekopa.com.tr\/#\/schema\/logo\/image\/"},"sameAs":["https:\/\/www.facebook.com\/dekopa.com.tr","https:\/\/www.instagram.com\/dekopa_print\/","https:\/\/tr.pinterest.com\/DekopaDesing\/","https:\/\/www.youtube.com\/channel\/UCchP6AzeKOz_2L5SQ8l10mA\/"]}]},"product_price_amount":"42500.00","product_price_currency":"USD","og_availability":"instock","product_availability":"instock","product_condition":"new"},"_links":{"self":[{"href":"https:\/\/ds.dekopa.com.tr\/en\/wp-json\/wp\/v2\/product\/13961","targetHints":{"allow":["GET"]}}],"collection":[{"href":"https:\/\/ds.dekopa.com.tr\/en\/wp-json\/wp\/v2\/product"}],"about":[{"href":"https:\/\/ds.dekopa.com.tr\/en\/wp-json\/wp\/v2\/types\/product"}],"replies":[{"embeddable":true,"href":"https:\/\/ds.dekopa.com.tr\/en\/wp-json\/wp\/v2\/comments?post=13961"}],"wp:featuredmedia":[{"embeddable":true,"href":"https:\/\/ds.dekopa.com.tr\/en\/wp-json\/wp\/v2\/media\/13775"}],"wp:attachment":[{"href":"https:\/\/ds.dekopa.com.tr\/en\/wp-json\/wp\/v2\/media?parent=13961"}],"wp:term":[{"taxonomy":"product_brand","embeddable":true,"href":"https:\/\/ds.dekopa.com.tr\/en\/wp-json\/wp\/v2\/product_brand?post=13961"},{"taxonomy":"product_cat","embeddable":true,"href":"https:\/\/ds.dekopa.com.tr\/en\/wp-json\/wp\/v2\/product_cat?post=13961"},{"taxonomy":"product_tag","embeddable":true,"href":"https:\/\/ds.dekopa.com.tr\/en\/wp-json\/wp\/v2\/product_tag?post=13961"}],"curies":[{"name":"wp","href":"https:\/\/api.w.org\/{rel}","templated":true}]}}