{"id":13753,"date":"2025-07-09T07:53:02","date_gmt":"2025-07-09T04:53:02","guid":{"rendered":"https:\/\/ds.dekopa.com.tr\/?post_type=product&#038;p=13753"},"modified":"2025-07-09T08:20:33","modified_gmt":"2025-07-09T05:20:33","slug":"300x230cm-moduler-lightbox-kongre-standi","status":"publish","type":"product","link":"https:\/\/ds.dekopa.com.tr\/en\/product\/300x230cm-moduler-lightbox-kongre-standi\/","title":{"rendered":"300&#215;230 Mod\u00fcler Lightbox Stand"},"content":{"rendered":"<h3 data-start=\"137\" data-end=\"187\"><strong data-start=\"141\" data-end=\"187\">300&#215;230 DS Mod\u00fcler Lightbox ve Fuar Stand\u0131<\/strong><\/h3>\n<p data-start=\"189\" data-end=\"455\">Mod\u00fcler Lightbox setlerimiz, m\u00fc\u015fterilerimizin taleplerine g\u00f6re \u00f6zel olarak haz\u0131rlan\u0131r. \u00dcr\u00fcnlerimiz tamamen mod\u00fclerdir ve her set \u00f6zel ta\u015f\u0131ma \u00e7antas\u0131 ile birlikte sunulur. Belirtti\u011finiz \u00f6l\u00e7\u00fcler do\u011frultusunda, standart mod\u00fcller d\u0131\u015f\u0131nda da \u00f6zel \u00fcretimler yapabiliyoruz.<\/p>\n<p data-start=\"457\" data-end=\"581\">T\u00fcm \u00fcr\u00fcnler \u00e7antal\u0131 olarak teslim edilir ve bask\u0131lar fiyata dahildir. Hem yurti\u00e7inde hem yurtd\u0131\u015f\u0131nda kullan\u0131m i\u00e7in uygundur.<\/p>\n<p data-start=\"583\" data-end=\"608\"><strong data-start=\"583\" data-end=\"606\">G\u00f6rseldeki \u00dcr\u00fcnler:<\/strong><\/p>\n<ul data-start=\"609\" data-end=\"695\">\n<li data-start=\"609\" data-end=\"650\">\n<p data-start=\"611\" data-end=\"650\">1 adet 300&#215;230 cm DS Mod\u00fcler Lightbox<\/p>\n<\/li>\n<li data-start=\"651\" data-end=\"695\">\n<p data-start=\"653\" data-end=\"695\">1 adet 100&#215;100 cm \u0131\u015f\u0131kl\u0131 banko (opsiyonel)<\/p>\n<\/li>\n<\/ul>\n<p data-start=\"697\" data-end=\"840\"> <strong data-start=\"700\" data-end=\"725\">Katalo\u011fumuzu \u0130ndirin:<\/strong><\/p>\n<p><a href=\"https:\/\/www.dekopa.com.tr\/Dekopa_Lightbox_Set.pdf\" target=\"_blank\" rel=\"noopener\">\u00dcr\u00fcn setleri i\u00e7in katalo\u011fumuzu indirin.<\/a><br \/>\n<a href=\"https:\/\/www.dekopa.com.tr\/DS-LIGHTBOX (1).pdf\" target=\"_blank\" rel=\"noopener\">DS Mod\u00fcler Lightbox Sistem Katalo\u011fu<\/a><br \/>\n<a href=\"https:\/\/www.dekopa.com.tr\/Dekopa_mini_lightbox 2.pdf\" target=\"_blank\" rel=\"noopener\">DS Standart Lightbox<\/a><br \/>\n<a href=\"https:\/\/www.dekopa.com.tr\/DEKOPA_CUBE_LIGHTBOX.pdf\" target=\"_blank\" rel=\"noopener\">K\u00fcp Lightbox Katalo\u011fu<\/a><\/p>\n<p><a href=\"https:\/\/www.youtube.com\/@Dekopa-DS\" target=\"_blank\" rel=\"noopener\">Youtube Videolar\u0131m\u0131z<\/a><\/p>\n<!--[if lt IE 9]><script>document.createElement('video');<\/script><![endif]-->\n\t<div class=\"wp-playlist wp-video-playlist wp-playlist-light\">\n\t\t<video controls=\"controls\" preload=\"none\" width=\"1268\"\n\t\t height=\"713\"\t><\/video>\n\t<div class=\"wp-playlist-next\"><\/div>\n\t<div class=\"wp-playlist-prev\"><\/div>\n\t<noscript>\n\t<ol>\n\t\t<li><a href='https:\/\/ds.dekopa.com.tr\/wp-content\/uploads\/DS-Modular-stand-lightbox-video.m4v'>DS Modular stand lightbox video<\/a><\/li>\t<\/ol>\n\t<\/noscript>\n\t<script type=\"application\/json\" class=\"wp-playlist-script\">{\"type\":\"video\",\"tracklist\":true,\"tracknumbers\":true,\"images\":true,\"artists\":true,\"tracks\":[{\"src\":\"https:\\\/\\\/ds.dekopa.com.tr\\\/wp-content\\\/uploads\\\/DS-Modular-stand-lightbox-video.m4v\",\"type\":\"video\\\/mp4\",\"title\":\"DS Modular stand lightbox video\",\"caption\":\"DS Modular stand lightbox video\",\"description\":\"DS Modular stand lightbox video\",\"meta\":{\"length_formatted\":\"3:07\"},\"dimensions\":{\"original\":{\"width\":1280,\"height\":720},\"resized\":{\"width\":1268,\"height\":713}},\"image\":{\"src\":\"https:\\\/\\\/ds.dekopa.com.tr\\\/wp-includes\\\/images\\\/media\\\/video.svg\",\"width\":48,\"height\":64},\"thumb\":{\"src\":\"https:\\\/\\\/ds.dekopa.com.tr\\\/wp-includes\\\/images\\\/media\\\/video.svg\",\"width\":48,\"height\":64}}]}<\/script>\n<\/div>\n\t\n<h3 data-start=\"962\" data-end=\"980\"><strong data-start=\"966\" data-end=\"980\">Avantajlar<\/strong><\/h3>\n<ul data-start=\"982\" data-end=\"1236\">\n<li data-start=\"982\" data-end=\"1020\">\n<p data-start=\"984\" data-end=\"1020\">\u2705 Kolay Kurulum \u2013 Alet gerektirmez<\/p>\n<\/li>\n<li data-start=\"1021\" data-end=\"1058\">\n<p data-start=\"1023\" data-end=\"1058\">\u2705 Sat\u0131\u015f veya Kiralama Se\u00e7enekleri<\/p>\n<\/li>\n<li data-start=\"1059\" data-end=\"1108\">\n<p data-start=\"1061\" data-end=\"1108\">\u2705 Usta Gerektirmez \u2013 Herkes kolay kurabilir<\/p>\n<\/li>\n<li data-start=\"1109\" data-end=\"1152\">\n<p data-start=\"1111\" data-end=\"1152\">\u2705 Hafif ve Ta\u015f\u0131nabilir \u2013 \u00c7antal\u0131 sistem<\/p>\n<\/li>\n<li data-start=\"1153\" data-end=\"1189\">\n<p data-start=\"1155\" data-end=\"1189\">\u2705 24V Power LED + \u00dcniversal Trafo<\/p>\n<\/li>\n<li data-start=\"1190\" data-end=\"1236\">\n<p data-start=\"1192\" data-end=\"1236\">\u2705 Plastik Profiller ve Dayan\u0131kl\u0131 Aparatlar<\/p>\n<\/li>\n<\/ul>\n<hr data-start=\"1238\" data-end=\"1241\" \/>\n<h3 data-start=\"1243\" data-end=\"1295\"><strong data-start=\"1247\" data-end=\"1295\">DS Mod\u00fcler Lightbox Set ile Neler Sunuyoruz?<\/strong><\/h3>\n<p data-start=\"1297\" data-end=\"1614\">Dekopa.com.tr olarak, markan\u0131z\u0131 fuar ve kongre alanlar\u0131nda etkileyici bi\u00e7imde temsil etmeniz i\u00e7in yenilik\u00e7i \u00e7\u00f6z\u00fcmler sunuyoruz. 300&#215;230 cm \u0131\u015f\u0131kl\u0131 panolar, marka mesaj\u0131n\u0131z\u0131 net ve g\u00fc\u00e7l\u00fc bi\u00e7imde iletmenizi sa\u011flar. Modern teknolojiyle geli\u015ftirilen sistemlerimiz, kreatif tasar\u0131mlar ile birle\u015ferek stand\u0131n\u0131z\u0131 \u00f6ne \u00e7\u0131kar\u0131r.<\/p>\n<p data-start=\"1616\" data-end=\"1720\">Mod\u00fcler yap\u0131m\u0131z sayesinde;<br data-start=\"1642\" data-end=\"1645\" \/>\u2022 Daha az yer kaplar,<br data-start=\"1666\" data-end=\"1669\" \/>\u2022 Kolay ta\u015f\u0131n\u0131r,<br data-start=\"1685\" data-end=\"1688\" \/>\u2022 Daha ekonomik kurulum yap\u0131l\u0131r.<\/p>\n<p data-start=\"1722\" data-end=\"1875\">\u0130stanbul merkezli firmam\u0131zla T\u00fcrkiye genelinde ve yurtd\u0131\u015f\u0131nda hizmetinizdeyiz. Fuar stand\u0131, backdrop ve lightbox sistemleri i\u00e7in bizimle ileti\u015fime ge\u00e7in.<\/p>\n<p data-start=\"1877\" data-end=\"1955\"> <strong data-start=\"1880\" data-end=\"1903\">Destek ve WhatsApp:<\/strong> 0216 599 01 07<br data-start=\"1918\" data-end=\"1921\" \/> <strong data-start=\"1924\" data-end=\"1936\">E-posta:<\/strong> <a class=\"cursor-pointer\" rel=\"noopener\" data-start=\"1937\" data-end=\"1955\">info@dekopa.com.tr<\/a><\/p>","protected":false},"excerpt":{"rendered":"<p data-start=\"102\" data-end=\"162\"><strong data-start=\"102\" data-end=\"162\">300&#215;230 cm \u0130\u00e7ten Ayd\u0131nlatmal\u0131 DS Mod\u00fcler Lightbox Stand\u0131<\/strong><\/p>\n<p data-start=\"164\" data-end=\"508\">\u0130\u00e7ten ayd\u0131nlatmal\u0131 <strong data-start=\"183\" data-end=\"206\">DS Modular Lightbox<\/strong> sistemi ile tasarlanan bu 300&#215;230 cm \u00f6l\u00e7\u00fclerindeki fuar ve kongre stand\u0131, y\u00fcksek g\u00f6rsel etki ve i\u015flevsellik sunar. <strong data-start=\"322\" data-end=\"358\">Alet gerektirmeyen kolay kurulum<\/strong> \u00f6zelli\u011fi sayesinde dakikalar i\u00e7inde kurulabilir. Hafif ve <strong data-start=\"417\" data-end=\"439\">ta\u015f\u0131nabilir yap\u0131s\u0131<\/strong>, hem yurti\u00e7i hem de yurtd\u0131\u015f\u0131 etkinliklerde pratik kullan\u0131m sa\u011flar.<\/p>\n<p data-start=\"510\" data-end=\"796\">Stand\u0131n i\u00e7erisinde kullan\u0131lan <strong data-start=\"540\" data-end=\"570\">24V LED ayd\u0131nlatma sistemi<\/strong>, y\u00fcksek kaliteli <strong data-start=\"588\" data-end=\"605\">UV bask\u0131larla<\/strong> birle\u015ferek dikkat \u00e7ekici bir sunum deneyimi olu\u015fturur. Estetik g\u00f6r\u00fcn\u00fcm, g\u00fc\u00e7l\u00fc marka vurgusu ve mod\u00fcler yap\u0131 avantaj\u0131yla, fuar alan\u0131nda fark yaratmak isteyen markalar i\u00e7in ideal bir \u00e7\u00f6z\u00fcmd\u00fcr.<\/p>","protected":false},"featured_media":13757,"comment_status":"open","ping_status":"closed","template":"","meta":[],"product_brand":[],"product_cat":[979,623,521],"product_tag":[1231,1232,1230,1233,1229,1236,1238,1234,1237,652,1052,1235,1240,617,1241,1239,724,820],"class_list":{"0":"post-13753","1":"product","2":"type-product","3":"status-publish","4":"has-post-thumbnail","6":"product_cat-ds-moduler-lightbox","7":"product_cat-lightbox-sistemleri","8":"product_cat-urunler","9":"product_tag-300x230-birim-stand","10":"product_tag-300x230-isikli-pano","11":"product_tag-300x230-kongre-lightbox","12":"product_tag-300x230-moduler-display","13":"product_tag-300x230-moduler-lightbox","14":"product_tag-300x230-moduler-lightbox-kongre-stand","15":"product_tag-ds-lightbox","16":"product_tag-fuar-standi","17":"product_tag-icten-aydinlatmali-lightbox","18":"product_tag-isikli-orumcek-stand","19":"product_tag-isikli-reklam-panosu","20":"product_tag-kongre-standi","21":"product_tag-ledli-fuar-standi","22":"product_tag-moduler-lightbox","23":"product_tag-moduler-stand","24":"product_tag-moduler-stant-sistemi","25":"product_tag-orumcek-stand","26":"product_tag-tasinabilir-fuar-standi","28":"first","29":"instock","30":"shipping-taxable","31":"product-type-simple"},"yoast_head":"<!-- This site is optimized with the Yoast SEO Premium plugin v25.3.1 (Yoast SEO v27.4) - https:\/\/yoast.com\/product\/yoast-seo-premium-wordpress\/ -->\n<title>300x230 Mod\u00fcler Lightbox Stand - DEKOPA MOD\u00dcLER FUAR STANDLARI<\/title>\n<meta name=\"description\" content=\"\u0130\u00e7ten ayd\u0131nlatmal\u0131 DS Mod\u00fcler Lightbox sistemi ile tasarlanm\u0131\u015f 300x230 cm \u00f6l\u00e7\u00fclerinde kongre ve fuar stand\u0131. Alet gerektirmeden kurulabilen, ta\u015f\u0131nabilir yap\u0131s\u0131yla pratik \u00e7\u00f6z\u00fcmler sunar. 24V LED ayd\u0131nlatma ve y\u00fcksek kaliteli UV bask\u0131yla maksimum g\u00f6rsel etki sa\u011flar.\" \/>\n<meta name=\"robots\" content=\"index, follow, max-snippet:-1, max-image-preview:large, max-video-preview:-1\" \/>\n<link rel=\"canonical\" href=\"https:\/\/ds.dekopa.com.tr\/en\/product\/300x230cm-moduler-lightbox-kongre-standi\/\" \/>\n<meta property=\"og:locale\" content=\"en_US\" \/>\n<meta property=\"og:type\" content=\"article\" \/>\n<meta property=\"og:title\" content=\"300x230 Mod\u00fcler Lightbox Stand - DEKOPA MOD\u00dcLER FUAR STANDLARI\" \/>\n<meta property=\"og:description\" content=\"\u0130\u00e7ten ayd\u0131nlatmal\u0131 DS Mod\u00fcler Lightbox sistemi ile tasarlanm\u0131\u015f 300x230 cm \u00f6l\u00e7\u00fclerinde kongre ve fuar stand\u0131. Alet gerektirmeden kurulabilen, ta\u015f\u0131nabilir yap\u0131s\u0131yla pratik \u00e7\u00f6z\u00fcmler sunar. 24V LED ayd\u0131nlatma ve y\u00fcksek kaliteli UV bask\u0131yla maksimum g\u00f6rsel etki sa\u011flar.\" \/>\n<meta property=\"og:url\" content=\"https:\/\/ds.dekopa.com.tr\/en\/product\/300x230cm-moduler-lightbox-kongre-standi\/\" \/>\n<meta property=\"og:site_name\" content=\"DEKOPA MOD\u00dcLER FUAR STANDLARI\" \/>\n<meta property=\"article:publisher\" content=\"https:\/\/www.facebook.com\/dekopa.com.tr\" \/>\n<meta property=\"article:modified_time\" content=\"2025-07-09T05:20:33+00:00\" \/>\n<meta property=\"og:image\" content=\"https:\/\/ds.dekopa.com.tr\/wp-content\/uploads\/300x230-cm-Moduler-isikli-lightbox.webp\" \/>\n\t<meta property=\"og:image:width\" content=\"2000\" \/>\n\t<meta property=\"og:image:height\" content=\"2000\" \/>\n\t<meta property=\"og:image:type\" content=\"image\/webp\" \/>\n<meta name=\"twitter:card\" content=\"summary_large_image\" \/>\n<meta name=\"twitter:title\" content=\"300x230 Mod\u00fcler Lightbox Stand\" \/>\n<meta name=\"twitter:label1\" content=\"Price\" \/>\n\t<meta name=\"twitter:data1\" content=\"\" \/>\n\t<meta name=\"twitter:label2\" content=\"Availability\" \/>\n\t<meta name=\"twitter:data2\" content=\"In stock\" \/>\n<script type=\"application\/ld+json\" class=\"yoast-schema-graph\">{\"@context\":\"https:\\\/\\\/schema.org\",\"@graph\":[{\"@type\":\"WebPage\",\"@id\":\"https:\\\/\\\/ds.dekopa.com.tr\\\/urun\\\/300x230cm-moduler-lightbox-kongre-standi\\\/\",\"url\":\"https:\\\/\\\/ds.dekopa.com.tr\\\/urun\\\/300x230cm-moduler-lightbox-kongre-standi\\\/\",\"name\":\"300x230 Mod\u00fcler Lightbox Stand - DEKOPA MOD\u00dcLER FUAR STANDLARI\",\"isPartOf\":{\"@id\":\"https:\\\/\\\/ds.dekopa.com.tr\\\/#website\"},\"primaryImageOfPage\":{\"@id\":\"https:\\\/\\\/ds.dekopa.com.tr\\\/urun\\\/300x230cm-moduler-lightbox-kongre-standi\\\/#primaryimage\"},\"image\":{\"@id\":\"https:\\\/\\\/ds.dekopa.com.tr\\\/urun\\\/300x230cm-moduler-lightbox-kongre-standi\\\/#primaryimage\"},\"thumbnailUrl\":\"https:\\\/\\\/ds.dekopa.com.tr\\\/wp-content\\\/uploads\\\/300x230-cm-Moduler-isikli-lightbox.webp\",\"datePublished\":\"2025-07-09T04:53:02+00:00\",\"dateModified\":\"2025-07-09T05:20:33+00:00\",\"description\":\"\u0130\u00e7ten ayd\u0131nlatmal\u0131 DS Mod\u00fcler Lightbox sistemi ile tasarlanm\u0131\u015f 300x230 cm \u00f6l\u00e7\u00fclerinde kongre ve fuar stand\u0131. Alet gerektirmeden kurulabilen, ta\u015f\u0131nabilir yap\u0131s\u0131yla pratik \u00e7\u00f6z\u00fcmler sunar. 24V LED ayd\u0131nlatma ve y\u00fcksek kaliteli UV bask\u0131yla maksimum g\u00f6rsel etki sa\u011flar.\",\"breadcrumb\":{\"@id\":\"https:\\\/\\\/ds.dekopa.com.tr\\\/urun\\\/300x230cm-moduler-lightbox-kongre-standi\\\/#breadcrumb\"},\"inLanguage\":\"en-US\",\"potentialAction\":[{\"@type\":\"ReadAction\",\"target\":[\"https:\\\/\\\/ds.dekopa.com.tr\\\/urun\\\/300x230cm-moduler-lightbox-kongre-standi\\\/\"]}]},{\"@type\":\"ImageObject\",\"inLanguage\":\"en-US\",\"@id\":\"https:\\\/\\\/ds.dekopa.com.tr\\\/urun\\\/300x230cm-moduler-lightbox-kongre-standi\\\/#primaryimage\",\"url\":\"https:\\\/\\\/ds.dekopa.com.tr\\\/wp-content\\\/uploads\\\/300x230-cm-Moduler-isikli-lightbox.webp\",\"contentUrl\":\"https:\\\/\\\/ds.dekopa.com.tr\\\/wp-content\\\/uploads\\\/300x230-cm-Moduler-isikli-lightbox.webp\",\"width\":2000,\"height\":2000,\"caption\":\"DS Mod\u00fcler 300x230 cm Lightbox Stand \u2013 \u0130\u00e7ten ayd\u0131nlatmal\u0131 kongre stand\u0131\"},{\"@type\":\"BreadcrumbList\",\"@id\":\"https:\\\/\\\/ds.dekopa.com.tr\\\/urun\\\/300x230cm-moduler-lightbox-kongre-standi\\\/#breadcrumb\",\"itemListElement\":[{\"@type\":\"ListItem\",\"position\":1,\"name\":\"Ana sayfa\",\"item\":\"https:\\\/\\\/ds.dekopa.com.tr\\\/\"},{\"@type\":\"ListItem\",\"position\":2,\"name\":\"Mod\u00fcler Standlar\",\"item\":\"https:\\\/\\\/ds.dekopa.com.tr\\\/moduler_standlar\\\/\"},{\"@type\":\"ListItem\",\"position\":3,\"name\":\"300&#215;230 Mod\u00fcler Lightbox Stand\"}]},{\"@type\":\"WebSite\",\"@id\":\"https:\\\/\\\/ds.dekopa.com.tr\\\/#website\",\"url\":\"https:\\\/\\\/ds.dekopa.com.tr\\\/\",\"name\":\"Dekopa Dijital Bask\u0131\",\"description\":\"MOD\u00dcLER FUAR VE KONGRE S\u0130STEMLER\u0130\",\"publisher\":{\"@id\":\"https:\\\/\\\/ds.dekopa.com.tr\\\/#organization\"},\"potentialAction\":[{\"@type\":\"SearchAction\",\"target\":{\"@type\":\"EntryPoint\",\"urlTemplate\":\"https:\\\/\\\/ds.dekopa.com.tr\\\/?s={search_term_string}\"},\"query-input\":{\"@type\":\"PropertyValueSpecification\",\"valueRequired\":true,\"valueName\":\"search_term_string\"}}],\"inLanguage\":\"en-US\"},{\"@type\":\"Organization\",\"@id\":\"https:\\\/\\\/ds.dekopa.com.tr\\\/#organization\",\"name\":\"Dekopa Display - UV Bask\u0131\",\"url\":\"https:\\\/\\\/ds.dekopa.com.tr\\\/\",\"logo\":{\"@type\":\"ImageObject\",\"inLanguage\":\"en-US\",\"@id\":\"https:\\\/\\\/ds.dekopa.com.tr\\\/#\\\/schema\\\/logo\\\/image\\\/\",\"url\":\"https:\\\/\\\/ds.dekopa.com.tr\\\/wp-content\\\/uploads\\\/2020\\\/12\\\/dekopa_logo-copy-1.jpg\",\"contentUrl\":\"https:\\\/\\\/ds.dekopa.com.tr\\\/wp-content\\\/uploads\\\/2020\\\/12\\\/dekopa_logo-copy-1.jpg\",\"width\":200,\"height\":80,\"caption\":\"Dekopa Display - UV Bask\u0131\"},\"image\":{\"@id\":\"https:\\\/\\\/ds.dekopa.com.tr\\\/#\\\/schema\\\/logo\\\/image\\\/\"},\"sameAs\":[\"https:\\\/\\\/www.facebook.com\\\/dekopa.com.tr\",\"https:\\\/\\\/www.instagram.com\\\/dekopa_print\\\/\",\"https:\\\/\\\/tr.pinterest.com\\\/DekopaDesing\\\/\",\"https:\\\/\\\/www.youtube.com\\\/channel\\\/UCchP6AzeKOz_2L5SQ8l10mA\\\/\"]}]}<\/script>\n<meta property=\"product:price:currency\" content=\"USD\" \/>\n<meta property=\"og:availability\" content=\"instock\" \/>\n<meta property=\"product:availability\" content=\"instock\" \/>\n<meta property=\"product:condition\" content=\"new\" \/>\n<!-- \/ Yoast SEO Premium plugin. -->","yoast_head_json":{"title":"300x230 Mod\u00fcler Lightbox Stand - DEKOPA MOD\u00dcLER FUAR STANDLARI","description":"\u0130\u00e7ten ayd\u0131nlatmal\u0131 DS Mod\u00fcler Lightbox sistemi ile tasarlanm\u0131\u015f 300x230 cm \u00f6l\u00e7\u00fclerinde kongre ve fuar stand\u0131. Alet gerektirmeden kurulabilen, ta\u015f\u0131nabilir yap\u0131s\u0131yla pratik \u00e7\u00f6z\u00fcmler sunar. 24V LED ayd\u0131nlatma ve y\u00fcksek kaliteli UV bask\u0131yla maksimum g\u00f6rsel etki sa\u011flar.","robots":{"index":"index","follow":"follow","max-snippet":"max-snippet:-1","max-image-preview":"max-image-preview:large","max-video-preview":"max-video-preview:-1"},"canonical":"https:\/\/ds.dekopa.com.tr\/en\/product\/300x230cm-moduler-lightbox-kongre-standi\/","og_locale":"en_US","og_type":"article","og_title":"300x230 Mod\u00fcler Lightbox Stand - DEKOPA MOD\u00dcLER FUAR STANDLARI","og_description":"\u0130\u00e7ten ayd\u0131nlatmal\u0131 DS Mod\u00fcler Lightbox sistemi ile tasarlanm\u0131\u015f 300x230 cm \u00f6l\u00e7\u00fclerinde kongre ve fuar stand\u0131. Alet gerektirmeden kurulabilen, ta\u015f\u0131nabilir yap\u0131s\u0131yla pratik \u00e7\u00f6z\u00fcmler sunar. 24V LED ayd\u0131nlatma ve y\u00fcksek kaliteli UV bask\u0131yla maksimum g\u00f6rsel etki sa\u011flar.","og_url":"https:\/\/ds.dekopa.com.tr\/en\/product\/300x230cm-moduler-lightbox-kongre-standi\/","og_site_name":"DEKOPA MOD\u00dcLER FUAR STANDLARI","article_publisher":"https:\/\/www.facebook.com\/dekopa.com.tr","article_modified_time":"2025-07-09T05:20:33+00:00","og_image":[{"width":2000,"height":2000,"url":"https:\/\/ds.dekopa.com.tr\/wp-content\/uploads\/300x230-cm-Moduler-isikli-lightbox.webp","type":"image\/webp"}],"twitter_card":"summary_large_image","twitter_title":"300x230 Mod\u00fcler Lightbox Stand","twitter_misc":{"Price":"","Availability":"In stock"},"schema":{"@context":"https:\/\/schema.org","@graph":[{"@type":"WebPage","@id":"https:\/\/ds.dekopa.com.tr\/urun\/300x230cm-moduler-lightbox-kongre-standi\/","url":"https:\/\/ds.dekopa.com.tr\/urun\/300x230cm-moduler-lightbox-kongre-standi\/","name":"300x230 Mod\u00fcler Lightbox Stand - DEKOPA MOD\u00dcLER FUAR STANDLARI","isPartOf":{"@id":"https:\/\/ds.dekopa.com.tr\/#website"},"primaryImageOfPage":{"@id":"https:\/\/ds.dekopa.com.tr\/urun\/300x230cm-moduler-lightbox-kongre-standi\/#primaryimage"},"image":{"@id":"https:\/\/ds.dekopa.com.tr\/urun\/300x230cm-moduler-lightbox-kongre-standi\/#primaryimage"},"thumbnailUrl":"https:\/\/ds.dekopa.com.tr\/wp-content\/uploads\/300x230-cm-Moduler-isikli-lightbox.webp","datePublished":"2025-07-09T04:53:02+00:00","dateModified":"2025-07-09T05:20:33+00:00","description":"\u0130\u00e7ten ayd\u0131nlatmal\u0131 DS Mod\u00fcler Lightbox sistemi ile tasarlanm\u0131\u015f 300x230 cm \u00f6l\u00e7\u00fclerinde kongre ve fuar stand\u0131. Alet gerektirmeden kurulabilen, ta\u015f\u0131nabilir yap\u0131s\u0131yla pratik \u00e7\u00f6z\u00fcmler sunar. 24V LED ayd\u0131nlatma ve y\u00fcksek kaliteli UV bask\u0131yla maksimum g\u00f6rsel etki sa\u011flar.","breadcrumb":{"@id":"https:\/\/ds.dekopa.com.tr\/urun\/300x230cm-moduler-lightbox-kongre-standi\/#breadcrumb"},"inLanguage":"en-US","potentialAction":[{"@type":"ReadAction","target":["https:\/\/ds.dekopa.com.tr\/urun\/300x230cm-moduler-lightbox-kongre-standi\/"]}]},{"@type":"ImageObject","inLanguage":"en-US","@id":"https:\/\/ds.dekopa.com.tr\/urun\/300x230cm-moduler-lightbox-kongre-standi\/#primaryimage","url":"https:\/\/ds.dekopa.com.tr\/wp-content\/uploads\/300x230-cm-Moduler-isikli-lightbox.webp","contentUrl":"https:\/\/ds.dekopa.com.tr\/wp-content\/uploads\/300x230-cm-Moduler-isikli-lightbox.webp","width":2000,"height":2000,"caption":"DS Mod\u00fcler 300x230 cm Lightbox Stand \u2013 \u0130\u00e7ten ayd\u0131nlatmal\u0131 kongre stand\u0131"},{"@type":"BreadcrumbList","@id":"https:\/\/ds.dekopa.com.tr\/urun\/300x230cm-moduler-lightbox-kongre-standi\/#breadcrumb","itemListElement":[{"@type":"ListItem","position":1,"name":"Ana sayfa","item":"https:\/\/ds.dekopa.com.tr\/"},{"@type":"ListItem","position":2,"name":"Mod\u00fcler Standlar","item":"https:\/\/ds.dekopa.com.tr\/moduler_standlar\/"},{"@type":"ListItem","position":3,"name":"300&#215;230 Mod\u00fcler Lightbox Stand"}]},{"@type":"WebSite","@id":"https:\/\/ds.dekopa.com.tr\/#website","url":"https:\/\/ds.dekopa.com.tr\/","name":"Dekopa Dijital Bask\u0131","description":"MOD\u00dcLER FUAR VE KONGRE S\u0130STEMLER\u0130","publisher":{"@id":"https:\/\/ds.dekopa.com.tr\/#organization"},"potentialAction":[{"@type":"SearchAction","target":{"@type":"EntryPoint","urlTemplate":"https:\/\/ds.dekopa.com.tr\/?s={search_term_string}"},"query-input":{"@type":"PropertyValueSpecification","valueRequired":true,"valueName":"search_term_string"}}],"inLanguage":"en-US"},{"@type":"Organization","@id":"https:\/\/ds.dekopa.com.tr\/#organization","name":"Dekopa Display - UV Bask\u0131","url":"https:\/\/ds.dekopa.com.tr\/","logo":{"@type":"ImageObject","inLanguage":"en-US","@id":"https:\/\/ds.dekopa.com.tr\/#\/schema\/logo\/image\/","url":"https:\/\/ds.dekopa.com.tr\/wp-content\/uploads\/2020\/12\/dekopa_logo-copy-1.jpg","contentUrl":"https:\/\/ds.dekopa.com.tr\/wp-content\/uploads\/2020\/12\/dekopa_logo-copy-1.jpg","width":200,"height":80,"caption":"Dekopa Display - UV Bask\u0131"},"image":{"@id":"https:\/\/ds.dekopa.com.tr\/#\/schema\/logo\/image\/"},"sameAs":["https:\/\/www.facebook.com\/dekopa.com.tr","https:\/\/www.instagram.com\/dekopa_print\/","https:\/\/tr.pinterest.com\/DekopaDesing\/","https:\/\/www.youtube.com\/channel\/UCchP6AzeKOz_2L5SQ8l10mA\/"]}]},"product_price_currency":"USD","og_availability":"instock","product_availability":"instock","product_condition":"new"},"_links":{"self":[{"href":"https:\/\/ds.dekopa.com.tr\/en\/wp-json\/wp\/v2\/product\/13753","targetHints":{"allow":["GET"]}}],"collection":[{"href":"https:\/\/ds.dekopa.com.tr\/en\/wp-json\/wp\/v2\/product"}],"about":[{"href":"https:\/\/ds.dekopa.com.tr\/en\/wp-json\/wp\/v2\/types\/product"}],"replies":[{"embeddable":true,"href":"https:\/\/ds.dekopa.com.tr\/en\/wp-json\/wp\/v2\/comments?post=13753"}],"wp:featuredmedia":[{"embeddable":true,"href":"https:\/\/ds.dekopa.com.tr\/en\/wp-json\/wp\/v2\/media\/13757"}],"wp:attachment":[{"href":"https:\/\/ds.dekopa.com.tr\/en\/wp-json\/wp\/v2\/media?parent=13753"}],"wp:term":[{"taxonomy":"product_brand","embeddable":true,"href":"https:\/\/ds.dekopa.com.tr\/en\/wp-json\/wp\/v2\/product_brand?post=13753"},{"taxonomy":"product_cat","embeddable":true,"href":"https:\/\/ds.dekopa.com.tr\/en\/wp-json\/wp\/v2\/product_cat?post=13753"},{"taxonomy":"product_tag","embeddable":true,"href":"https:\/\/ds.dekopa.com.tr\/en\/wp-json\/wp\/v2\/product_tag?post=13753"}],"curies":[{"name":"wp","href":"https:\/\/api.w.org\/{rel}","templated":true}]}}