{"id":13231,"date":"2025-06-23T00:23:16","date_gmt":"2025-06-22T21:23:16","guid":{"rendered":"https:\/\/ds.dekopa.com.tr\/?post_type=product&#038;p=13231"},"modified":"2025-06-25T16:31:52","modified_gmt":"2025-06-25T13:31:52","slug":"70x70-moduler-magaza-lightbox","status":"publish","type":"product","link":"https:\/\/ds.dekopa.com.tr\/en\/product\/70x70-moduler-magaza-lightbox\/","title":{"rendered":"70&#215;70 DS Mod\u00fcler Lightbox"},"content":{"rendered":"<p data-start=\"309\" data-end=\"568\">DS Mod\u00fcler sistemin k\u00fc\u00e7\u00fck ebatl\u0131 versiyonlar\u0131 olan <strong data-start=\"360\" data-end=\"380\">Mini DS Lightbox<\/strong> serisi;<br data-start=\"388\" data-end=\"391\" \/><strong data-start=\"391\" data-end=\"411\">mod\u00fcler lightbox<\/strong>, <strong data-start=\"413\" data-end=\"435\">ayakl\u0131 \u0131\u015f\u0131kl\u0131 pano<\/strong>, <strong data-start=\"437\" data-end=\"467\">\u00e7ift tarafl\u0131 reklam panosu<\/strong>, <strong data-start=\"469\" data-end=\"495\">duvara montaj lightbox<\/strong> and <strong data-start=\"499\" data-end=\"535\">tavandan asmal\u0131 stand sistemleri<\/strong> gibi farkl\u0131 formatlarda sunulur.<\/p>\n<p data-start=\"570\" data-end=\"962\">Ma\u011faza i\u00e7i g\u00f6rsel ileti\u015fimden AVM y\u00f6nlendirmelerine kadar pek \u00e7ok alanda dikkat \u00e7ekici \u00e7\u00f6z\u00fcmler sa\u011flar.<br data-start=\"673\" data-end=\"676\" \/><strong data-start=\"676\" data-end=\"685\">50&#215;70<\/strong>, <strong data-start=\"687\" data-end=\"697\">50&#215;150<\/strong>, <strong data-start=\"699\" data-end=\"709\">70&#215;100<\/strong>, <strong data-start=\"711\" data-end=\"721\">80&#215;200<\/strong> ve benzeri ebatlarda \u00fcretilen mini lightbox \u00fcr\u00fcnleri,<br data-start=\"775\" data-end=\"778\" \/><strong data-start=\"778\" data-end=\"793\">ta\u015f\u0131nabilir<\/strong>, <strong data-start=\"795\" data-end=\"812\">kolay kurulan<\/strong>, <strong data-start=\"814\" data-end=\"834\">LED ayd\u0131nlatmal\u0131<\/strong>, tekrar kullan\u0131labilir ve \u00e7evre dostudur.<br data-start=\"876\" data-end=\"879\" \/>Bask\u0131s\u0131 kolayca de\u011fi\u015ftirilebilir, hafif g\u00f6vdesiyle montaj ve ta\u015f\u0131ma avantaj\u0131 sunar.<\/p>\n<p><span class=\"s1\">+ Kolay kurulum<br \/>\n+ Sat\u0131\u015f yada kiralama opsiyonlar\u0131<br \/>\n+ Alet gerektirmeyen kurulum<br \/>\n+ Usta gerektirmez<br \/>\n+ \u00c7antal\u0131 Kolay Ta\u015f\u0131nabilir<br \/>\n+ Plastik Profiller ve Aparatlar<br \/>\n+ 24V &#8211; 12V Power Led ve Trafo<\/span><\/p>\n<p>Standart Ebatlar\u0131m\u0131z<br \/>\n50&#215;70 lightbox pano<br data-start=\"1502\" data-end=\"1505\" \/>50&#215;150 ledli tan\u0131t\u0131m paneli<br data-start=\"1532\" data-end=\"1535\" \/>70&#215;100 ayakl\u0131 reklam stand\u0131 ((Rollup &#8211; Stand))<br data-start=\"1562\" data-end=\"1565\" \/>80&#215;200 \u00e7ift y\u00f6nl\u00fc pano (Rollup &#8211; Stand)<br data-start=\"1587\" data-end=\"1590\" \/>100&#215;150 duvara montaj lightbox<br data-start=\"1620\" data-end=\"1623\" \/>35&#215;150 tavandan asma pano<br data-start=\"1648\" data-end=\"1651\" \/>50&#215;200 \u00e7ift tarafl\u0131 lightbox<br data-start=\"1679\" data-end=\"1682\" data-is-only-node=\"\" \/>70&#215;70 vitrin i\u00e7i \u0131\u015f\u0131kl\u0131 pano<br data-start=\"1710\" data-end=\"1713\" \/>100&#215;200 led tan\u0131t\u0131m sistemi<br data-start=\"1740\" data-end=\"1743\" \/>35&#215;100 asma tip reklam panosu<\/p>\n<h2 data-start=\"969\" data-end=\"1034\"><strong data-start=\"974\" data-end=\"1034\">Kullan\u0131m Alanlar\u0131 ve Ama\u00e7lar\u0131 \u2013 Mini Lightbox Sistemleri<\/strong><\/h2>\n<h3 data-start=\"1036\" data-end=\"1067\"> <strong data-start=\"1043\" data-end=\"1067\">Ma\u011faza \u0130\u00e7i Kullan\u0131m:<\/strong><\/h3>\n<ul data-start=\"1068\" data-end=\"1307\">\n<li data-start=\"1068\" data-end=\"1132\">\n<p data-start=\"1070\" data-end=\"1132\"><strong data-start=\"1070\" data-end=\"1094\">I\u015f\u0131kl\u0131 reklam panosu<\/strong> olarak kampanya ve indirim tan\u0131t\u0131m\u0131<\/p>\n<\/li>\n<li data-start=\"1133\" data-end=\"1184\">\n<p data-start=\"1135\" data-end=\"1184\"><strong data-start=\"1135\" data-end=\"1160\">Ayakl\u0131 tan\u0131t\u0131m stand\u0131<\/strong> ile yeni \u00fcr\u00fcn vurgusu<\/p>\n<\/li>\n<li data-start=\"1185\" data-end=\"1251\">\n<p data-start=\"1187\" data-end=\"1251\"><strong data-start=\"1187\" data-end=\"1218\">Mini lightbox vitrin panosu<\/strong> ile dikkat \u00e7ekici marka sunumu<\/p>\n<\/li>\n<li data-start=\"1252\" data-end=\"1307\">\n<p data-start=\"1254\" data-end=\"1307\"><strong data-start=\"1254\" data-end=\"1275\">Raf \u00fcst\u00fc LED pano<\/strong> ile reyon \u00f6n\u00fc promosyon te\u015fhiri<\/p>\n<\/li>\n<\/ul>\n<h3 data-start=\"1309\" data-end=\"1348\"> <strong data-start=\"1316\" data-end=\"1348\">Showroom ve Sat\u0131\u015f Noktalar\u0131:<\/strong><\/h3>\n<ul data-start=\"1349\" data-end=\"1590\">\n<li data-start=\"1349\" data-end=\"1409\">\n<p data-start=\"1351\" data-end=\"1409\"><strong data-start=\"1351\" data-end=\"1382\">Mod\u00fcler lightbox sistemleri<\/strong> ile marka ve \u00fcr\u00fcn sunumu<\/p>\n<\/li>\n<li data-start=\"1410\" data-end=\"1470\">\n<p data-start=\"1412\" data-end=\"1470\"><strong data-start=\"1412\" data-end=\"1438\">Duvara montaj led pano<\/strong> olarak sabit tan\u0131t\u0131m alanlar\u0131<\/p>\n<\/li>\n<li data-start=\"1471\" data-end=\"1539\">\n<p data-start=\"1473\" data-end=\"1539\"><strong data-start=\"1473\" data-end=\"1507\">Tavandan ask\u0131l\u0131 tan\u0131t\u0131m panosu<\/strong> ile cam \u00f6nlerinde y\u00f6nlendirme<\/p>\n<\/li>\n<li data-start=\"1540\" data-end=\"1590\">\n<p data-start=\"1542\" data-end=\"1590\"><strong data-start=\"1542\" data-end=\"1568\">\u00c7ift y\u00f6nl\u00fc \u0131\u015f\u0131kl\u0131 pano<\/strong> ile geni\u015f g\u00f6r\u00fc\u015f a\u00e7\u0131s\u0131<\/p>\n<\/li>\n<\/ul>\n<h3 data-start=\"1592\" data-end=\"1627\"> <strong data-start=\"1599\" data-end=\"1627\">AVM ve Zincir Ma\u011fazalar:<\/strong><\/h3>\n<ul data-start=\"1628\" data-end=\"1822\">\n<li data-start=\"1628\" data-end=\"1691\">\n<p data-start=\"1630\" data-end=\"1691\"><strong data-start=\"1630\" data-end=\"1659\">Ta\u015f\u0131nabilir reklam stand\u0131<\/strong> ile koridor i\u00e7i bilgilendirme<\/p>\n<\/li>\n<li data-start=\"1692\" data-end=\"1760\">\n<p data-start=\"1694\" data-end=\"1760\"><strong data-start=\"1694\" data-end=\"1730\">Lightbox fuar stand\u0131 ebatlar\u0131nda<\/strong> AVM i\u00e7i kampanya duyurular\u0131<\/p>\n<\/li>\n<li data-start=\"1761\" data-end=\"1822\">\n<p data-start=\"1763\" data-end=\"1822\"><strong data-start=\"1763\" data-end=\"1804\">Ma\u011faza i\u00e7i mod\u00fcler y\u00f6nlendirme panosu<\/strong> olarak kullan\u0131l\u0131r<\/p>\n<\/li>\n<\/ul>\n<h3 data-start=\"1824\" data-end=\"1861\"> <strong data-start=\"1831\" data-end=\"1861\">Sa\u011fl\u0131k &amp; Kozmetik Sekt\u00f6r\u00fc:<\/strong><\/h3>\n<ul data-start=\"1862\" data-end=\"2055\">\n<li data-start=\"1862\" data-end=\"1917\">\n<p data-start=\"1864\" data-end=\"1917\"><strong data-start=\"1864\" data-end=\"1890\">Eczane vitrin lightbox<\/strong> ile \u00fcr\u00fcn bilgilendirmesi<\/p>\n<\/li>\n<li data-start=\"1918\" data-end=\"1980\">\n<p data-start=\"1920\" data-end=\"1980\"><strong data-start=\"1920\" data-end=\"1950\">Optik ma\u011faza \u0131\u015f\u0131kl\u0131 panosu<\/strong> ile lens ve g\u00f6zl\u00fck tan\u0131t\u0131m\u0131<\/p>\n<\/li>\n<li data-start=\"1981\" data-end=\"2055\">\n<p data-start=\"1983\" data-end=\"2055\"><strong data-start=\"1983\" data-end=\"2024\">Kozmetik standlar\u0131 i\u00e7in mini lightbox<\/strong> ile dikkat \u00e7ekici g\u00f6rsel sunum<\/p>\n<\/li>\n<\/ul>\n<h3 data-start=\"2057\" data-end=\"2098\"> <strong data-start=\"2064\" data-end=\"2098\">Horeca (Otel, Restoran, Kafe):<\/strong><\/h3>\n<ul data-start=\"2099\" data-end=\"2264\">\n<li data-start=\"2099\" data-end=\"2162\">\n<p data-start=\"2101\" data-end=\"2162\"><strong data-start=\"2101\" data-end=\"2126\">LED ayd\u0131nlatmal\u0131 pano<\/strong> ile men\u00fc veya kampanya duyurular\u0131<\/p>\n<\/li>\n<li data-start=\"2163\" data-end=\"2205\">\n<p data-start=\"2165\" data-end=\"2205\"><strong data-start=\"2165\" data-end=\"2203\">I\u015f\u0131kl\u0131 i\u00e7 mekan y\u00f6nlendirme stand\u0131<\/strong><\/p>\n<\/li>\n<li data-start=\"2206\" data-end=\"2264\">\n<p data-start=\"2208\" data-end=\"2264\"><strong data-start=\"2208\" data-end=\"2240\">Resepsiyon yan\u0131 bilgi panosu<\/strong> olarak estetik kullan\u0131m<\/p>\n<p><strong data-start=\"2271\" data-end=\"2291\">Mini DS Lightbox<\/strong> sistemleri, ihtiyaca g\u00f6re <strong data-start=\"2318\" data-end=\"2334\">\u00e7ift tarafl\u0131<\/strong>, <strong data-start=\"2336\" data-end=\"2346\">ayakl\u0131<\/strong>, <strong data-start=\"2348\" data-end=\"2360\">asma tip<\/strong> veya <strong data-start=\"2366\" data-end=\"2380\">duvar tipi<\/strong> olarak uygulanabilir.<br data-start=\"2402\" data-end=\"2405\" \/><strong data-start=\"2405\" data-end=\"2422\">Mod\u00fcler stand<\/strong>, <strong data-start=\"2424\" data-end=\"2449\">\u0131\u015f\u0131kl\u0131 tan\u0131t\u0131m stand\u0131<\/strong>, <strong data-start=\"2451\" data-end=\"2472\">LED reklam panosu<\/strong> arayan firmalar i\u00e7in ideal \u00e7\u00f6z\u00fcmd\u00fcr.<br data-start=\"2509\" data-end=\"2512\" \/>Kolay kurulum, ta\u015f\u0131nabilir yap\u0131 ve d\u00fc\u015f\u00fck enerji t\u00fcketimiyle, hem <strong data-start=\"2577\" data-end=\"2606\">fiyat-performans avantaj\u0131<\/strong> hem de <strong data-start=\"2614\" data-end=\"2637\">profesyonel g\u00f6r\u00fcn\u00fcm<\/strong> sunar.<\/p>\n<\/li>\n<\/ul>\n<p><a href=\"https:\/\/www.dekopa.com.tr\/Dekopa_Lightbox_Set.pdf\" target=\"_blank\" rel=\"noopener\">\u00dcr\u00fcn setleri i\u00e7in katalo\u011fumuzu indirin.<\/a><br \/>\n<a href=\"https:\/\/www.dekopa.com.tr\/DS-LIGHTBOX (1).pdf\" target=\"_blank\" rel=\"noopener\">DS Mod\u00fcler Lightbox Sistem Katalo\u011fu<\/a><br \/>\n<a href=\"https:\/\/www.dekopa.com.tr\/Dekopa_mini_lightbox 2.pdf\" target=\"_blank\" rel=\"noopener\">DS Standart Lightbox<\/a><br \/>\n<a href=\"https:\/\/www.dekopa.com.tr\/DEKOPA_CUBE_LIGHTBOX.pdf\" target=\"_blank\" rel=\"noopener\">K\u00fcp Lightbox Katalo\u011fu<\/a><\/p>\n<p><a href=\"https:\/\/www.youtube.com\/@Dekopa-DS\" target=\"_blank\" rel=\"noopener\">Youtube Videolar\u0131m\u0131z<\/a><\/p>\n<p><a href=\"https:\/\/ds.dekopa.com.tr\/en\/product-category\/moduler_ledbox_lightbox_paneller\/\">Standart \u00fcr\u00fcnler i\u00e7in sayfam\u0131z\u0131 ziyaret edin.<\/a><\/p>\n<p>Mod\u00fcler Fuar Stand\u0131 &#8211; Backdrop &#8211; Lightbox \u00dcr\u00fcnlerimizi <a href=\"https:\/\/ds.dekopa.com.tr\/en\/ledbox-lightbox-tekstilbox-ledframe\/\">\u0130ncelemek \u0130\u00e7in Hemen T\u0131klay\u0131n!<\/a><\/p>\n<p>Her t\u00fcrl\u00fc soru, \u00f6neri veya talepleriniz i\u00e7in bize ula\u015fmaktan \u00e7ekinmeyin.<br \/>\nTelefon ve Whatsapp : 0216 599 01 07<br \/>\n<a href=\"mailto:info@dekopa.com.tr\">info@dekopa.com.tr<\/a><\/p>","protected":false},"excerpt":{"rendered":"<p class=\"p1\">70&#215;70 DS Mod\u00fcler Lightbox<\/p>\n<p class=\"p1\"><strong data-start=\"2271\" data-end=\"2291\">Mini DS Lightbox<\/strong> sistemleri, ihtiyaca g\u00f6re <strong data-start=\"2318\" data-end=\"2334\">\u00e7ift tarafl\u0131<\/strong>, <strong data-start=\"2336\" data-end=\"2346\">ayakl\u0131<\/strong>, <strong data-start=\"2348\" data-end=\"2360\">asma tip<\/strong> veya <strong data-start=\"2366\" data-end=\"2380\">duvar tipi<\/strong> olarak uygulanabilir.<br data-start=\"2402\" data-end=\"2405\" \/><strong data-start=\"2405\" data-end=\"2422\">Mod\u00fcler stand<\/strong>, <strong data-start=\"2424\" data-end=\"2449\">\u0131\u015f\u0131kl\u0131 tan\u0131t\u0131m stand\u0131<\/strong>, <strong data-start=\"2451\" data-end=\"2472\">LED reklam panosu<\/strong> arayan firmalar i\u00e7in ideal \u00e7\u00f6z\u00fcmd\u00fcr.<\/p>","protected":false},"featured_media":13264,"comment_status":"open","ping_status":"closed","template":"","meta":[],"product_brand":[],"product_cat":[623,521],"product_tag":[1095,1099,1100,1096,1092,1097,1091,1093,1098,1094,1085,1060,1078,1062,1069,1058,1057,1068,1059,1076,1081,1074,1065,1070,1052,1073,1063,1056,1053,1051,1055,1082,1071,1079,1090,1054,1066,1077,1083,1080,1089,1064,1084,1072,1087,1061,1067,1075,1088,1086],"class_list":{"0":"post-13231","1":"product","2":"type-product","3":"status-publish","4":"has-post-thumbnail","6":"product_cat-lightbox-sistemleri","7":"product_cat-urunler","8":"product_tag-100x150-duvara-montaj-lightbox","9":"product_tag-100x200-led-tanitim-sistemi","10":"product_tag-35x100-asma-tip-reklam-panosu","11":"product_tag-35x150-tavandan-asma-pano","12":"product_tag-50x150-ledli-tanitim-paneli","13":"product_tag-50x200-cift-tarafli-lightbox","14":"product_tag-50x70-lightbox-pano","15":"product_tag-70x100-ayakli-reklam-standi","16":"product_tag-70x70-vitrin-ici-isikli-pano","17":"product_tag-80x200-cift-yonlu-pano","18":"product_tag-alisveris-merkezi-reklam-panosu","19":"product_tag-asma-tip-lightbox","20":"product_tag-avm-ici-tanitim-panosu","21":"product_tag-ayakli-tanitim-standi","22":"product_tag-cercevesiz-led-pano","23":"product_tag-cift-tarafli-reklam-panosu","24":"product_tag-cift-yonlu-lightbox","25":"product_tag-degistirilebilir-baskili-pano","26":"product_tag-duvara-montaj-lightbox","27":"product_tag-eczane-urun-teshir-paneli","28":"product_tag-elektronik-magaza-lightbox","29":"product_tag-giyim-magazasi-led-pano","30":"product_tag-ic-mekan-lightbox","31":"product_tag-ince-cerceveli-lightbox","32":"product_tag-isikli-reklam-panosu","33":"product_tag-kozmetik-magaza-panosu","34":"product_tag-ledli-magaza-panosu","35":"product_tag-ledli-poster-standi","36":"product_tag-ledli-tanitim-paneli","37":"product_tag-lightbox-pano","38":"product_tag-lightbox-tabela","39":"product_tag-magaza-ici-kampanya-paneli","40":"product_tag-magaza-ici-yonlendirme-panosu","41":"product_tag-market-ici-kampanya-panosu","42":"product_tag-market-raf-ustu-led-pano","43":"product_tag-moduler-isikli-pano","44":"product_tag-moduler-vitrin-isigi","45":"product_tag-optik-vitrin-ici-led-pano","46":"product_tag-otellerde-ic-mekan-yonlendirme","47":"product_tag-parfum-stand-isikli-tabela","48":"product_tag-perakende-ici-aydinlatmali-pano","49":"product_tag-raf-ustu-tanitim-paneli","50":"product_tag-restoran-ici-isikli-menu-panosu","51":"product_tag-showroom-tanitim-standi","52":"product_tag-tanitim-ve-lansman-panosu","53":"product_tag-tavandan-asmali-pano","54":"product_tag-tek-tarafli-lightbox","55":"product_tag-teknoloji-magazasi-isikli-pano","56":"product_tag-urun-basi-reklam-paneli","57":"product_tag-vitrin-ici-ledli-stand","59":"first","60":"instock","61":"shipping-taxable","62":"product-type-simple"},"yoast_head":"<!-- This site is optimized with the Yoast SEO Premium plugin v25.3.1 (Yoast SEO v27.4) - https:\/\/yoast.com\/product\/yoast-seo-premium-wordpress\/ -->\n<title>70x70 DS Mod\u00fcler Lightbox - DEKOPA MOD\u00dcLER FUAR STANDLARI70x70 Mod\u00fcler Ma\u011faza Lightbox<\/title>\n<meta name=\"description\" content=\"70x70 Mod\u00fcler Ma\u011faza Lightbox \u00fcr\u00fcnlerimiz ile tan\u0131\u015f\u0131n.\u2028DS Mini Lightbox 70x70 \u2013 Tavandan ask\u0131l\u0131, raf \u00fcst\u00fc, Duvar uygulama i\u00e7 mekan ma\u011faza y\u00f6nlendirme panosu\" \/>\n<meta name=\"robots\" content=\"index, follow, max-snippet:-1, max-image-preview:large, max-video-preview:-1\" \/>\n<link rel=\"canonical\" href=\"https:\/\/ds.dekopa.com.tr\/en\/product\/70x70-moduler-magaza-lightbox\/\" \/>\n<meta property=\"og:locale\" content=\"en_US\" \/>\n<meta property=\"og:type\" content=\"article\" \/>\n<meta property=\"og:title\" content=\"70x70 DS Mod\u00fcler Lightbox\" \/>\n<meta property=\"og:description\" content=\"70x70 Mod\u00fcler Ma\u011faza Lightbox \u00fcr\u00fcnlerimiz ile tan\u0131\u015f\u0131n.\u2028DS Mini Lightbox 70x70 \u2013 Tavandan ask\u0131l\u0131, raf \u00fcst\u00fc, Duvar uygulama i\u00e7 mekan ma\u011faza y\u00f6nlendirme panosu\" \/>\n<meta property=\"og:url\" content=\"https:\/\/ds.dekopa.com.tr\/en\/product\/70x70-moduler-magaza-lightbox\/\" \/>\n<meta property=\"og:site_name\" content=\"DEKOPA MOD\u00dcLER FUAR STANDLARI\" \/>\n<meta property=\"article:publisher\" content=\"https:\/\/www.facebook.com\/dekopa.com.tr\" \/>\n<meta property=\"article:modified_time\" content=\"2025-06-25T13:31:52+00:00\" \/>\n<meta property=\"og:image\" content=\"https:\/\/ds.dekopa.com.tr\/wp-content\/uploads\/70x70_moduler_lightbox_magaza_lightbox_pano_ayakli_cift_yon-scaled.jpg\" \/>\n\t<meta property=\"og:image:width\" content=\"1920\" \/>\n\t<meta property=\"og:image:height\" content=\"2560\" \/>\n\t<meta property=\"og:image:type\" content=\"image\/jpeg\" \/>\n<meta name=\"twitter:card\" content=\"summary_large_image\" \/>\n<meta name=\"twitter:label1\" content=\"Price\" \/>\n\t<meta name=\"twitter:data1\" content=\"\" \/>\n\t<meta name=\"twitter:label2\" content=\"Availability\" \/>\n\t<meta name=\"twitter:data2\" content=\"In stock\" \/>\n<script type=\"application\/ld+json\" class=\"yoast-schema-graph\">{\"@context\":\"https:\\\/\\\/schema.org\",\"@graph\":[{\"@type\":\"WebPage\",\"@id\":\"https:\\\/\\\/ds.dekopa.com.tr\\\/urun\\\/70x70-moduler-magaza-lightbox\\\/\",\"url\":\"https:\\\/\\\/ds.dekopa.com.tr\\\/urun\\\/70x70-moduler-magaza-lightbox\\\/\",\"name\":\"70x70 DS Mod\u00fcler Lightbox - DEKOPA MOD\u00dcLER FUAR STANDLARI70x70 Mod\u00fcler Ma\u011faza Lightbox\",\"isPartOf\":{\"@id\":\"https:\\\/\\\/ds.dekopa.com.tr\\\/#website\"},\"primaryImageOfPage\":{\"@id\":\"https:\\\/\\\/ds.dekopa.com.tr\\\/urun\\\/70x70-moduler-magaza-lightbox\\\/#primaryimage\"},\"image\":{\"@id\":\"https:\\\/\\\/ds.dekopa.com.tr\\\/urun\\\/70x70-moduler-magaza-lightbox\\\/#primaryimage\"},\"thumbnailUrl\":\"https:\\\/\\\/ds.dekopa.com.tr\\\/wp-content\\\/uploads\\\/70x70_moduler_lightbox_magaza_lightbox_pano_ayakli_cift_yon-scaled.jpg\",\"datePublished\":\"2025-06-22T21:23:16+00:00\",\"dateModified\":\"2025-06-25T13:31:52+00:00\",\"description\":\"70x70 Mod\u00fcler Ma\u011faza Lightbox \u00fcr\u00fcnlerimiz ile tan\u0131\u015f\u0131n.\\u2028DS Mini Lightbox 70x70 \u2013 Tavandan ask\u0131l\u0131, raf \u00fcst\u00fc, Duvar uygulama i\u00e7 mekan ma\u011faza y\u00f6nlendirme panosu\",\"breadcrumb\":{\"@id\":\"https:\\\/\\\/ds.dekopa.com.tr\\\/urun\\\/70x70-moduler-magaza-lightbox\\\/#breadcrumb\"},\"inLanguage\":\"en-US\",\"potentialAction\":[{\"@type\":\"ReadAction\",\"target\":[\"https:\\\/\\\/ds.dekopa.com.tr\\\/urun\\\/70x70-moduler-magaza-lightbox\\\/\"]}]},{\"@type\":\"ImageObject\",\"inLanguage\":\"en-US\",\"@id\":\"https:\\\/\\\/ds.dekopa.com.tr\\\/urun\\\/70x70-moduler-magaza-lightbox\\\/#primaryimage\",\"url\":\"https:\\\/\\\/ds.dekopa.com.tr\\\/wp-content\\\/uploads\\\/70x70_moduler_lightbox_magaza_lightbox_pano_ayakli_cift_yon-scaled.jpg\",\"contentUrl\":\"https:\\\/\\\/ds.dekopa.com.tr\\\/wp-content\\\/uploads\\\/70x70_moduler_lightbox_magaza_lightbox_pano_ayakli_cift_yon-scaled.jpg\",\"width\":1920,\"height\":2560,\"caption\":\"70x70_moduler_lightbox_magaza_lightbox_pano_ayakli_c\u0327ift_yo\u0308n\"},{\"@type\":\"BreadcrumbList\",\"@id\":\"https:\\\/\\\/ds.dekopa.com.tr\\\/urun\\\/70x70-moduler-magaza-lightbox\\\/#breadcrumb\",\"itemListElement\":[{\"@type\":\"ListItem\",\"position\":1,\"name\":\"Ana sayfa\",\"item\":\"https:\\\/\\\/ds.dekopa.com.tr\\\/\"},{\"@type\":\"ListItem\",\"position\":2,\"name\":\"Mod\u00fcler Standlar\",\"item\":\"https:\\\/\\\/ds.dekopa.com.tr\\\/moduler_standlar\\\/\"},{\"@type\":\"ListItem\",\"position\":3,\"name\":\"70&#215;70 DS Mod\u00fcler Lightbox\"}]},{\"@type\":\"WebSite\",\"@id\":\"https:\\\/\\\/ds.dekopa.com.tr\\\/#website\",\"url\":\"https:\\\/\\\/ds.dekopa.com.tr\\\/\",\"name\":\"Dekopa Dijital Bask\u0131\",\"description\":\"MOD\u00dcLER FUAR VE KONGRE S\u0130STEMLER\u0130\",\"publisher\":{\"@id\":\"https:\\\/\\\/ds.dekopa.com.tr\\\/#organization\"},\"potentialAction\":[{\"@type\":\"SearchAction\",\"target\":{\"@type\":\"EntryPoint\",\"urlTemplate\":\"https:\\\/\\\/ds.dekopa.com.tr\\\/?s={search_term_string}\"},\"query-input\":{\"@type\":\"PropertyValueSpecification\",\"valueRequired\":true,\"valueName\":\"search_term_string\"}}],\"inLanguage\":\"en-US\"},{\"@type\":\"Organization\",\"@id\":\"https:\\\/\\\/ds.dekopa.com.tr\\\/#organization\",\"name\":\"Dekopa Display - UV Bask\u0131\",\"url\":\"https:\\\/\\\/ds.dekopa.com.tr\\\/\",\"logo\":{\"@type\":\"ImageObject\",\"inLanguage\":\"en-US\",\"@id\":\"https:\\\/\\\/ds.dekopa.com.tr\\\/#\\\/schema\\\/logo\\\/image\\\/\",\"url\":\"https:\\\/\\\/ds.dekopa.com.tr\\\/wp-content\\\/uploads\\\/2020\\\/12\\\/dekopa_logo-copy-1.jpg\",\"contentUrl\":\"https:\\\/\\\/ds.dekopa.com.tr\\\/wp-content\\\/uploads\\\/2020\\\/12\\\/dekopa_logo-copy-1.jpg\",\"width\":200,\"height\":80,\"caption\":\"Dekopa Display - UV Bask\u0131\"},\"image\":{\"@id\":\"https:\\\/\\\/ds.dekopa.com.tr\\\/#\\\/schema\\\/logo\\\/image\\\/\"},\"sameAs\":[\"https:\\\/\\\/www.facebook.com\\\/dekopa.com.tr\",\"https:\\\/\\\/www.instagram.com\\\/dekopa_print\\\/\",\"https:\\\/\\\/tr.pinterest.com\\\/DekopaDesing\\\/\",\"https:\\\/\\\/www.youtube.com\\\/channel\\\/UCchP6AzeKOz_2L5SQ8l10mA\\\/\"]}]}<\/script>\n<meta property=\"product:price:currency\" content=\"USD\" \/>\n<meta property=\"og:availability\" content=\"instock\" \/>\n<meta property=\"product:availability\" content=\"instock\" \/>\n<meta property=\"product:condition\" content=\"new\" \/>\n<!-- \/ Yoast SEO Premium plugin. -->","yoast_head_json":{"title":"70x70 DS Mod\u00fcler Lightbox - DEKOPA MOD\u00dcLER FUAR STANDLARI70x70 Mod\u00fcler Ma\u011faza Lightbox","description":"70x70 Mod\u00fcler Ma\u011faza Lightbox \u00fcr\u00fcnlerimiz ile tan\u0131\u015f\u0131n.\u2028DS Mini Lightbox 70x70 \u2013 Tavandan ask\u0131l\u0131, raf \u00fcst\u00fc, Duvar uygulama i\u00e7 mekan ma\u011faza y\u00f6nlendirme panosu","robots":{"index":"index","follow":"follow","max-snippet":"max-snippet:-1","max-image-preview":"max-image-preview:large","max-video-preview":"max-video-preview:-1"},"canonical":"https:\/\/ds.dekopa.com.tr\/en\/product\/70x70-moduler-magaza-lightbox\/","og_locale":"en_US","og_type":"article","og_title":"70x70 DS Mod\u00fcler Lightbox","og_description":"70x70 Mod\u00fcler Ma\u011faza Lightbox \u00fcr\u00fcnlerimiz ile tan\u0131\u015f\u0131n.\u2028DS Mini Lightbox 70x70 \u2013 Tavandan ask\u0131l\u0131, raf \u00fcst\u00fc, Duvar uygulama i\u00e7 mekan ma\u011faza y\u00f6nlendirme panosu","og_url":"https:\/\/ds.dekopa.com.tr\/en\/product\/70x70-moduler-magaza-lightbox\/","og_site_name":"DEKOPA MOD\u00dcLER FUAR STANDLARI","article_publisher":"https:\/\/www.facebook.com\/dekopa.com.tr","article_modified_time":"2025-06-25T13:31:52+00:00","og_image":[{"width":1920,"height":2560,"url":"https:\/\/ds.dekopa.com.tr\/wp-content\/uploads\/70x70_moduler_lightbox_magaza_lightbox_pano_ayakli_cift_yon-scaled.jpg","type":"image\/jpeg"}],"twitter_card":"summary_large_image","twitter_misc":{"Price":"","Availability":"In stock"},"schema":{"@context":"https:\/\/schema.org","@graph":[{"@type":"WebPage","@id":"https:\/\/ds.dekopa.com.tr\/urun\/70x70-moduler-magaza-lightbox\/","url":"https:\/\/ds.dekopa.com.tr\/urun\/70x70-moduler-magaza-lightbox\/","name":"70x70 DS Mod\u00fcler Lightbox - DEKOPA MOD\u00dcLER FUAR STANDLARI70x70 Mod\u00fcler Ma\u011faza Lightbox","isPartOf":{"@id":"https:\/\/ds.dekopa.com.tr\/#website"},"primaryImageOfPage":{"@id":"https:\/\/ds.dekopa.com.tr\/urun\/70x70-moduler-magaza-lightbox\/#primaryimage"},"image":{"@id":"https:\/\/ds.dekopa.com.tr\/urun\/70x70-moduler-magaza-lightbox\/#primaryimage"},"thumbnailUrl":"https:\/\/ds.dekopa.com.tr\/wp-content\/uploads\/70x70_moduler_lightbox_magaza_lightbox_pano_ayakli_cift_yon-scaled.jpg","datePublished":"2025-06-22T21:23:16+00:00","dateModified":"2025-06-25T13:31:52+00:00","description":"70x70 Mod\u00fcler Ma\u011faza Lightbox \u00fcr\u00fcnlerimiz ile tan\u0131\u015f\u0131n.\u2028DS Mini Lightbox 70x70 \u2013 Tavandan ask\u0131l\u0131, raf \u00fcst\u00fc, Duvar uygulama i\u00e7 mekan ma\u011faza y\u00f6nlendirme panosu","breadcrumb":{"@id":"https:\/\/ds.dekopa.com.tr\/urun\/70x70-moduler-magaza-lightbox\/#breadcrumb"},"inLanguage":"en-US","potentialAction":[{"@type":"ReadAction","target":["https:\/\/ds.dekopa.com.tr\/urun\/70x70-moduler-magaza-lightbox\/"]}]},{"@type":"ImageObject","inLanguage":"en-US","@id":"https:\/\/ds.dekopa.com.tr\/urun\/70x70-moduler-magaza-lightbox\/#primaryimage","url":"https:\/\/ds.dekopa.com.tr\/wp-content\/uploads\/70x70_moduler_lightbox_magaza_lightbox_pano_ayakli_cift_yon-scaled.jpg","contentUrl":"https:\/\/ds.dekopa.com.tr\/wp-content\/uploads\/70x70_moduler_lightbox_magaza_lightbox_pano_ayakli_cift_yon-scaled.jpg","width":1920,"height":2560,"caption":"70x70_moduler_lightbox_magaza_lightbox_pano_ayakli_c\u0327ift_yo\u0308n"},{"@type":"BreadcrumbList","@id":"https:\/\/ds.dekopa.com.tr\/urun\/70x70-moduler-magaza-lightbox\/#breadcrumb","itemListElement":[{"@type":"ListItem","position":1,"name":"Ana sayfa","item":"https:\/\/ds.dekopa.com.tr\/"},{"@type":"ListItem","position":2,"name":"Mod\u00fcler Standlar","item":"https:\/\/ds.dekopa.com.tr\/moduler_standlar\/"},{"@type":"ListItem","position":3,"name":"70&#215;70 DS Mod\u00fcler Lightbox"}]},{"@type":"WebSite","@id":"https:\/\/ds.dekopa.com.tr\/#website","url":"https:\/\/ds.dekopa.com.tr\/","name":"Dekopa Dijital Bask\u0131","description":"MOD\u00dcLER FUAR VE KONGRE S\u0130STEMLER\u0130","publisher":{"@id":"https:\/\/ds.dekopa.com.tr\/#organization"},"potentialAction":[{"@type":"SearchAction","target":{"@type":"EntryPoint","urlTemplate":"https:\/\/ds.dekopa.com.tr\/?s={search_term_string}"},"query-input":{"@type":"PropertyValueSpecification","valueRequired":true,"valueName":"search_term_string"}}],"inLanguage":"en-US"},{"@type":"Organization","@id":"https:\/\/ds.dekopa.com.tr\/#organization","name":"Dekopa Display - UV Bask\u0131","url":"https:\/\/ds.dekopa.com.tr\/","logo":{"@type":"ImageObject","inLanguage":"en-US","@id":"https:\/\/ds.dekopa.com.tr\/#\/schema\/logo\/image\/","url":"https:\/\/ds.dekopa.com.tr\/wp-content\/uploads\/2020\/12\/dekopa_logo-copy-1.jpg","contentUrl":"https:\/\/ds.dekopa.com.tr\/wp-content\/uploads\/2020\/12\/dekopa_logo-copy-1.jpg","width":200,"height":80,"caption":"Dekopa Display - UV Bask\u0131"},"image":{"@id":"https:\/\/ds.dekopa.com.tr\/#\/schema\/logo\/image\/"},"sameAs":["https:\/\/www.facebook.com\/dekopa.com.tr","https:\/\/www.instagram.com\/dekopa_print\/","https:\/\/tr.pinterest.com\/DekopaDesing\/","https:\/\/www.youtube.com\/channel\/UCchP6AzeKOz_2L5SQ8l10mA\/"]}]},"product_price_currency":"USD","og_availability":"instock","product_availability":"instock","product_condition":"new"},"_links":{"self":[{"href":"https:\/\/ds.dekopa.com.tr\/en\/wp-json\/wp\/v2\/product\/13231","targetHints":{"allow":["GET"]}}],"collection":[{"href":"https:\/\/ds.dekopa.com.tr\/en\/wp-json\/wp\/v2\/product"}],"about":[{"href":"https:\/\/ds.dekopa.com.tr\/en\/wp-json\/wp\/v2\/types\/product"}],"replies":[{"embeddable":true,"href":"https:\/\/ds.dekopa.com.tr\/en\/wp-json\/wp\/v2\/comments?post=13231"}],"wp:featuredmedia":[{"embeddable":true,"href":"https:\/\/ds.dekopa.com.tr\/en\/wp-json\/wp\/v2\/media\/13264"}],"wp:attachment":[{"href":"https:\/\/ds.dekopa.com.tr\/en\/wp-json\/wp\/v2\/media?parent=13231"}],"wp:term":[{"taxonomy":"product_brand","embeddable":true,"href":"https:\/\/ds.dekopa.com.tr\/en\/wp-json\/wp\/v2\/product_brand?post=13231"},{"taxonomy":"product_cat","embeddable":true,"href":"https:\/\/ds.dekopa.com.tr\/en\/wp-json\/wp\/v2\/product_cat?post=13231"},{"taxonomy":"product_tag","embeddable":true,"href":"https:\/\/ds.dekopa.com.tr\/en\/wp-json\/wp\/v2\/product_tag?post=13231"}],"curies":[{"name":"wp","href":"https:\/\/api.w.org\/{rel}","templated":true}]}}