{"id":12888,"date":"2025-05-29T14:14:26","date_gmt":"2025-05-29T11:14:26","guid":{"rendered":"https:\/\/ds.dekopa.com.tr\/?post_type=product&#038;p=12888"},"modified":"2025-06-22T21:32:50","modified_gmt":"2025-06-22T18:32:50","slug":"ds10003-moduler-lightbox-set-pratik-kurulumu-kolay-sistemler","status":"publish","type":"product","link":"https:\/\/ds.dekopa.com.tr\/en\/product\/ds10003-moduler-lightbox-set-pratik-kurulumu-kolay-sistemler\/","title":{"rendered":"DS10003 Mod\u00fcler Lightbox Set"},"content":{"rendered":"<p><span class=\"s1\"><a href=\"https:\/\/ds.dekopa.com.tr\/en\/product-category\/t3_systems_moduler_lightbox\/\">Mod\u00fcler lightbox<\/a> setlerimiz talebe g\u00f6re yap\u0131labilmektedir. \u00dcr\u00fcnlerimiz tamamen mod\u00fcler ve her set i\u00e7in \u00e7antalar bulunmaktad\u0131r. <\/span><span class=\"s1\">\u0130stedi\u011finiz \u00f6l\u00e7\u00fcleri belirlemeniz durumunda standart mod\u00fcllerimiz d\u0131\u015f\u0131nda da \u00e7al\u0131\u015fmalar yapabiliyoruz.<br \/>\nT\u00fcm \u00fcr\u00fcnler \u00c7antal\u0131 ve bask\u0131lar dahildir. Yurti\u00e7i ve yurtd\u0131\u015f\u0131 kullan\u0131m i\u00e7in olduk\u00e7a uygundur.<\/span><\/p>\n<p>G\u00f6rseldeki \u00fcr\u00fcnler : 1 adet 400&#215;230 Lightbox, 1 adet 200&#215;230, 1 adet 100&#215;100 Banko<\/p>\n<p><a href=\"https:\/\/www.dekopa.com.tr\/Dekopa_Lightbox_Set.pdf\" target=\"_blank\" rel=\"noopener\">\u00dcr\u00fcn setleri i\u00e7in katalo\u011fumuzu indirin.<\/a><br \/>\n<a href=\"https:\/\/www.dekopa.com.tr\/DS-LIGHTBOX (1).pdf\" target=\"_blank\" rel=\"noopener\">DS Mod\u00fcler Lightbox Sistem Katalo\u011fu<\/a><br \/>\n<a href=\"https:\/\/www.dekopa.com.tr\/Dekopa_mini_lightbox 2.pdf\" target=\"_blank\" rel=\"noopener\">DS Standart Lightbox<\/a><br \/>\n<a href=\"https:\/\/www.dekopa.com.tr\/DEKOPA_CUBE_LIGHTBOX.pdf\" target=\"_blank\" rel=\"noopener\">K\u00fcp Lightbox Katalo\u011fu<\/a><\/p>\n<p><a href=\"https:\/\/www.youtube.com\/@Dekopa-DS\" target=\"_blank\" rel=\"noopener\">Youtube Videolar\u0131m\u0131z<\/a><\/p>\n<!--[if lt IE 9]><script>document.createElement('video');<\/script><![endif]-->\n\t<div class=\"wp-playlist wp-video-playlist wp-playlist-light\">\n\t\t<video controls=\"controls\" preload=\"none\" width=\"1268\"\n\t\t height=\"713\"\t><\/video>\n\t<div class=\"wp-playlist-next\"><\/div>\n\t<div class=\"wp-playlist-prev\"><\/div>\n\t<noscript>\n\t<ol>\n\t\t<li><a href='https:\/\/ds.dekopa.com.tr\/wp-content\/uploads\/DS-Modular-stand-lightbox-video.m4v'>DS Modular stand lightbox video<\/a><\/li>\t<\/ol>\n\t<\/noscript>\n\t<script type=\"application\/json\" class=\"wp-playlist-script\">{\"type\":\"video\",\"tracklist\":true,\"tracknumbers\":true,\"images\":true,\"artists\":true,\"tracks\":[{\"src\":\"https:\\\/\\\/ds.dekopa.com.tr\\\/wp-content\\\/uploads\\\/DS-Modular-stand-lightbox-video.m4v\",\"type\":\"video\\\/mp4\",\"title\":\"DS Modular stand lightbox video\",\"caption\":\"DS Modular stand lightbox video\",\"description\":\"DS Modular stand lightbox video\",\"meta\":{\"length_formatted\":\"3:07\"},\"dimensions\":{\"original\":{\"width\":1280,\"height\":720},\"resized\":{\"width\":1268,\"height\":713}},\"image\":{\"src\":\"https:\\\/\\\/ds.dekopa.com.tr\\\/wp-includes\\\/images\\\/media\\\/video.svg\",\"width\":48,\"height\":64},\"thumb\":{\"src\":\"https:\\\/\\\/ds.dekopa.com.tr\\\/wp-includes\\\/images\\\/media\\\/video.svg\",\"width\":48,\"height\":64}}]}<\/script>\n<\/div>\n\t\n<p><a href=\"https:\/\/ds.dekopa.com.tr\/en\/product-category\/moduler_ledbox_lightbox_paneller\/\">Standart \u00fcr\u00fcnler i\u00e7in sayfam\u0131z\u0131 ziyaret edin.<\/a><\/p>\n<p><span class=\"s1\">Dekopa.com.tr olarak sizlere etkileyici ve \u00f6zg\u00fcn fuar deneyimleri sunmak i\u00e7in mod\u00fcler lightbox ve fuar stand kiralama hizmetlerimizle yan\u0131n\u0131zday\u0131z. <a href=\"https:\/\/ds.dekopa.com.tr\/en\/shop\/\"><span class=\"s2\">Mod\u00fcler lightboxlar<\/span><\/a>, marka mesaj\u0131n\u0131z\u0131 vurgulamak ve stand\u0131n\u0131z\u0131 g\u00f6z al\u0131c\u0131 k\u0131lmak i\u00e7in m\u00fckemmel bir se\u00e7enektir. Yarat\u0131c\u0131 tasar\u0131mlar\u0131m\u0131z ve modern teknolojilerle donat\u0131lm\u0131\u015f standlar\u0131m\u0131z, fuarlarda iz b\u0131rakman\u0131za yard\u0131mc\u0131 olacak.<\/span><\/p>\n<p class=\"p1\"><span class=\"s1\">+ Kolay kurulum<br \/>\n+ Sat\u0131\u015f yada kiralama opsiyonlar\u0131<br \/>\n+ Alet gerektirmeyen kurulum<br \/>\n+ Usta gerektirmez<br \/>\n+ \u00c7antal\u0131 Kolay Ta\u015f\u0131nabilir<br \/>\n+ Plastik Profiller ve Aparatlar<br \/>\n+ 24V Power Led ve Trafo<br \/>\n<\/span><\/p>\n<p><strong>DS Mod\u00fcler Lightbox ve Fuar Stand\u0131 Hizmetlerimiz:<\/strong><\/p>\n<p>Dekopa.com.tr olarak, size \u00f6zg\u00fcn ve etkileyici fuar deneyimleri sunmak i\u00e7in mod\u00fcler lightbox ve fuar stand\u0131 kiralama hizmetlerimizle de yan\u0131n\u0131zday\u0131z. <strong>Mod\u00fcler Lightboxlar Set<\/strong>, marka mesaj\u0131n\u0131z\u0131 vurgulamak ve stand\u0131n\u0131z\u0131 g\u00f6z al\u0131c\u0131 k\u0131lmak i\u00e7in m\u00fckemmel bir se\u00e7enektir. Yarat\u0131c\u0131 tasar\u0131mlar\u0131m\u0131z ve modern teknolojilerle donat\u0131lm\u0131\u015f standlar\u0131m\u0131z, fuarlarda iz b\u0131rakman\u0131za yard\u0131mc\u0131 olacak.<\/p>\n<p><strong>Dekopa.com.tr ile DS10003 Mod\u00fcler Lightbox Set :<\/strong><\/p>\n<ul>\n<li><strong>Kolay Kurulum:<\/strong> Alet gerektirmeyen kurulum sayesinde fuar haz\u0131rl\u0131klar\u0131n\u0131z daha da h\u0131zl\u0131 ve pratik.<\/li>\n<li><strong>Opsiyonlar:<\/strong> Sat\u0131\u015f veya kiralama se\u00e7enekleri ile b\u00fct\u00e7enize uygun \u00e7\u00f6z\u00fcmler.<\/li>\n<li><strong>Usta Gerektirmez:<\/strong> Kolay kurulum ve kullan\u0131m i\u00e7in usta ihtiyac\u0131n\u0131 ortadan kald\u0131r\u0131r.<\/li>\n<\/ul>\n<p>Mod\u00fcler fuar standlar\u0131m\u0131z, fuar deneyiminizi zenginle\u015ftirmek ve markan\u0131z\u0131 en iyi \u015fekilde sergilemek i\u00e7in ideal bir se\u00e7enektir. Yurti\u00e7i ve yurtd\u0131\u015f\u0131 fuarlar\u0131n\u0131zda ekonomik ve etkileyici \u00e7\u00f6z\u00fcmler sunuyoruz.<\/p>\n<p>Kendi kurabilece\u011finiz <a href=\"https:\/\/ds.dekopa.com.tr\/en\/lightbox-fuar-stand-hizmet\/\">Mod\u00fcler Lightbox Standlar<\/a> ve mod\u00fcler backdrop \u00fcr\u00fcnler i\u00e7in bize hemen ula\u015f\u0131n. \u0130stanbul adresimizde bulunan Dekopa Dijital Bask\u0131 olarak, mod\u00fcler fuar standlar\u0131, backdrop ve lightbox \u00fcr\u00fcnleri konusunda uzman ekibimizle hizmetinizdeyiz.<\/p>\n<p>Mod\u00fcler Fuar Stand\u0131 &#8211; Backdrop &#8211; Lightbox \u00dcr\u00fcnlerimizi <a href=\"https:\/\/ds.dekopa.com.tr\/en\/ledbox-lightbox-tekstilbox-ledframe\/\">\u0130ncelemek \u0130\u00e7in Hemen T\u0131klay\u0131n!<\/a><\/p>\n<p>Her t\u00fcrl\u00fc soru, \u00f6neri veya talepleriniz i\u00e7in bize ula\u015fmaktan \u00e7ekinmeyin.<br \/>\nTelefon ve Whatsapp : 0216 599 01 07<br \/>\n<a href=\"mailto:info@dekopa.com.tr\">info@dekopa.com.tr<\/a><\/p>","protected":false},"excerpt":{"rendered":"<p class=\"p1\"><span class=\"s1\"><b>DS10003 Mod\u00fcler Lightbox Setler<\/b><\/span><\/p>\n<p class=\"p1\"><span class=\"s1\">Dekopa.com.tr olarak sizlere etkileyici ve \u00f6zg\u00fcn fuar deneyimleri sunmak i\u00e7in <a href=\"https:\/\/ds.dekopa.com.tr\/en\/\">mod\u00fcler lightbox<\/a> setler ve fuar stand kiralama hizmetlerimizle yan\u0131n\u0131zday\u0131z. <a href=\"https:\/\/ds.dekopa.com.tr\/en\/dogrudan-satis\/\"><span class=\"s2\">Mod\u00fcler lightboxlar<\/span><\/a>, marka mesaj\u0131n\u0131z\u0131 vurgulamak ve stand\u0131n\u0131z\u0131 g\u00f6z al\u0131c\u0131 k\u0131lmak i\u00e7in m\u00fckemmel bir se\u00e7enektir.\u00a0<\/span><\/p>\n<p>G\u00f6rseldeki \u00fcr\u00fcnler : 1 adet 400&#215;230 Lightbox, 1 adet 200&#215;230, 1 adet 100&#215;100 Banko<\/p>","protected":false},"featured_media":12818,"comment_status":"open","ping_status":"closed","template":"","meta":[],"product_brand":[],"product_cat":[979,521],"product_tag":[644,783,786,785,784,980,717,667,643,739,650,652,711,655,782,656,657,646,645,649,698,788,705,696,661,617,647,636,694,695,700,666],"class_list":{"0":"post-12888","1":"product","2":"type-product","3":"status-publish","4":"has-post-thumbnail","6":"product_cat-ds-moduler-lightbox","7":"product_cat-urunler","8":"product_tag-100x100-banko-light","9":"product_tag-300x300-display","10":"product_tag-300x300-kolay-kurulan-stand","11":"product_tag-300x300-lightbox","12":"product_tag-300x300-stand","13":"product_tag-400x200-stand-alani","14":"product_tag-400x250-portable-lightbox","15":"product_tag-backdrop","16":"product_tag-fuar-lightbox","17":"product_tag-fuar-stand","18":"product_tag-fuar-stand-lightbox","19":"product_tag-isikli-orumcek-stand","20":"product_tag-isikli-pano","21":"product_tag-istanbul-orumcek-stand","22":"product_tag-karsilama-deski","23":"product_tag-kiralik-lightbox","24":"product_tag-ledu-lightbox","25":"product_tag-lightbox-ankara","26":"product_tag-lightbox-istanbul","27":"product_tag-lightbox-kiralama","28":"product_tag-lightbox-stand","29":"product_tag-mobil-stand","30":"product_tag-mobile-200x200-lightbox","31":"product_tag-mobile-lightbox-display","32":"product_tag-moduler-banko","33":"product_tag-moduler-lightbox","34":"product_tag-moduler-lightbox-setleri","35":"product_tag-moduler-lightbox-stand","36":"product_tag-portable-lightbox","37":"product_tag-seg-display","38":"product_tag-tekstilbox","39":"product_tag-textilebox-lightbox","41":"first","42":"instock","43":"shipping-taxable","44":"product-type-simple"},"yoast_head":"<!-- This site is optimized with the Yoast SEO Premium plugin v25.3.1 (Yoast SEO v27.4) - https:\/\/yoast.com\/product\/yoast-seo-premium-wordpress\/ -->\n<title>DS10003 Mod\u00fcler Lightbox Set - DEKOPA MOD\u00dcLER FUAR STANDLARI DS10003 Mod\u00fcler Lightbox Setler<\/title>\n<meta name=\"description\" content=\"DS10003 Mod\u00fcler lightbox set \u00fcr\u00fcnlerimiz ile tan\u0131\u015f\u0131n.\u2028Mod\u00fcler Lightbox yada backdrop \u00fcr\u00fcnlerimiz ile Yurti\u00e7i ve yurtd\u0131\u015f\u0131 etkinlikler i\u00e7in \u00e7\u00f6z\u00fcmler sunuyoruz\" \/>\n<meta name=\"robots\" content=\"index, follow, max-snippet:-1, max-image-preview:large, max-video-preview:-1\" \/>\n<link rel=\"canonical\" href=\"https:\/\/ds.dekopa.com.tr\/en\/product\/ds10003-moduler-lightbox-set-pratik-kurulumu-kolay-sistemler\/\" \/>\n<meta property=\"og:locale\" content=\"en_US\" \/>\n<meta property=\"og:type\" content=\"article\" \/>\n<meta property=\"og:title\" content=\"DS10003 Mod\u00fcler Lightbox Set\" \/>\n<meta property=\"og:description\" content=\"DS10003 Mod\u00fcler lightbox set \u00fcr\u00fcnlerimiz ile tan\u0131\u015f\u0131n.\u2028Mod\u00fcler Lightbox yada backdrop \u00fcr\u00fcnlerimiz ile Yurti\u00e7i ve yurtd\u0131\u015f\u0131 etkinlikler i\u00e7in \u00e7\u00f6z\u00fcmler sunuyoruz\" \/>\n<meta property=\"og:url\" content=\"https:\/\/ds.dekopa.com.tr\/en\/product\/ds10003-moduler-lightbox-set-pratik-kurulumu-kolay-sistemler\/\" \/>\n<meta property=\"og:site_name\" content=\"DEKOPA MOD\u00dcLER FUAR STANDLARI\" \/>\n<meta property=\"article:publisher\" content=\"https:\/\/www.facebook.com\/dekopa.com.tr\" \/>\n<meta property=\"article:modified_time\" content=\"2025-06-22T18:32:50+00:00\" \/>\n<meta property=\"og:image\" content=\"https:\/\/ds.dekopa.com.tr\/wp-content\/uploads\/207-ds-dekopa-ds-moduler-banko-dsbankoeko-aydinlatmali-stand-backlit.jpg\" \/>\n\t<meta property=\"og:image:width\" content=\"1200\" \/>\n\t<meta property=\"og:image:height\" content=\"1200\" \/>\n\t<meta property=\"og:image:type\" content=\"image\/jpeg\" \/>\n<meta name=\"twitter:card\" content=\"summary_large_image\" \/>\n<meta name=\"twitter:label1\" content=\"Price\" \/>\n\t<meta name=\"twitter:data1\" content=\"\" \/>\n\t<meta name=\"twitter:label2\" content=\"Availability\" \/>\n\t<meta name=\"twitter:data2\" content=\"In stock\" \/>\n<script type=\"application\/ld+json\" class=\"yoast-schema-graph\">{\"@context\":\"https:\\\/\\\/schema.org\",\"@graph\":[{\"@type\":\"WebPage\",\"@id\":\"https:\\\/\\\/ds.dekopa.com.tr\\\/urun\\\/ds10003-moduler-lightbox-set-pratik-kurulumu-kolay-sistemler\\\/\",\"url\":\"https:\\\/\\\/ds.dekopa.com.tr\\\/urun\\\/ds10003-moduler-lightbox-set-pratik-kurulumu-kolay-sistemler\\\/\",\"name\":\"DS10003 Mod\u00fcler Lightbox Set - DEKOPA MOD\u00dcLER FUAR STANDLARI DS10003 Mod\u00fcler Lightbox Setler\",\"isPartOf\":{\"@id\":\"https:\\\/\\\/ds.dekopa.com.tr\\\/#website\"},\"primaryImageOfPage\":{\"@id\":\"https:\\\/\\\/ds.dekopa.com.tr\\\/urun\\\/ds10003-moduler-lightbox-set-pratik-kurulumu-kolay-sistemler\\\/#primaryimage\"},\"image\":{\"@id\":\"https:\\\/\\\/ds.dekopa.com.tr\\\/urun\\\/ds10003-moduler-lightbox-set-pratik-kurulumu-kolay-sistemler\\\/#primaryimage\"},\"thumbnailUrl\":\"https:\\\/\\\/ds.dekopa.com.tr\\\/wp-content\\\/uploads\\\/207-ds-dekopa-ds-moduler-banko-dsbankoeko-aydinlatmali-stand-backlit.jpg\",\"datePublished\":\"2025-05-29T11:14:26+00:00\",\"dateModified\":\"2025-06-22T18:32:50+00:00\",\"description\":\"DS10003 Mod\u00fcler lightbox set \u00fcr\u00fcnlerimiz ile tan\u0131\u015f\u0131n.\\u2028Mod\u00fcler Lightbox yada backdrop \u00fcr\u00fcnlerimiz ile Yurti\u00e7i ve yurtd\u0131\u015f\u0131 etkinlikler i\u00e7in \u00e7\u00f6z\u00fcmler sunuyoruz\",\"breadcrumb\":{\"@id\":\"https:\\\/\\\/ds.dekopa.com.tr\\\/urun\\\/ds10003-moduler-lightbox-set-pratik-kurulumu-kolay-sistemler\\\/#breadcrumb\"},\"inLanguage\":\"en-US\",\"potentialAction\":[{\"@type\":\"ReadAction\",\"target\":[\"https:\\\/\\\/ds.dekopa.com.tr\\\/urun\\\/ds10003-moduler-lightbox-set-pratik-kurulumu-kolay-sistemler\\\/\"]}]},{\"@type\":\"ImageObject\",\"inLanguage\":\"en-US\",\"@id\":\"https:\\\/\\\/ds.dekopa.com.tr\\\/urun\\\/ds10003-moduler-lightbox-set-pratik-kurulumu-kolay-sistemler\\\/#primaryimage\",\"url\":\"https:\\\/\\\/ds.dekopa.com.tr\\\/wp-content\\\/uploads\\\/207-ds-dekopa-ds-moduler-banko-dsbankoeko-aydinlatmali-stand-backlit.jpg\",\"contentUrl\":\"https:\\\/\\\/ds.dekopa.com.tr\\\/wp-content\\\/uploads\\\/207-ds-dekopa-ds-moduler-banko-dsbankoeko-aydinlatmali-stand-backlit.jpg\",\"width\":1200,\"height\":1200,\"caption\":\"DS Dekopa taraf\u0131ndan geli\u015ftirilen bu \u00f6zel mod\u00fcler fuar stand\u0131, dayan\u0131kl\u0131 profil yap\u0131s\u0131 ve mod\u00fcler entegrasyon yap\u0131s\u0131 ile \u00f6ne \u00e7\u0131kar. Kurumsal tan\u0131t\u0131m etkinliklerinde s\u0131kl\u0131kla tercih edilmektedir.\"},{\"@type\":\"BreadcrumbList\",\"@id\":\"https:\\\/\\\/ds.dekopa.com.tr\\\/urun\\\/ds10003-moduler-lightbox-set-pratik-kurulumu-kolay-sistemler\\\/#breadcrumb\",\"itemListElement\":[{\"@type\":\"ListItem\",\"position\":1,\"name\":\"Ana sayfa\",\"item\":\"https:\\\/\\\/ds.dekopa.com.tr\\\/\"},{\"@type\":\"ListItem\",\"position\":2,\"name\":\"Mod\u00fcler Standlar\",\"item\":\"https:\\\/\\\/ds.dekopa.com.tr\\\/moduler_standlar\\\/\"},{\"@type\":\"ListItem\",\"position\":3,\"name\":\"DS10003 Mod\u00fcler Lightbox Set\"}]},{\"@type\":\"WebSite\",\"@id\":\"https:\\\/\\\/ds.dekopa.com.tr\\\/#website\",\"url\":\"https:\\\/\\\/ds.dekopa.com.tr\\\/\",\"name\":\"Dekopa Dijital Bask\u0131\",\"description\":\"MOD\u00dcLER FUAR VE KONGRE S\u0130STEMLER\u0130\",\"publisher\":{\"@id\":\"https:\\\/\\\/ds.dekopa.com.tr\\\/#organization\"},\"potentialAction\":[{\"@type\":\"SearchAction\",\"target\":{\"@type\":\"EntryPoint\",\"urlTemplate\":\"https:\\\/\\\/ds.dekopa.com.tr\\\/?s={search_term_string}\"},\"query-input\":{\"@type\":\"PropertyValueSpecification\",\"valueRequired\":true,\"valueName\":\"search_term_string\"}}],\"inLanguage\":\"en-US\"},{\"@type\":\"Organization\",\"@id\":\"https:\\\/\\\/ds.dekopa.com.tr\\\/#organization\",\"name\":\"Dekopa Display - UV Bask\u0131\",\"url\":\"https:\\\/\\\/ds.dekopa.com.tr\\\/\",\"logo\":{\"@type\":\"ImageObject\",\"inLanguage\":\"en-US\",\"@id\":\"https:\\\/\\\/ds.dekopa.com.tr\\\/#\\\/schema\\\/logo\\\/image\\\/\",\"url\":\"https:\\\/\\\/ds.dekopa.com.tr\\\/wp-content\\\/uploads\\\/2020\\\/12\\\/dekopa_logo-copy-1.jpg\",\"contentUrl\":\"https:\\\/\\\/ds.dekopa.com.tr\\\/wp-content\\\/uploads\\\/2020\\\/12\\\/dekopa_logo-copy-1.jpg\",\"width\":200,\"height\":80,\"caption\":\"Dekopa Display - UV Bask\u0131\"},\"image\":{\"@id\":\"https:\\\/\\\/ds.dekopa.com.tr\\\/#\\\/schema\\\/logo\\\/image\\\/\"},\"sameAs\":[\"https:\\\/\\\/www.facebook.com\\\/dekopa.com.tr\",\"https:\\\/\\\/www.instagram.com\\\/dekopa_print\\\/\",\"https:\\\/\\\/tr.pinterest.com\\\/DekopaDesing\\\/\",\"https:\\\/\\\/www.youtube.com\\\/channel\\\/UCchP6AzeKOz_2L5SQ8l10mA\\\/\"]}]}<\/script>\n<meta property=\"product:price:currency\" content=\"USD\" \/>\n<meta property=\"og:availability\" content=\"instock\" \/>\n<meta property=\"product:availability\" content=\"instock\" \/>\n<meta property=\"product:condition\" content=\"new\" \/>\n<!-- \/ Yoast SEO Premium plugin. -->","yoast_head_json":{"title":"DS10003 Mod\u00fcler Lightbox Set - DEKOPA MOD\u00dcLER FUAR STANDLARI DS10003 Mod\u00fcler Lightbox Setler","description":"DS10003 Mod\u00fcler lightbox set \u00fcr\u00fcnlerimiz ile tan\u0131\u015f\u0131n.\u2028Mod\u00fcler Lightbox yada backdrop \u00fcr\u00fcnlerimiz ile Yurti\u00e7i ve yurtd\u0131\u015f\u0131 etkinlikler i\u00e7in \u00e7\u00f6z\u00fcmler sunuyoruz","robots":{"index":"index","follow":"follow","max-snippet":"max-snippet:-1","max-image-preview":"max-image-preview:large","max-video-preview":"max-video-preview:-1"},"canonical":"https:\/\/ds.dekopa.com.tr\/en\/product\/ds10003-moduler-lightbox-set-pratik-kurulumu-kolay-sistemler\/","og_locale":"en_US","og_type":"article","og_title":"DS10003 Mod\u00fcler Lightbox Set","og_description":"DS10003 Mod\u00fcler lightbox set \u00fcr\u00fcnlerimiz ile tan\u0131\u015f\u0131n.\u2028Mod\u00fcler Lightbox yada backdrop \u00fcr\u00fcnlerimiz ile Yurti\u00e7i ve yurtd\u0131\u015f\u0131 etkinlikler i\u00e7in \u00e7\u00f6z\u00fcmler sunuyoruz","og_url":"https:\/\/ds.dekopa.com.tr\/en\/product\/ds10003-moduler-lightbox-set-pratik-kurulumu-kolay-sistemler\/","og_site_name":"DEKOPA MOD\u00dcLER FUAR STANDLARI","article_publisher":"https:\/\/www.facebook.com\/dekopa.com.tr","article_modified_time":"2025-06-22T18:32:50+00:00","og_image":[{"width":1200,"height":1200,"url":"https:\/\/ds.dekopa.com.tr\/wp-content\/uploads\/207-ds-dekopa-ds-moduler-banko-dsbankoeko-aydinlatmali-stand-backlit.jpg","type":"image\/jpeg"}],"twitter_card":"summary_large_image","twitter_misc":{"Price":"","Availability":"In stock"},"schema":{"@context":"https:\/\/schema.org","@graph":[{"@type":"WebPage","@id":"https:\/\/ds.dekopa.com.tr\/urun\/ds10003-moduler-lightbox-set-pratik-kurulumu-kolay-sistemler\/","url":"https:\/\/ds.dekopa.com.tr\/urun\/ds10003-moduler-lightbox-set-pratik-kurulumu-kolay-sistemler\/","name":"DS10003 Mod\u00fcler Lightbox Set - DEKOPA MOD\u00dcLER FUAR STANDLARI DS10003 Mod\u00fcler Lightbox Setler","isPartOf":{"@id":"https:\/\/ds.dekopa.com.tr\/#website"},"primaryImageOfPage":{"@id":"https:\/\/ds.dekopa.com.tr\/urun\/ds10003-moduler-lightbox-set-pratik-kurulumu-kolay-sistemler\/#primaryimage"},"image":{"@id":"https:\/\/ds.dekopa.com.tr\/urun\/ds10003-moduler-lightbox-set-pratik-kurulumu-kolay-sistemler\/#primaryimage"},"thumbnailUrl":"https:\/\/ds.dekopa.com.tr\/wp-content\/uploads\/207-ds-dekopa-ds-moduler-banko-dsbankoeko-aydinlatmali-stand-backlit.jpg","datePublished":"2025-05-29T11:14:26+00:00","dateModified":"2025-06-22T18:32:50+00:00","description":"DS10003 Mod\u00fcler lightbox set \u00fcr\u00fcnlerimiz ile tan\u0131\u015f\u0131n.\u2028Mod\u00fcler Lightbox yada backdrop \u00fcr\u00fcnlerimiz ile Yurti\u00e7i ve yurtd\u0131\u015f\u0131 etkinlikler i\u00e7in \u00e7\u00f6z\u00fcmler sunuyoruz","breadcrumb":{"@id":"https:\/\/ds.dekopa.com.tr\/urun\/ds10003-moduler-lightbox-set-pratik-kurulumu-kolay-sistemler\/#breadcrumb"},"inLanguage":"en-US","potentialAction":[{"@type":"ReadAction","target":["https:\/\/ds.dekopa.com.tr\/urun\/ds10003-moduler-lightbox-set-pratik-kurulumu-kolay-sistemler\/"]}]},{"@type":"ImageObject","inLanguage":"en-US","@id":"https:\/\/ds.dekopa.com.tr\/urun\/ds10003-moduler-lightbox-set-pratik-kurulumu-kolay-sistemler\/#primaryimage","url":"https:\/\/ds.dekopa.com.tr\/wp-content\/uploads\/207-ds-dekopa-ds-moduler-banko-dsbankoeko-aydinlatmali-stand-backlit.jpg","contentUrl":"https:\/\/ds.dekopa.com.tr\/wp-content\/uploads\/207-ds-dekopa-ds-moduler-banko-dsbankoeko-aydinlatmali-stand-backlit.jpg","width":1200,"height":1200,"caption":"DS Dekopa taraf\u0131ndan geli\u015ftirilen bu \u00f6zel mod\u00fcler fuar stand\u0131, dayan\u0131kl\u0131 profil yap\u0131s\u0131 ve mod\u00fcler entegrasyon yap\u0131s\u0131 ile \u00f6ne \u00e7\u0131kar. Kurumsal tan\u0131t\u0131m etkinliklerinde s\u0131kl\u0131kla tercih edilmektedir."},{"@type":"BreadcrumbList","@id":"https:\/\/ds.dekopa.com.tr\/urun\/ds10003-moduler-lightbox-set-pratik-kurulumu-kolay-sistemler\/#breadcrumb","itemListElement":[{"@type":"ListItem","position":1,"name":"Ana sayfa","item":"https:\/\/ds.dekopa.com.tr\/"},{"@type":"ListItem","position":2,"name":"Mod\u00fcler Standlar","item":"https:\/\/ds.dekopa.com.tr\/moduler_standlar\/"},{"@type":"ListItem","position":3,"name":"DS10003 Mod\u00fcler Lightbox Set"}]},{"@type":"WebSite","@id":"https:\/\/ds.dekopa.com.tr\/#website","url":"https:\/\/ds.dekopa.com.tr\/","name":"Dekopa Dijital Bask\u0131","description":"MOD\u00dcLER FUAR VE KONGRE S\u0130STEMLER\u0130","publisher":{"@id":"https:\/\/ds.dekopa.com.tr\/#organization"},"potentialAction":[{"@type":"SearchAction","target":{"@type":"EntryPoint","urlTemplate":"https:\/\/ds.dekopa.com.tr\/?s={search_term_string}"},"query-input":{"@type":"PropertyValueSpecification","valueRequired":true,"valueName":"search_term_string"}}],"inLanguage":"en-US"},{"@type":"Organization","@id":"https:\/\/ds.dekopa.com.tr\/#organization","name":"Dekopa Display - UV Bask\u0131","url":"https:\/\/ds.dekopa.com.tr\/","logo":{"@type":"ImageObject","inLanguage":"en-US","@id":"https:\/\/ds.dekopa.com.tr\/#\/schema\/logo\/image\/","url":"https:\/\/ds.dekopa.com.tr\/wp-content\/uploads\/2020\/12\/dekopa_logo-copy-1.jpg","contentUrl":"https:\/\/ds.dekopa.com.tr\/wp-content\/uploads\/2020\/12\/dekopa_logo-copy-1.jpg","width":200,"height":80,"caption":"Dekopa Display - UV Bask\u0131"},"image":{"@id":"https:\/\/ds.dekopa.com.tr\/#\/schema\/logo\/image\/"},"sameAs":["https:\/\/www.facebook.com\/dekopa.com.tr","https:\/\/www.instagram.com\/dekopa_print\/","https:\/\/tr.pinterest.com\/DekopaDesing\/","https:\/\/www.youtube.com\/channel\/UCchP6AzeKOz_2L5SQ8l10mA\/"]}]},"product_price_currency":"USD","og_availability":"instock","product_availability":"instock","product_condition":"new"},"_links":{"self":[{"href":"https:\/\/ds.dekopa.com.tr\/en\/wp-json\/wp\/v2\/product\/12888","targetHints":{"allow":["GET"]}}],"collection":[{"href":"https:\/\/ds.dekopa.com.tr\/en\/wp-json\/wp\/v2\/product"}],"about":[{"href":"https:\/\/ds.dekopa.com.tr\/en\/wp-json\/wp\/v2\/types\/product"}],"replies":[{"embeddable":true,"href":"https:\/\/ds.dekopa.com.tr\/en\/wp-json\/wp\/v2\/comments?post=12888"}],"wp:featuredmedia":[{"embeddable":true,"href":"https:\/\/ds.dekopa.com.tr\/en\/wp-json\/wp\/v2\/media\/12818"}],"wp:attachment":[{"href":"https:\/\/ds.dekopa.com.tr\/en\/wp-json\/wp\/v2\/media?parent=12888"}],"wp:term":[{"taxonomy":"product_brand","embeddable":true,"href":"https:\/\/ds.dekopa.com.tr\/en\/wp-json\/wp\/v2\/product_brand?post=12888"},{"taxonomy":"product_cat","embeddable":true,"href":"https:\/\/ds.dekopa.com.tr\/en\/wp-json\/wp\/v2\/product_cat?post=12888"},{"taxonomy":"product_tag","embeddable":true,"href":"https:\/\/ds.dekopa.com.tr\/en\/wp-json\/wp\/v2\/product_tag?post=12888"}],"curies":[{"name":"wp","href":"https:\/\/api.w.org\/{rel}","templated":true}]}}