{"id":13467,"date":"2025-06-30T14:10:46","date_gmt":"2025-06-30T11:10:46","guid":{"rendered":"https:\/\/ds.dekopa.com.tr\/?page_id=13467"},"modified":"2025-06-30T21:03:12","modified_gmt":"2025-06-30T18:03:12","slug":"lightbox-kumas-baski-tekstilbox-baskilar","status":"publish","type":"page","link":"https:\/\/ds.dekopa.com.tr\/en\/lightbox-kumas-baski-tekstilbox-baskilar\/","title":{"rendered":"Lightbox Fabric Printing"},"content":{"rendered":"<div data-elementor-type=\"wp-page\" data-elementor-id=\"13467\" class=\"elementor elementor-13467\" data-elementor-post-type=\"page\">\n\t\t\t\t<div class=\"elementor-element elementor-element-97ed680 e-flex e-con-boxed e-con e-parent\" data-id=\"97ed680\" data-element_type=\"container\" data-e-type=\"container\">\n\t\t\t\t\t<div class=\"e-con-inner\">\n\t\t\t\t<div class=\"elementor-element elementor-element-647663f elementor-widget elementor-widget-heading\" data-id=\"647663f\" data-element_type=\"widget\" data-e-type=\"widget\" data-widget_type=\"heading.default\">\n\t\t\t\t<div class=\"elementor-widget-container\">\n\t\t\t\t\t<h2 class=\"elementor-heading-title elementor-size-default\">Lightbox UV Bask\u0131<\/h2>\t\t\t\t<\/div>\n\t\t\t\t<\/div>\n\t\t\t\t<div class=\"elementor-element elementor-element-ef5f7a3 elementor-widget elementor-widget-text-editor\" data-id=\"ef5f7a3\" data-element_type=\"widget\" data-e-type=\"widget\" data-widget_type=\"text-editor.default\">\n\t\t\t\t<div class=\"elementor-widget-container\">\n\t\t\t\t\t\t\t\t\t<p data-start=\"166\" data-end=\"627\">I\u015f\u0131kl\u0131 reklam sistemleriniz i\u00e7in \u00f6zel olarak \u00fcretilen <strong data-start=\"418\" data-end=\"445\">lightbox kuma\u015f bask\u0131lar<\/strong>, markan\u0131z\u0131 en net ve \u00e7arp\u0131c\u0131 \u015fekilde yans\u0131tman\u0131z\u0131 sa\u011flar. <strong data-start=\"504\" data-end=\"528\">UV bask\u0131 teknolojisi<\/strong> ile haz\u0131rlanan kuma\u015flar\u0131m\u0131z, i\u00e7ten ayd\u0131nlatmal\u0131 standlarda maksimum renk canl\u0131l\u0131\u011f\u0131 ve keskinlik sunar.<\/p>\t\t\t\t\t\t\t\t<\/div>\n\t\t\t\t<\/div>\n\t\t<div class=\"elementor-element elementor-element-cff90a1 e-con-full e-flex e-con e-child\" data-id=\"cff90a1\" data-element_type=\"container\" data-e-type=\"container\">\n\t\t\t\t<div class=\"elementor-element elementor-element-641b5c6 elementor-widget elementor-widget-text-editor\" data-id=\"641b5c6\" data-element_type=\"widget\" data-e-type=\"widget\" data-widget_type=\"text-editor.default\">\n\t\t\t\t<div class=\"elementor-widget-container\">\n\t\t\t\t\t\t\t\t\t<p data-start=\"166\" data-end=\"627\">\u00a0<\/p><p><strong data-start=\"666\" data-end=\"687\">Bask\u0131 Teknolojisi<\/strong>: UV veya Latex teknolojisi ile yap\u0131lan dijital bask\u0131lar<br \/><strong data-start=\"748\" data-end=\"759\">Malzeme<\/strong>: 170\u2013200 g\/m\u00b2 lightbox kuma\u015f, arkadan \u0131\u015f\u0131k ge\u00e7irgenli\u011fi y\u00fcksek<br \/><strong data-start=\"827\" data-end=\"845\">Uygulama \u015eekli<\/strong>: SEG (Silicone Edge Graphic) \u2013 silikon kenarl\u0131 gerilebilir kuma\u015f<br \/><strong data-start=\"915\" data-end=\"936\">Kullan\u0131m Alanlar\u0131<\/strong>: Fuar, ma\u011faza vitrinleri, i\u00e7 mekan reklam panolar\u0131, Fuar Standlar\u0131, Kongre Standlar\u0131<br \/><strong data-start=\"992\" data-end=\"1004\">Boyutlar<\/strong>: \u0130stenilen \u00f6zellikte 500 cm ene kadar sonsuz bask\u0131lar<br \/><strong data-start=\"1060\" data-end=\"1072\">Teslimat<\/strong>: Katlanabilir kuma\u015f,\u00a0 h\u0131zl\u0131 kargo<\/p><h3 data-start=\"1136\" data-end=\"1174\">Neden Bizi Tercih Etmelisiniz?<\/h3><p data-start=\"1175\" data-end=\"1391\">\u2714 Y\u00fcksek \u00e7\u00f6z\u00fcn\u00fcrl\u00fckl\u00fc UV bask\u0131 kalitesi<br data-start=\"1214\" data-end=\"1217\" \/>\u2714 Solmaz, y\u0131rt\u0131lmaz kuma\u015f<br data-start=\"1252\" data-end=\"1255\" \/>\u2714 I\u015f\u0131k ge\u00e7irgenli\u011fi optimize edilmi\u015f tekstil<br data-start=\"1299\" data-end=\"1302\" \/>\u2714 H\u0131zl\u0131 \u00fcretim \u2013 2 i\u015f g\u00fcn\u00fcnde kargoya teslim<br data-start=\"1346\" data-end=\"1349\" \/>\u2714 T\u00fcrkiye geneline ve yurt d\u0131\u015f\u0131na g\u00f6nderim<\/p><h3 data-start=\"1651\" data-end=\"1684\">Frequently asked questions (FAQ)<\/h3><p data-start=\"1686\" data-end=\"1809\"><strong data-start=\"1686\" data-end=\"1711\">Lightbox kuma\u015f nedir?<\/strong><br data-start=\"1711\" data-end=\"1714\" \/>Arkadan ayd\u0131nlatmal\u0131 sistemler i\u00e7in \u00f6zel olarak \u00fcretilmi\u015f, \u0131\u015f\u0131\u011f\u0131 m\u00fckemmel ileten kuma\u015f t\u00fcr\u00fcd\u00fcr.<\/p><p data-start=\"1811\" data-end=\"1906\"><strong data-start=\"1811\" data-end=\"1841\">Bask\u0131lar nas\u0131l g\u00f6nderilir?<\/strong><br data-start=\"1841\" data-end=\"1844\" \/>Katlanm\u0131\u015f \u015fekilde, k\u0131r\u0131\u015fma yapmadan \u00f6zel ambalajla g\u00f6nderilir.<\/p><p data-start=\"1908\" data-end=\"1995\"><strong data-start=\"1908\" data-end=\"1927\">Y\u0131kanabilir mi?<\/strong><br data-start=\"1927\" data-end=\"1930\" \/>Evet, 30\u00b0C\u2019de elde y\u0131kamaya uygundur. Bask\u0131 kalitesini etkilemez.<\/p><p data-start=\"1997\" data-end=\"2138\"><strong data-start=\"1997\" data-end=\"2047\">Kuma\u015f \u00fczerine tasar\u0131m\u0131 siz mi haz\u0131rl\u0131yorsunuz?<\/strong><br data-start=\"2047\" data-end=\"2050\" \/>Bask\u0131 i\u00e7in haz\u0131r PDF, JPG, TIFF dosyas\u0131 gereklidir. Tasar\u0131m deste\u011fi veremiyoruz.\u00a0<\/p><p data-start=\"2140\" data-end=\"2277\"><strong data-start=\"2140\" data-end=\"2177\">Hangi sistemlerde kullan\u0131labilir?<\/strong><br data-start=\"2177\" data-end=\"2180\" \/>T\u00fcm SEG uyumlu <strong data-start=\"2195\" data-end=\"2211\">\u0131\u015f\u0131kl\u0131 stand<\/strong>, <strong data-start=\"2213\" data-end=\"2230\">lightbox pano<\/strong>, <strong data-start=\"2232\" data-end=\"2262\">mod\u00fcler profilli sistemler, ma\u011faza Lightbox sergileme sistemleri\u00a0<\/strong>ile uyumludur.<\/p><p><b>Kasa \u00dcretim yap\u0131yorumsunuz?<br \/><\/b>Evet, \u0130hyitac\u0131n\u0131za ve belirledi\u011finiz ebatlara g\u00f6re Al\u00fcminyum Lightbox yada Plastik Lightbox \u00fcretimlerimiz mevcuttur.\u00a0<\/p><p>\u00a0<\/p>\t\t\t\t\t\t\t\t<\/div>\n\t\t\t\t<\/div>\n\t\t\t\t<\/div>\n\t\t\t\t\t<\/div>\n\t\t\t\t<\/div>\n\t\t\t\t<\/div>","protected":false},"excerpt":{"rendered":"<p>Lightbox UV Bask\u0131 I\u015f\u0131kl\u0131 reklam sistemleriniz i\u00e7in \u00f6zel olarak \u00fcretilen lightbox kuma\u015f bask\u0131lar, markan\u0131z\u0131 en net ve \u00e7arp\u0131c\u0131 \u015fekilde yans\u0131tman\u0131z\u0131 sa\u011flar. UV bask\u0131 teknolojisi ile haz\u0131rlanan kuma\u015flar\u0131m\u0131z, i\u00e7ten ayd\u0131nlatmal\u0131 standlarda maksimum renk canl\u0131l\u0131\u011f\u0131 ve keskinlik sunar. Bask\u0131 Teknolojisi: UV veya Latex teknolojisi ile yap\u0131lan dijital bask\u0131lar Malzeme: 170\u2013200 g\/m\u00b2 lightbox kuma\u015f, arkadan \u0131\u015f\u0131k ge\u00e7irgenli\u011fi y\u00fcksek [&hellip;]<\/p>","protected":false},"author":1,"featured_media":13492,"parent":0,"menu_order":0,"comment_status":"closed","ping_status":"closed","template":"","meta":{"footnotes":""},"class_list":["post-13467","page","type-page","status-publish","has-post-thumbnail","hentry"],"blocksy_meta":{"has_hero_section":"disabled","vertical_spacing_source":"custom","content_area_spacing":"top","styles_descriptor":{"styles":{"desktop":"","tablet":"","mobile":""},"google_fonts":[],"version":6}},"yoast_head":"<!-- This site is optimized with the Yoast SEO Premium plugin v25.3.1 (Yoast SEO v27.4) - https:\/\/yoast.com\/product\/yoast-seo-premium-wordpress\/ -->\n<title>DEKOPA MOD\u00dcLER FUAR STANDLARI - Lightbox Kuma\u015f Bask\u0131 - Y\u00fcksek Kalite UV Bask\u0131lar<\/title>\n<meta name=\"description\" content=\"UV bask\u0131 teknolojisi ile haz\u0131rlanan kuma\u015flar\u0131m\u0131z, i\u00e7ten ayd\u0131nlatmal\u0131 standlarda maksimum renk canl\u0131l\u0131\u011f\u0131 ve keskinlik sunar.\" \/>\n<meta name=\"robots\" content=\"index, follow, max-snippet:-1, max-image-preview:large, max-video-preview:-1\" \/>\n<link rel=\"canonical\" href=\"https:\/\/ds.dekopa.com.tr\/en\/lightbox-kumas-baski-tekstilbox-baskilar\/\" \/>\n<meta property=\"og:locale\" content=\"en_US\" \/>\n<meta property=\"og:type\" content=\"article\" \/>\n<meta property=\"og:title\" content=\"Lightbox Kuma\u015f Bask\u0131\" \/>\n<meta property=\"og:description\" content=\"UV bask\u0131 teknolojisi ile haz\u0131rlanan kuma\u015flar\u0131m\u0131z, i\u00e7ten ayd\u0131nlatmal\u0131 standlarda maksimum renk canl\u0131l\u0131\u011f\u0131 ve keskinlik sunar.\" \/>\n<meta property=\"og:url\" content=\"https:\/\/ds.dekopa.com.tr\/en\/lightbox-kumas-baski-tekstilbox-baskilar\/\" \/>\n<meta property=\"og:site_name\" content=\"DEKOPA MOD\u00dcLER FUAR STANDLARI\" \/>\n<meta property=\"article:publisher\" content=\"https:\/\/www.facebook.com\/dekopa.com.tr\" \/>\n<meta property=\"article:modified_time\" content=\"2025-06-30T18:03:12+00:00\" \/>\n<meta property=\"og:image\" content=\"https:\/\/ds.dekopa.com.tr\/wp-content\/uploads\/89E31022-4C74-48C8-B508-65CBD71682AC-scaled.jpg\" \/>\n\t<meta property=\"og:image:width\" content=\"1920\" \/>\n\t<meta property=\"og:image:height\" content=\"2560\" \/>\n\t<meta property=\"og:image:type\" content=\"image\/jpeg\" \/>\n<meta name=\"twitter:card\" content=\"summary_large_image\" \/>\n<meta name=\"twitter:label1\" content=\"Est. reading time\" \/>\n\t<meta name=\"twitter:data1\" content=\"1 minute\" \/>\n<script type=\"application\/ld+json\" class=\"yoast-schema-graph\">{\"@context\":\"https:\\\/\\\/schema.org\",\"@graph\":[{\"@type\":\"WebPage\",\"@id\":\"https:\\\/\\\/ds.dekopa.com.tr\\\/lightbox-kumas-baski-tekstilbox-baskilar\\\/\",\"url\":\"https:\\\/\\\/ds.dekopa.com.tr\\\/lightbox-kumas-baski-tekstilbox-baskilar\\\/\",\"name\":\"DEKOPA MOD\u00dcLER FUAR STANDLARI - Lightbox Kuma\u015f Bask\u0131 - Y\u00fcksek Kalite UV Bask\u0131lar\",\"isPartOf\":{\"@id\":\"https:\\\/\\\/ds.dekopa.com.tr\\\/#website\"},\"primaryImageOfPage\":{\"@id\":\"https:\\\/\\\/ds.dekopa.com.tr\\\/lightbox-kumas-baski-tekstilbox-baskilar\\\/#primaryimage\"},\"image\":{\"@id\":\"https:\\\/\\\/ds.dekopa.com.tr\\\/lightbox-kumas-baski-tekstilbox-baskilar\\\/#primaryimage\"},\"thumbnailUrl\":\"https:\\\/\\\/ds.dekopa.com.tr\\\/wp-content\\\/uploads\\\/89E31022-4C74-48C8-B508-65CBD71682AC-scaled.jpg\",\"datePublished\":\"2025-06-30T11:10:46+00:00\",\"dateModified\":\"2025-06-30T18:03:12+00:00\",\"description\":\"UV bask\u0131 teknolojisi ile haz\u0131rlanan kuma\u015flar\u0131m\u0131z, i\u00e7ten ayd\u0131nlatmal\u0131 standlarda maksimum renk canl\u0131l\u0131\u011f\u0131 ve keskinlik sunar.\",\"breadcrumb\":{\"@id\":\"https:\\\/\\\/ds.dekopa.com.tr\\\/lightbox-kumas-baski-tekstilbox-baskilar\\\/#breadcrumb\"},\"inLanguage\":\"en-US\",\"potentialAction\":[{\"@type\":\"ReadAction\",\"target\":[\"https:\\\/\\\/ds.dekopa.com.tr\\\/lightbox-kumas-baski-tekstilbox-baskilar\\\/\"]}]},{\"@type\":\"ImageObject\",\"inLanguage\":\"en-US\",\"@id\":\"https:\\\/\\\/ds.dekopa.com.tr\\\/lightbox-kumas-baski-tekstilbox-baskilar\\\/#primaryimage\",\"url\":\"https:\\\/\\\/ds.dekopa.com.tr\\\/wp-content\\\/uploads\\\/89E31022-4C74-48C8-B508-65CBD71682AC-scaled.jpg\",\"contentUrl\":\"https:\\\/\\\/ds.dekopa.com.tr\\\/wp-content\\\/uploads\\\/89E31022-4C74-48C8-B508-65CBD71682AC-scaled.jpg\",\"width\":1920,\"height\":2560,\"caption\":\"Lightbox sistemler i\u00e7in UV bask\u0131l\u0131 kuma\u015flar. SEG kenarl\u0131, \u0131\u015f\u0131k ge\u00e7irgenli\u011fi y\u00fcksek, \u00e7arp\u0131c\u0131 g\u00f6rsellerle fuar ve vitrinlerde \u00f6ne \u00e7\u0131k\u0131n.\"},{\"@type\":\"BreadcrumbList\",\"@id\":\"https:\\\/\\\/ds.dekopa.com.tr\\\/lightbox-kumas-baski-tekstilbox-baskilar\\\/#breadcrumb\",\"itemListElement\":[{\"@type\":\"ListItem\",\"position\":1,\"name\":\"Ana sayfa\",\"item\":\"https:\\\/\\\/ds.dekopa.com.tr\\\/\"},{\"@type\":\"ListItem\",\"position\":2,\"name\":\"Lightbox Kuma\u015f Bask\u0131\"}]},{\"@type\":\"WebSite\",\"@id\":\"https:\\\/\\\/ds.dekopa.com.tr\\\/#website\",\"url\":\"https:\\\/\\\/ds.dekopa.com.tr\\\/\",\"name\":\"Dekopa Dijital Bask\u0131\",\"description\":\"MOD\u00dcLER FUAR VE KONGRE S\u0130STEMLER\u0130\",\"publisher\":{\"@id\":\"https:\\\/\\\/ds.dekopa.com.tr\\\/#organization\"},\"potentialAction\":[{\"@type\":\"SearchAction\",\"target\":{\"@type\":\"EntryPoint\",\"urlTemplate\":\"https:\\\/\\\/ds.dekopa.com.tr\\\/?s={search_term_string}\"},\"query-input\":{\"@type\":\"PropertyValueSpecification\",\"valueRequired\":true,\"valueName\":\"search_term_string\"}}],\"inLanguage\":\"en-US\"},{\"@type\":\"Organization\",\"@id\":\"https:\\\/\\\/ds.dekopa.com.tr\\\/#organization\",\"name\":\"Dekopa Display - UV Bask\u0131\",\"url\":\"https:\\\/\\\/ds.dekopa.com.tr\\\/\",\"logo\":{\"@type\":\"ImageObject\",\"inLanguage\":\"en-US\",\"@id\":\"https:\\\/\\\/ds.dekopa.com.tr\\\/#\\\/schema\\\/logo\\\/image\\\/\",\"url\":\"https:\\\/\\\/ds.dekopa.com.tr\\\/wp-content\\\/uploads\\\/2020\\\/12\\\/dekopa_logo-copy-1.jpg\",\"contentUrl\":\"https:\\\/\\\/ds.dekopa.com.tr\\\/wp-content\\\/uploads\\\/2020\\\/12\\\/dekopa_logo-copy-1.jpg\",\"width\":200,\"height\":80,\"caption\":\"Dekopa Display - UV Bask\u0131\"},\"image\":{\"@id\":\"https:\\\/\\\/ds.dekopa.com.tr\\\/#\\\/schema\\\/logo\\\/image\\\/\"},\"sameAs\":[\"https:\\\/\\\/www.facebook.com\\\/dekopa.com.tr\",\"https:\\\/\\\/www.instagram.com\\\/dekopa_print\\\/\",\"https:\\\/\\\/tr.pinterest.com\\\/DekopaDesing\\\/\",\"https:\\\/\\\/www.youtube.com\\\/channel\\\/UCchP6AzeKOz_2L5SQ8l10mA\\\/\"]}]}<\/script>\n<!-- \/ Yoast SEO Premium plugin. -->","yoast_head_json":{"title":"DEKOPA MOD\u00dcLER FUAR STANDLARI - Lightbox Kuma\u015f Bask\u0131 - Y\u00fcksek Kalite UV Bask\u0131lar","description":"UV bask\u0131 teknolojisi ile haz\u0131rlanan kuma\u015flar\u0131m\u0131z, i\u00e7ten ayd\u0131nlatmal\u0131 standlarda maksimum renk canl\u0131l\u0131\u011f\u0131 ve keskinlik sunar.","robots":{"index":"index","follow":"follow","max-snippet":"max-snippet:-1","max-image-preview":"max-image-preview:large","max-video-preview":"max-video-preview:-1"},"canonical":"https:\/\/ds.dekopa.com.tr\/en\/lightbox-kumas-baski-tekstilbox-baskilar\/","og_locale":"en_US","og_type":"article","og_title":"Lightbox Kuma\u015f Bask\u0131","og_description":"UV bask\u0131 teknolojisi ile haz\u0131rlanan kuma\u015flar\u0131m\u0131z, i\u00e7ten ayd\u0131nlatmal\u0131 standlarda maksimum renk canl\u0131l\u0131\u011f\u0131 ve keskinlik sunar.","og_url":"https:\/\/ds.dekopa.com.tr\/en\/lightbox-kumas-baski-tekstilbox-baskilar\/","og_site_name":"DEKOPA MOD\u00dcLER FUAR STANDLARI","article_publisher":"https:\/\/www.facebook.com\/dekopa.com.tr","article_modified_time":"2025-06-30T18:03:12+00:00","og_image":[{"width":1920,"height":2560,"url":"https:\/\/ds.dekopa.com.tr\/wp-content\/uploads\/89E31022-4C74-48C8-B508-65CBD71682AC-scaled.jpg","type":"image\/jpeg"}],"twitter_card":"summary_large_image","twitter_misc":{"Est. reading time":"1 minute"},"schema":{"@context":"https:\/\/schema.org","@graph":[{"@type":"WebPage","@id":"https:\/\/ds.dekopa.com.tr\/lightbox-kumas-baski-tekstilbox-baskilar\/","url":"https:\/\/ds.dekopa.com.tr\/lightbox-kumas-baski-tekstilbox-baskilar\/","name":"DEKOPA MOD\u00dcLER FUAR STANDLARI - Lightbox Kuma\u015f Bask\u0131 - Y\u00fcksek Kalite UV Bask\u0131lar","isPartOf":{"@id":"https:\/\/ds.dekopa.com.tr\/#website"},"primaryImageOfPage":{"@id":"https:\/\/ds.dekopa.com.tr\/lightbox-kumas-baski-tekstilbox-baskilar\/#primaryimage"},"image":{"@id":"https:\/\/ds.dekopa.com.tr\/lightbox-kumas-baski-tekstilbox-baskilar\/#primaryimage"},"thumbnailUrl":"https:\/\/ds.dekopa.com.tr\/wp-content\/uploads\/89E31022-4C74-48C8-B508-65CBD71682AC-scaled.jpg","datePublished":"2025-06-30T11:10:46+00:00","dateModified":"2025-06-30T18:03:12+00:00","description":"UV bask\u0131 teknolojisi ile haz\u0131rlanan kuma\u015flar\u0131m\u0131z, i\u00e7ten ayd\u0131nlatmal\u0131 standlarda maksimum renk canl\u0131l\u0131\u011f\u0131 ve keskinlik sunar.","breadcrumb":{"@id":"https:\/\/ds.dekopa.com.tr\/lightbox-kumas-baski-tekstilbox-baskilar\/#breadcrumb"},"inLanguage":"en-US","potentialAction":[{"@type":"ReadAction","target":["https:\/\/ds.dekopa.com.tr\/lightbox-kumas-baski-tekstilbox-baskilar\/"]}]},{"@type":"ImageObject","inLanguage":"en-US","@id":"https:\/\/ds.dekopa.com.tr\/lightbox-kumas-baski-tekstilbox-baskilar\/#primaryimage","url":"https:\/\/ds.dekopa.com.tr\/wp-content\/uploads\/89E31022-4C74-48C8-B508-65CBD71682AC-scaled.jpg","contentUrl":"https:\/\/ds.dekopa.com.tr\/wp-content\/uploads\/89E31022-4C74-48C8-B508-65CBD71682AC-scaled.jpg","width":1920,"height":2560,"caption":"Lightbox sistemler i\u00e7in UV bask\u0131l\u0131 kuma\u015flar. SEG kenarl\u0131, \u0131\u015f\u0131k ge\u00e7irgenli\u011fi y\u00fcksek, \u00e7arp\u0131c\u0131 g\u00f6rsellerle fuar ve vitrinlerde \u00f6ne \u00e7\u0131k\u0131n."},{"@type":"BreadcrumbList","@id":"https:\/\/ds.dekopa.com.tr\/lightbox-kumas-baski-tekstilbox-baskilar\/#breadcrumb","itemListElement":[{"@type":"ListItem","position":1,"name":"Ana sayfa","item":"https:\/\/ds.dekopa.com.tr\/"},{"@type":"ListItem","position":2,"name":"Lightbox Kuma\u015f Bask\u0131"}]},{"@type":"WebSite","@id":"https:\/\/ds.dekopa.com.tr\/#website","url":"https:\/\/ds.dekopa.com.tr\/","name":"Dekopa Dijital Bask\u0131","description":"MOD\u00dcLER FUAR VE KONGRE S\u0130STEMLER\u0130","publisher":{"@id":"https:\/\/ds.dekopa.com.tr\/#organization"},"potentialAction":[{"@type":"SearchAction","target":{"@type":"EntryPoint","urlTemplate":"https:\/\/ds.dekopa.com.tr\/?s={search_term_string}"},"query-input":{"@type":"PropertyValueSpecification","valueRequired":true,"valueName":"search_term_string"}}],"inLanguage":"en-US"},{"@type":"Organization","@id":"https:\/\/ds.dekopa.com.tr\/#organization","name":"Dekopa Display - UV Bask\u0131","url":"https:\/\/ds.dekopa.com.tr\/","logo":{"@type":"ImageObject","inLanguage":"en-US","@id":"https:\/\/ds.dekopa.com.tr\/#\/schema\/logo\/image\/","url":"https:\/\/ds.dekopa.com.tr\/wp-content\/uploads\/2020\/12\/dekopa_logo-copy-1.jpg","contentUrl":"https:\/\/ds.dekopa.com.tr\/wp-content\/uploads\/2020\/12\/dekopa_logo-copy-1.jpg","width":200,"height":80,"caption":"Dekopa Display - UV Bask\u0131"},"image":{"@id":"https:\/\/ds.dekopa.com.tr\/#\/schema\/logo\/image\/"},"sameAs":["https:\/\/www.facebook.com\/dekopa.com.tr","https:\/\/www.instagram.com\/dekopa_print\/","https:\/\/tr.pinterest.com\/DekopaDesing\/","https:\/\/www.youtube.com\/channel\/UCchP6AzeKOz_2L5SQ8l10mA\/"]}]}},"_links":{"self":[{"href":"https:\/\/ds.dekopa.com.tr\/en\/wp-json\/wp\/v2\/pages\/13467","targetHints":{"allow":["GET"]}}],"collection":[{"href":"https:\/\/ds.dekopa.com.tr\/en\/wp-json\/wp\/v2\/pages"}],"about":[{"href":"https:\/\/ds.dekopa.com.tr\/en\/wp-json\/wp\/v2\/types\/page"}],"author":[{"embeddable":true,"href":"https:\/\/ds.dekopa.com.tr\/en\/wp-json\/wp\/v2\/users\/1"}],"replies":[{"embeddable":true,"href":"https:\/\/ds.dekopa.com.tr\/en\/wp-json\/wp\/v2\/comments?post=13467"}],"version-history":[{"count":8,"href":"https:\/\/ds.dekopa.com.tr\/en\/wp-json\/wp\/v2\/pages\/13467\/revisions"}],"predecessor-version":[{"id":13498,"href":"https:\/\/ds.dekopa.com.tr\/en\/wp-json\/wp\/v2\/pages\/13467\/revisions\/13498"}],"wp:featuredmedia":[{"embeddable":true,"href":"https:\/\/ds.dekopa.com.tr\/en\/wp-json\/wp\/v2\/media\/13492"}],"wp:attachment":[{"href":"https:\/\/ds.dekopa.com.tr\/en\/wp-json\/wp\/v2\/media?parent=13467"}],"curies":[{"name":"wp","href":"https:\/\/api.w.org\/{rel}","templated":true}]}}