{"id":12883,"date":"2025-05-29T12:14:41","date_gmt":"2025-05-29T09:14:41","guid":{"rendered":"https:\/\/ds.dekopa.com.tr\/?page_id=12883"},"modified":"2025-05-29T23:12:14","modified_gmt":"2025-05-29T20:12:14","slug":"videolar","status":"publish","type":"page","link":"https:\/\/ds.dekopa.com.tr\/en\/videolar\/","title":{"rendered":"Videos"},"content":{"rendered":"<div data-elementor-type=\"wp-page\" data-elementor-id=\"12883\" class=\"elementor elementor-12883\" data-elementor-post-type=\"page\">\n\t\t\t\t<div class=\"elementor-element elementor-element-97ed680 e-flex e-con-boxed e-con e-parent\" data-id=\"97ed680\" data-element_type=\"container\" data-e-type=\"container\">\n\t\t\t\t\t<div class=\"e-con-inner\">\n\t\t\t\t<div class=\"elementor-element elementor-element-647663f elementor-widget elementor-widget-heading\" data-id=\"647663f\" data-element_type=\"widget\" data-e-type=\"widget\" data-widget_type=\"heading.default\">\n\t\t\t\t<div class=\"elementor-widget-container\">\n\t\t\t\t\t<h2 class=\"elementor-heading-title elementor-size-default\">Videos<\/h2>\t\t\t\t<\/div>\n\t\t\t\t<\/div>\n\t\t\t\t<div class=\"elementor-element elementor-element-ef5f7a3 elementor-widget elementor-widget-text-editor\" data-id=\"ef5f7a3\" data-element_type=\"widget\" data-e-type=\"widget\" data-widget_type=\"text-editor.default\">\n\t\t\t\t<div class=\"elementor-widget-container\">\n\t\t\t\t\t\t\t\t\t<p data-start=\"197\" data-end=\"542\">Dekopa olarak ger\u00e7ekle\u015ftirdi\u011fimiz projeleri, \u00fcr\u00fcn uygulamalar\u0131m\u0131z\u0131 ve \u00fcretim s\u00fcre\u00e7lerimizi daha yak\u0131ndan tan\u0131man\u0131z i\u00e7in sizlere \u00f6zel video i\u00e7erikleri haz\u0131rlad\u0131k. Bu sayfada; mod\u00fcler lightbox sistemlerinin kurulumundan UV bask\u0131 uygulamalar\u0131na, fuar stand\u0131 \u00e7\u00f6z\u00fcmlerinden yarat\u0131c\u0131 dekor projelerine kadar bir\u00e7ok s\u00fcreci ad\u0131m ad\u0131m izleyebilirsiniz.<\/p><p data-start=\"544\" data-end=\"859\">G\u00f6rsel anlat\u0131m g\u00fcc\u00fc sayesinde \u00fcr\u00fcnlerimizin kalitesini ve uygulama detaylar\u0131n\u0131 daha net g\u00f6rebilir, sizin i\u00e7in en uygun \u00e7\u00f6z\u00fcmleri daha kolay se\u00e7ebilirsiniz. Ayr\u0131ca \u00fcretim sahnemizi, teknolojik altyap\u0131m\u0131z\u0131 ve ekiplerimizin sahadaki performans\u0131n\u0131 da bu videolar arac\u0131l\u0131\u011f\u0131yla yak\u0131ndan ke\u015ffetme f\u0131rsat\u0131 bulabilirsiniz. E\u011fer siz de bir sonraki projenizde Dekopa ile \u00e7al\u0131\u015fmay\u0131 d\u00fc\u015f\u00fcn\u00fcyorsan\u0131z, videolar\u0131m\u0131z ilham verici bir ba\u015flang\u0131\u00e7 noktas\u0131 olacakt\u0131r.<\/p>\t\t\t\t\t\t\t\t<\/div>\n\t\t\t\t<\/div>\n\t\t\t\t\t<\/div>\n\t\t\t\t<\/div>\n\t\t<div class=\"elementor-element elementor-element-612007d e-flex e-con-boxed e-con e-parent\" data-id=\"612007d\" data-element_type=\"container\" data-e-type=\"container\">\n\t\t\t\t\t<div class=\"e-con-inner\">\n\t\t<div class=\"elementor-element elementor-element-9842386 e-con-full e-flex e-con e-child\" data-id=\"9842386\" data-element_type=\"container\" data-e-type=\"container\">\n\t\t\t\t<div class=\"elementor-element elementor-element-e8d56c0 elementor-widget elementor-widget-video\" data-id=\"e8d56c0\" data-element_type=\"widget\" data-e-type=\"widget\" data-settings=\"{&quot;youtube_url&quot;:&quot;https:\\\/\\\/www.youtube.com\\\/watch?v=AxspOc2I6yc&amp;pp=ygUGZGVrb3Bh&quot;,&quot;video_type&quot;:&quot;youtube&quot;,&quot;controls&quot;:&quot;yes&quot;}\" data-widget_type=\"video.default\">\n\t\t\t\t<div class=\"elementor-widget-container\">\n\t\t\t\t\t\t\t<div class=\"elementor-wrapper elementor-open-inline\">\n\t\t\t<div class=\"elementor-video\"><\/div>\t\t<\/div>\n\t\t\t\t\t\t<\/div>\n\t\t\t\t<\/div>\n\t\t\t\t<div class=\"elementor-element elementor-element-10ae09b elementor-widget elementor-widget-heading\" data-id=\"10ae09b\" data-element_type=\"widget\" data-e-type=\"widget\" data-widget_type=\"heading.default\">\n\t\t\t\t<div class=\"elementor-widget-container\">\n\t\t\t\t\t<h2 class=\"elementor-heading-title elementor-size-default\">Dekopa Mod\u00fcle Lightbox (120x240)<\/h2>\t\t\t\t<\/div>\n\t\t\t\t<\/div>\n\t\t\t\t<div class=\"elementor-element elementor-element-98a31d0 elementor-widget elementor-widget-text-editor\" data-id=\"98a31d0\" data-element_type=\"widget\" data-e-type=\"widget\" data-widget_type=\"text-editor.default\">\n\t\t\t\t<div class=\"elementor-widget-container\">\n\t\t\t\t\t\t\t\t\t<p data-start=\"197\" data-end=\"542\">Dekopa Mod\u00fcler Lightbox (120&#215;240), etkileyici g\u00f6rseller sunan, kolay ta\u015f\u0131nabilir ve h\u0131zl\u0131 kurulum \u00f6zellikli ayd\u0131nlatmal\u0131 fuar stand sistemidir. Marka g\u00f6r\u00fcn\u00fcrl\u00fc\u011f\u00fcn\u00fcz\u00fc art\u0131rmak i\u00e7in \u015f\u0131k ve profesyonel bir \u00e7\u00f6z\u00fcmd\u00fcr.<\/p>\t\t\t\t\t\t\t\t<\/div>\n\t\t\t\t<\/div>\n\t\t\t\t<\/div>\n\t\t<div class=\"elementor-element elementor-element-966eac1 e-con-full e-flex e-con e-child\" data-id=\"966eac1\" data-element_type=\"container\" data-e-type=\"container\">\n\t\t\t\t<div class=\"elementor-element elementor-element-44646ea elementor-widget elementor-widget-video\" data-id=\"44646ea\" data-element_type=\"widget\" data-e-type=\"widget\" data-settings=\"{&quot;youtube_url&quot;:&quot;https:\\\/\\\/www.youtube.com\\\/watch?v=R-dNyjgmdCg&amp;pp=ygUGZGVrb3Bh&quot;,&quot;video_type&quot;:&quot;youtube&quot;,&quot;controls&quot;:&quot;yes&quot;}\" data-widget_type=\"video.default\">\n\t\t\t\t<div class=\"elementor-widget-container\">\n\t\t\t\t\t\t\t<div class=\"elementor-wrapper elementor-open-inline\">\n\t\t\t<div class=\"elementor-video\"><\/div>\t\t<\/div>\n\t\t\t\t\t\t<\/div>\n\t\t\t\t<\/div>\n\t\t\t\t<div class=\"elementor-element elementor-element-c32ae46 elementor-widget elementor-widget-heading\" data-id=\"c32ae46\" data-element_type=\"widget\" data-e-type=\"widget\" data-widget_type=\"heading.default\">\n\t\t\t\t<div class=\"elementor-widget-container\">\n\t\t\t\t\t<h2 class=\"elementor-heading-title elementor-size-default\">Dekopa Mod\u00fcle Lightbox (120x240)<\/h2>\t\t\t\t<\/div>\n\t\t\t\t<\/div>\n\t\t\t\t<div class=\"elementor-element elementor-element-8f63da0 elementor-widget elementor-widget-text-editor\" data-id=\"8f63da0\" data-element_type=\"widget\" data-e-type=\"widget\" data-widget_type=\"text-editor.default\">\n\t\t\t\t<div class=\"elementor-widget-container\">\n\t\t\t\t\t\t\t\t\t<p data-start=\"197\" data-end=\"542\">Dekopa Mod\u00fcler Lightbox (120&#215;240), etkileyici g\u00f6rseller sunan, kolay ta\u015f\u0131nabilir ve h\u0131zl\u0131 kurulum \u00f6zellikli ayd\u0131nlatmal\u0131 fuar stand sistemidir. Marka g\u00f6r\u00fcn\u00fcrl\u00fc\u011f\u00fcn\u00fcz\u00fc art\u0131rmak i\u00e7in \u015f\u0131k ve profesyonel bir \u00e7\u00f6z\u00fcmd\u00fcr.<\/p>\t\t\t\t\t\t\t\t<\/div>\n\t\t\t\t<\/div>\n\t\t\t\t<\/div>\n\t\t\t\t\t<\/div>\n\t\t\t\t<\/div>\n\t\t<div class=\"elementor-element elementor-element-41e4981 e-flex e-con-boxed e-con e-parent\" data-id=\"41e4981\" data-element_type=\"container\" data-e-type=\"container\">\n\t\t\t\t\t<div class=\"e-con-inner\">\n\t\t<div class=\"elementor-element elementor-element-bb18bba e-con-full e-flex e-con e-child\" data-id=\"bb18bba\" data-element_type=\"container\" data-e-type=\"container\">\n\t\t\t\t<div class=\"elementor-element elementor-element-14420dd elementor-widget elementor-widget-video\" data-id=\"14420dd\" data-element_type=\"widget\" data-e-type=\"widget\" data-settings=\"{&quot;youtube_url&quot;:&quot;https:\\\/\\\/www.youtube.com\\\/watch?v=ebfNvsID5bk&amp;pp=ygUGZGVrb3Bh&quot;,&quot;video_type&quot;:&quot;youtube&quot;,&quot;controls&quot;:&quot;yes&quot;}\" data-widget_type=\"video.default\">\n\t\t\t\t<div class=\"elementor-widget-container\">\n\t\t\t\t\t\t\t<div class=\"elementor-wrapper elementor-open-inline\">\n\t\t\t<div class=\"elementor-video\"><\/div>\t\t<\/div>\n\t\t\t\t\t\t<\/div>\n\t\t\t\t<\/div>\n\t\t\t\t<\/div>\n\t\t<div class=\"elementor-element elementor-element-a19f281 e-con-full e-flex e-con e-child\" data-id=\"a19f281\" data-element_type=\"container\" data-e-type=\"container\">\n\t\t\t\t<div class=\"elementor-element elementor-element-0df7017 elementor-widget elementor-widget-video\" data-id=\"0df7017\" data-element_type=\"widget\" data-e-type=\"widget\" data-settings=\"{&quot;youtube_url&quot;:&quot;https:\\\/\\\/www.youtube.com\\\/watch?v=OumocsQcm34&amp;pp=ygUGZGVrb3Bh&quot;,&quot;video_type&quot;:&quot;youtube&quot;,&quot;controls&quot;:&quot;yes&quot;}\" data-widget_type=\"video.default\">\n\t\t\t\t<div class=\"elementor-widget-container\">\n\t\t\t\t\t\t\t<div class=\"elementor-wrapper elementor-open-inline\">\n\t\t\t<div class=\"elementor-video\"><\/div>\t\t<\/div>\n\t\t\t\t\t\t<\/div>\n\t\t\t\t<\/div>\n\t\t\t\t<\/div>\n\t\t\t\t\t<\/div>\n\t\t\t\t<\/div>\n\t\t\t\t<\/div>","protected":false},"excerpt":{"rendered":"<p>Videolar Dekopa olarak ger\u00e7ekle\u015ftirdi\u011fimiz projeleri, \u00fcr\u00fcn uygulamalar\u0131m\u0131z\u0131 ve \u00fcretim s\u00fcre\u00e7lerimizi daha yak\u0131ndan tan\u0131man\u0131z i\u00e7in sizlere \u00f6zel video i\u00e7erikleri haz\u0131rlad\u0131k. Bu sayfada; mod\u00fcler lightbox sistemlerinin kurulumundan UV bask\u0131 uygulamalar\u0131na, fuar stand\u0131 \u00e7\u00f6z\u00fcmlerinden yarat\u0131c\u0131 dekor projelerine kadar bir\u00e7ok s\u00fcreci ad\u0131m ad\u0131m izleyebilirsiniz. G\u00f6rsel anlat\u0131m g\u00fcc\u00fc sayesinde \u00fcr\u00fcnlerimizin kalitesini ve uygulama detaylar\u0131n\u0131 daha net g\u00f6rebilir, sizin i\u00e7in en [&hellip;]<\/p>","protected":false},"author":1,"featured_media":0,"parent":0,"menu_order":0,"comment_status":"closed","ping_status":"closed","template":"","meta":{"footnotes":""},"class_list":["post-12883","page","type-page","status-publish","hentry"],"blocksy_meta":{"has_hero_section":"disabled","vertical_spacing_source":"custom","content_area_spacing":"top","styles_descriptor":{"styles":{"desktop":"","tablet":"","mobile":""},"google_fonts":[],"version":6}},"yoast_head":"<!-- This site is optimized with the Yoast SEO Premium plugin v25.3.1 (Yoast SEO v27.4) - https:\/\/yoast.com\/product\/yoast-seo-premium-wordpress\/ -->\n<title>Videolar - DEKOPA MOD\u00dcLER FUAR STANDLARI<\/title>\n<meta name=\"robots\" content=\"index, follow, max-snippet:-1, max-image-preview:large, max-video-preview:-1\" \/>\n<link rel=\"canonical\" href=\"https:\/\/ds.dekopa.com.tr\/en\/videolar\/\" \/>\n<meta property=\"og:locale\" content=\"en_US\" \/>\n<meta property=\"og:type\" content=\"article\" \/>\n<meta property=\"og:title\" content=\"Videolar\" \/>\n<meta property=\"og:description\" content=\"Videolar Dekopa olarak ger\u00e7ekle\u015ftirdi\u011fimiz projeleri, \u00fcr\u00fcn uygulamalar\u0131m\u0131z\u0131 ve \u00fcretim s\u00fcre\u00e7lerimizi daha yak\u0131ndan tan\u0131man\u0131z i\u00e7in sizlere \u00f6zel video i\u00e7erikleri haz\u0131rlad\u0131k. Bu sayfada; mod\u00fcler lightbox sistemlerinin kurulumundan UV bask\u0131 uygulamalar\u0131na, fuar stand\u0131 \u00e7\u00f6z\u00fcmlerinden yarat\u0131c\u0131 dekor projelerine kadar bir\u00e7ok s\u00fcreci ad\u0131m ad\u0131m izleyebilirsiniz. G\u00f6rsel anlat\u0131m g\u00fcc\u00fc sayesinde \u00fcr\u00fcnlerimizin kalitesini ve uygulama detaylar\u0131n\u0131 daha net g\u00f6rebilir, sizin i\u00e7in en [&hellip;]\" \/>\n<meta property=\"og:url\" content=\"https:\/\/ds.dekopa.com.tr\/en\/videolar\/\" \/>\n<meta property=\"og:site_name\" content=\"DEKOPA MOD\u00dcLER FUAR STANDLARI\" \/>\n<meta property=\"article:publisher\" content=\"https:\/\/www.facebook.com\/dekopa.com.tr\" \/>\n<meta property=\"article:modified_time\" content=\"2025-05-29T20:12:14+00:00\" \/>\n<meta name=\"twitter:card\" content=\"summary_large_image\" \/>\n<meta name=\"twitter:label1\" content=\"Est. reading time\" \/>\n\t<meta name=\"twitter:data1\" content=\"1 minute\" \/>\n<script type=\"application\/ld+json\" class=\"yoast-schema-graph\">{\"@context\":\"https:\\\/\\\/schema.org\",\"@graph\":[{\"@type\":\"WebPage\",\"@id\":\"https:\\\/\\\/ds.dekopa.com.tr\\\/videolar\\\/\",\"url\":\"https:\\\/\\\/ds.dekopa.com.tr\\\/videolar\\\/\",\"name\":\"Videolar - DEKOPA MOD\u00dcLER FUAR STANDLARI\",\"isPartOf\":{\"@id\":\"https:\\\/\\\/ds.dekopa.com.tr\\\/#website\"},\"datePublished\":\"2025-05-29T09:14:41+00:00\",\"dateModified\":\"2025-05-29T20:12:14+00:00\",\"breadcrumb\":{\"@id\":\"https:\\\/\\\/ds.dekopa.com.tr\\\/videolar\\\/#breadcrumb\"},\"inLanguage\":\"en-US\",\"potentialAction\":[{\"@type\":\"ReadAction\",\"target\":[\"https:\\\/\\\/ds.dekopa.com.tr\\\/videolar\\\/\"]}]},{\"@type\":\"BreadcrumbList\",\"@id\":\"https:\\\/\\\/ds.dekopa.com.tr\\\/videolar\\\/#breadcrumb\",\"itemListElement\":[{\"@type\":\"ListItem\",\"position\":1,\"name\":\"Ana sayfa\",\"item\":\"https:\\\/\\\/ds.dekopa.com.tr\\\/\"},{\"@type\":\"ListItem\",\"position\":2,\"name\":\"Videolar\"}]},{\"@type\":\"WebSite\",\"@id\":\"https:\\\/\\\/ds.dekopa.com.tr\\\/#website\",\"url\":\"https:\\\/\\\/ds.dekopa.com.tr\\\/\",\"name\":\"Dekopa Dijital Bask\u0131\",\"description\":\"MOD\u00dcLER FUAR VE KONGRE S\u0130STEMLER\u0130\",\"publisher\":{\"@id\":\"https:\\\/\\\/ds.dekopa.com.tr\\\/#organization\"},\"potentialAction\":[{\"@type\":\"SearchAction\",\"target\":{\"@type\":\"EntryPoint\",\"urlTemplate\":\"https:\\\/\\\/ds.dekopa.com.tr\\\/?s={search_term_string}\"},\"query-input\":{\"@type\":\"PropertyValueSpecification\",\"valueRequired\":true,\"valueName\":\"search_term_string\"}}],\"inLanguage\":\"en-US\"},{\"@type\":\"Organization\",\"@id\":\"https:\\\/\\\/ds.dekopa.com.tr\\\/#organization\",\"name\":\"Dekopa Display - UV Bask\u0131\",\"url\":\"https:\\\/\\\/ds.dekopa.com.tr\\\/\",\"logo\":{\"@type\":\"ImageObject\",\"inLanguage\":\"en-US\",\"@id\":\"https:\\\/\\\/ds.dekopa.com.tr\\\/#\\\/schema\\\/logo\\\/image\\\/\",\"url\":\"https:\\\/\\\/ds.dekopa.com.tr\\\/wp-content\\\/uploads\\\/2020\\\/12\\\/dekopa_logo-copy-1.jpg\",\"contentUrl\":\"https:\\\/\\\/ds.dekopa.com.tr\\\/wp-content\\\/uploads\\\/2020\\\/12\\\/dekopa_logo-copy-1.jpg\",\"width\":200,\"height\":80,\"caption\":\"Dekopa Display - UV Bask\u0131\"},\"image\":{\"@id\":\"https:\\\/\\\/ds.dekopa.com.tr\\\/#\\\/schema\\\/logo\\\/image\\\/\"},\"sameAs\":[\"https:\\\/\\\/www.facebook.com\\\/dekopa.com.tr\",\"https:\\\/\\\/www.instagram.com\\\/dekopa_print\\\/\",\"https:\\\/\\\/tr.pinterest.com\\\/DekopaDesing\\\/\",\"https:\\\/\\\/www.youtube.com\\\/channel\\\/UCchP6AzeKOz_2L5SQ8l10mA\\\/\"]}]}<\/script>\n<!-- \/ Yoast SEO Premium plugin. -->","yoast_head_json":{"title":"Videolar - DEKOPA MOD\u00dcLER FUAR STANDLARI","robots":{"index":"index","follow":"follow","max-snippet":"max-snippet:-1","max-image-preview":"max-image-preview:large","max-video-preview":"max-video-preview:-1"},"canonical":"https:\/\/ds.dekopa.com.tr\/en\/videolar\/","og_locale":"en_US","og_type":"article","og_title":"Videolar","og_description":"Videolar Dekopa olarak ger\u00e7ekle\u015ftirdi\u011fimiz projeleri, \u00fcr\u00fcn uygulamalar\u0131m\u0131z\u0131 ve \u00fcretim s\u00fcre\u00e7lerimizi daha yak\u0131ndan tan\u0131man\u0131z i\u00e7in sizlere \u00f6zel video i\u00e7erikleri haz\u0131rlad\u0131k. Bu sayfada; mod\u00fcler lightbox sistemlerinin kurulumundan UV bask\u0131 uygulamalar\u0131na, fuar stand\u0131 \u00e7\u00f6z\u00fcmlerinden yarat\u0131c\u0131 dekor projelerine kadar bir\u00e7ok s\u00fcreci ad\u0131m ad\u0131m izleyebilirsiniz. G\u00f6rsel anlat\u0131m g\u00fcc\u00fc sayesinde \u00fcr\u00fcnlerimizin kalitesini ve uygulama detaylar\u0131n\u0131 daha net g\u00f6rebilir, sizin i\u00e7in en [&hellip;]","og_url":"https:\/\/ds.dekopa.com.tr\/en\/videolar\/","og_site_name":"DEKOPA MOD\u00dcLER FUAR STANDLARI","article_publisher":"https:\/\/www.facebook.com\/dekopa.com.tr","article_modified_time":"2025-05-29T20:12:14+00:00","twitter_card":"summary_large_image","twitter_misc":{"Est. reading time":"1 minute"},"schema":{"@context":"https:\/\/schema.org","@graph":[{"@type":"WebPage","@id":"https:\/\/ds.dekopa.com.tr\/videolar\/","url":"https:\/\/ds.dekopa.com.tr\/videolar\/","name":"Videolar - DEKOPA MOD\u00dcLER FUAR STANDLARI","isPartOf":{"@id":"https:\/\/ds.dekopa.com.tr\/#website"},"datePublished":"2025-05-29T09:14:41+00:00","dateModified":"2025-05-29T20:12:14+00:00","breadcrumb":{"@id":"https:\/\/ds.dekopa.com.tr\/videolar\/#breadcrumb"},"inLanguage":"en-US","potentialAction":[{"@type":"ReadAction","target":["https:\/\/ds.dekopa.com.tr\/videolar\/"]}]},{"@type":"BreadcrumbList","@id":"https:\/\/ds.dekopa.com.tr\/videolar\/#breadcrumb","itemListElement":[{"@type":"ListItem","position":1,"name":"Ana sayfa","item":"https:\/\/ds.dekopa.com.tr\/"},{"@type":"ListItem","position":2,"name":"Videolar"}]},{"@type":"WebSite","@id":"https:\/\/ds.dekopa.com.tr\/#website","url":"https:\/\/ds.dekopa.com.tr\/","name":"Dekopa Dijital Bask\u0131","description":"MOD\u00dcLER FUAR VE KONGRE S\u0130STEMLER\u0130","publisher":{"@id":"https:\/\/ds.dekopa.com.tr\/#organization"},"potentialAction":[{"@type":"SearchAction","target":{"@type":"EntryPoint","urlTemplate":"https:\/\/ds.dekopa.com.tr\/?s={search_term_string}"},"query-input":{"@type":"PropertyValueSpecification","valueRequired":true,"valueName":"search_term_string"}}],"inLanguage":"en-US"},{"@type":"Organization","@id":"https:\/\/ds.dekopa.com.tr\/#organization","name":"Dekopa Display - UV Bask\u0131","url":"https:\/\/ds.dekopa.com.tr\/","logo":{"@type":"ImageObject","inLanguage":"en-US","@id":"https:\/\/ds.dekopa.com.tr\/#\/schema\/logo\/image\/","url":"https:\/\/ds.dekopa.com.tr\/wp-content\/uploads\/2020\/12\/dekopa_logo-copy-1.jpg","contentUrl":"https:\/\/ds.dekopa.com.tr\/wp-content\/uploads\/2020\/12\/dekopa_logo-copy-1.jpg","width":200,"height":80,"caption":"Dekopa Display - UV Bask\u0131"},"image":{"@id":"https:\/\/ds.dekopa.com.tr\/#\/schema\/logo\/image\/"},"sameAs":["https:\/\/www.facebook.com\/dekopa.com.tr","https:\/\/www.instagram.com\/dekopa_print\/","https:\/\/tr.pinterest.com\/DekopaDesing\/","https:\/\/www.youtube.com\/channel\/UCchP6AzeKOz_2L5SQ8l10mA\/"]}]}},"_links":{"self":[{"href":"https:\/\/ds.dekopa.com.tr\/en\/wp-json\/wp\/v2\/pages\/12883","targetHints":{"allow":["GET"]}}],"collection":[{"href":"https:\/\/ds.dekopa.com.tr\/en\/wp-json\/wp\/v2\/pages"}],"about":[{"href":"https:\/\/ds.dekopa.com.tr\/en\/wp-json\/wp\/v2\/types\/page"}],"author":[{"embeddable":true,"href":"https:\/\/ds.dekopa.com.tr\/en\/wp-json\/wp\/v2\/users\/1"}],"replies":[{"embeddable":true,"href":"https:\/\/ds.dekopa.com.tr\/en\/wp-json\/wp\/v2\/comments?post=12883"}],"version-history":[{"count":7,"href":"https:\/\/ds.dekopa.com.tr\/en\/wp-json\/wp\/v2\/pages\/12883\/revisions"}],"predecessor-version":[{"id":12942,"href":"https:\/\/ds.dekopa.com.tr\/en\/wp-json\/wp\/v2\/pages\/12883\/revisions\/12942"}],"wp:attachment":[{"href":"https:\/\/ds.dekopa.com.tr\/en\/wp-json\/wp\/v2\/media?parent=12883"}],"curies":[{"name":"wp","href":"https:\/\/api.w.org\/{rel}","templated":true}]}}