{"id":12459,"date":"2025-05-25T17:34:32","date_gmt":"2025-05-25T14:34:32","guid":{"rendered":"https:\/\/ds.dekopa.com.tr\/?page_id=12459"},"modified":"2025-05-25T17:41:59","modified_gmt":"2025-05-25T14:41:59","slug":"referanslar","status":"publish","type":"page","link":"https:\/\/ds.dekopa.com.tr\/en\/referanslar\/","title":{"rendered":"References"},"content":{"rendered":"<div data-elementor-type=\"wp-page\" data-elementor-id=\"12459\" class=\"elementor elementor-12459\" data-elementor-post-type=\"page\">\n\t\t\t\t<div class=\"elementor-element elementor-element-b13f98a e-flex e-con-boxed e-con e-parent\" data-id=\"b13f98a\" data-element_type=\"container\" data-e-type=\"container\">\n\t\t\t\t\t<div class=\"e-con-inner\">\n\t\t\t\t<div class=\"elementor-element elementor-element-9dabca9 elementor-widget elementor-widget-heading\" data-id=\"9dabca9\" data-element_type=\"widget\" data-e-type=\"widget\" data-widget_type=\"heading.default\">\n\t\t\t\t<div class=\"elementor-widget-container\">\n\t\t\t\t\t<h1 class=\"elementor-heading-title elementor-size-default\">References<\/h1>\t\t\t\t<\/div>\n\t\t\t\t<\/div>\n\t\t\t\t<div class=\"elementor-element elementor-element-9de7a31 elementor-widget elementor-widget-text-editor\" data-id=\"9de7a31\" data-element_type=\"widget\" data-e-type=\"widget\" data-widget_type=\"text-editor.default\">\n\t\t\t\t<div class=\"elementor-widget-container\">\n\t\t\t\t\t\t\t\t\t<p data-start=\"128\" data-end=\"684\">Dekopa olarak, y\u0131llar i\u00e7inde bir\u00e7ok farkl\u0131 sekt\u00f6rden markaya dijital bask\u0131 ve fuar stand \u00e7\u00f6z\u00fcmleri sunduk. Yerli ve yabanc\u0131 m\u00fc\u015fterilerimizin g\u00fcvenini kazanarak, yarat\u0131c\u0131 projelere imza att\u0131k. Kaliteli \u00fcretim anlay\u0131\u015f\u0131m\u0131z, zaman\u0131nda teslimat ilkemiz ve m\u00fc\u015fteri memnuniyeti odakl\u0131 hizmetlerimizle sekt\u00f6r\u00fcm\u00fczde tercih edilen bir \u00e7\u00f6z\u00fcm orta\u011f\u0131y\u0131z. Bu sayfada, birlikte \u00e7al\u0131\u015ft\u0131\u011f\u0131m\u0131z baz\u0131 markalar\u0131 ve projelerimizi bulabilirsiniz. Siz de etkileyici ve profesyonel \u00e7\u00f6z\u00fcmler ar\u0131yorsan\u0131z, Dekopa\u2019n\u0131n referanslar\u0131na g\u00f6z atarak do\u011fru adreste oldu\u011funuzu g\u00f6rebilirsiniz.<\/p>\t\t\t\t\t\t\t\t<\/div>\n\t\t\t\t<\/div>\n\t\t\t\t\t<\/div>\n\t\t\t\t<\/div>\n\t\t<div class=\"elementor-element elementor-element-d4819ec e-flex e-con-boxed e-con e-parent\" data-id=\"d4819ec\" data-element_type=\"container\" data-e-type=\"container\" data-settings=\"{&quot;background_background&quot;:&quot;classic&quot;}\">\n\t\t\t\t\t<div class=\"e-con-inner\">\n\t\t\t\t<div class=\"elementor-element elementor-element-26a4d93 elementor-widget elementor-widget-gallery\" data-id=\"26a4d93\" data-element_type=\"widget\" data-e-type=\"widget\" data-settings=\"{&quot;columns&quot;:6,&quot;columns_mobile&quot;:3,&quot;gap&quot;:{&quot;unit&quot;:&quot;px&quot;,&quot;size&quot;:35,&quot;sizes&quot;:[]},&quot;aspect_ratio&quot;:&quot;1:1&quot;,&quot;lazyload&quot;:&quot;yes&quot;,&quot;gallery_layout&quot;:&quot;grid&quot;,&quot;columns_tablet&quot;:2,&quot;gap_tablet&quot;:{&quot;unit&quot;:&quot;px&quot;,&quot;size&quot;:10,&quot;sizes&quot;:[]},&quot;gap_mobile&quot;:{&quot;unit&quot;:&quot;px&quot;,&quot;size&quot;:10,&quot;sizes&quot;:[]},&quot;content_hover_animation&quot;:&quot;fade-in&quot;}\" data-widget_type=\"gallery.default\">\n\t\t\t\t<div class=\"elementor-widget-container\">\n\t\t\t\t\t\t\t<div class=\"elementor-gallery__container\">\n\t\t\t\t\t\t\t<div class=\"e-gallery-item elementor-gallery-item elementor-animated-content\">\n\t\t\t\t\t<div class=\"e-gallery-image elementor-gallery-item__image\" data-thumbnail=\"https:\/\/ds.dekopa.com.tr\/wp-content\/uploads\/referanslar-08.png\" data-width=\"300\" data-height=\"300\" aria-label=\"\" role=\"img\" ><\/div>\n\t\t\t\t\t\t\t\t\t\t\t\t\t\t<\/div>\n\t\t\t\t\t\t\t<div class=\"e-gallery-item elementor-gallery-item elementor-animated-content\">\n\t\t\t\t\t<div class=\"e-gallery-image elementor-gallery-item__image\" data-thumbnail=\"https:\/\/ds.dekopa.com.tr\/wp-content\/uploads\/EK-1.png\" data-width=\"300\" data-height=\"300\" aria-label=\"\" role=\"img\" ><\/div>\n\t\t\t\t\t\t\t\t\t\t\t\t\t\t<\/div>\n\t\t\t\t\t\t\t<div class=\"e-gallery-item elementor-gallery-item elementor-animated-content\">\n\t\t\t\t\t<div class=\"e-gallery-image elementor-gallery-item__image\" data-thumbnail=\"https:\/\/ds.dekopa.com.tr\/wp-content\/uploads\/referanslar-20.png\" data-width=\"300\" data-height=\"300\" aria-label=\"\" role=\"img\" ><\/div>\n\t\t\t\t\t\t\t\t\t\t\t\t\t\t<\/div>\n\t\t\t\t\t\t\t<div class=\"e-gallery-item elementor-gallery-item elementor-animated-content\">\n\t\t\t\t\t<div class=\"e-gallery-image elementor-gallery-item__image\" data-thumbnail=\"https:\/\/ds.dekopa.com.tr\/wp-content\/uploads\/ELMASSTIL.png\" data-width=\"300\" data-height=\"300\" aria-label=\"\" role=\"img\" ><\/div>\n\t\t\t\t\t\t\t\t\t\t\t\t\t\t<\/div>\n\t\t\t\t\t\t\t<div class=\"e-gallery-item elementor-gallery-item elementor-animated-content\">\n\t\t\t\t\t<div class=\"e-gallery-image elementor-gallery-item__image\" data-thumbnail=\"https:\/\/ds.dekopa.com.tr\/wp-content\/uploads\/referanslar-06.png\" data-width=\"300\" data-height=\"300\" aria-label=\"\" role=\"img\" ><\/div>\n\t\t\t\t\t\t\t\t\t\t\t\t\t\t<\/div>\n\t\t\t\t\t\t\t<div class=\"e-gallery-item elementor-gallery-item elementor-animated-content\">\n\t\t\t\t\t<div class=\"e-gallery-image elementor-gallery-item__image\" data-thumbnail=\"https:\/\/ds.dekopa.com.tr\/wp-content\/uploads\/referanslar-19.png\" data-width=\"300\" data-height=\"300\" aria-label=\"\" role=\"img\" ><\/div>\n\t\t\t\t\t\t\t\t\t\t\t\t\t\t<\/div>\n\t\t\t\t\t\t\t<div class=\"e-gallery-item elementor-gallery-item elementor-animated-content\">\n\t\t\t\t\t<div class=\"e-gallery-image elementor-gallery-item__image\" data-thumbnail=\"https:\/\/ds.dekopa.com.tr\/wp-content\/uploads\/referanslar-19-1.png\" data-width=\"300\" data-height=\"300\" aria-label=\"\" role=\"img\" ><\/div>\n\t\t\t\t\t\t\t\t\t\t\t\t\t\t<\/div>\n\t\t\t\t\t\t\t<div class=\"e-gallery-item elementor-gallery-item elementor-animated-content\">\n\t\t\t\t\t<div class=\"e-gallery-image elementor-gallery-item__image\" data-thumbnail=\"https:\/\/ds.dekopa.com.tr\/wp-content\/uploads\/referanslar-06-1.png\" data-width=\"300\" data-height=\"300\" aria-label=\"\" role=\"img\" ><\/div>\n\t\t\t\t\t\t\t\t\t\t\t\t\t\t<\/div>\n\t\t\t\t\t\t\t<div class=\"e-gallery-item elementor-gallery-item elementor-animated-content\">\n\t\t\t\t\t<div class=\"e-gallery-image elementor-gallery-item__image\" data-thumbnail=\"https:\/\/ds.dekopa.com.tr\/wp-content\/uploads\/ELMASSTIL-1.png\" data-width=\"300\" data-height=\"300\" aria-label=\"\" role=\"img\" ><\/div>\n\t\t\t\t\t\t\t\t\t\t\t\t\t\t<\/div>\n\t\t\t\t\t\t\t<div class=\"e-gallery-item elementor-gallery-item elementor-animated-content\">\n\t\t\t\t\t<div class=\"e-gallery-image elementor-gallery-item__image\" data-thumbnail=\"https:\/\/ds.dekopa.com.tr\/wp-content\/uploads\/referanslar-20-1.png\" data-width=\"300\" data-height=\"300\" aria-label=\"\" role=\"img\" ><\/div>\n\t\t\t\t\t\t\t\t\t\t\t\t\t\t<\/div>\n\t\t\t\t\t\t\t<div class=\"e-gallery-item elementor-gallery-item elementor-animated-content\">\n\t\t\t\t\t<div class=\"e-gallery-image elementor-gallery-item__image\" data-thumbnail=\"https:\/\/ds.dekopa.com.tr\/wp-content\/uploads\/EK-1-1.png\" data-width=\"300\" data-height=\"300\" aria-label=\"\" role=\"img\" ><\/div>\n\t\t\t\t\t\t\t\t\t\t\t\t\t\t<\/div>\n\t\t\t\t\t\t\t<div class=\"e-gallery-item elementor-gallery-item elementor-animated-content\">\n\t\t\t\t\t<div class=\"e-gallery-image elementor-gallery-item__image\" data-thumbnail=\"https:\/\/ds.dekopa.com.tr\/wp-content\/uploads\/referanslar-08-1.png\" data-width=\"300\" data-height=\"300\" aria-label=\"\" role=\"img\" ><\/div>\n\t\t\t\t\t\t\t\t\t\t\t\t\t\t<\/div>\n\t\t\t\t\t\t\t<div class=\"e-gallery-item elementor-gallery-item elementor-animated-content\">\n\t\t\t\t\t<div class=\"e-gallery-image elementor-gallery-item__image\" data-thumbnail=\"https:\/\/ds.dekopa.com.tr\/wp-content\/uploads\/ELMASSTIL-2.png\" data-width=\"300\" data-height=\"300\" aria-label=\"\" role=\"img\" ><\/div>\n\t\t\t\t\t\t\t\t\t\t\t\t\t\t<\/div>\n\t\t\t\t\t\t\t<div class=\"e-gallery-item elementor-gallery-item elementor-animated-content\">\n\t\t\t\t\t<div class=\"e-gallery-image elementor-gallery-item__image\" data-thumbnail=\"https:\/\/ds.dekopa.com.tr\/wp-content\/uploads\/referanslar-06-2.png\" data-width=\"300\" data-height=\"300\" aria-label=\"\" role=\"img\" ><\/div>\n\t\t\t\t\t\t\t\t\t\t\t\t\t\t<\/div>\n\t\t\t\t\t\t\t<div class=\"e-gallery-item elementor-gallery-item elementor-animated-content\">\n\t\t\t\t\t<div class=\"e-gallery-image elementor-gallery-item__image\" data-thumbnail=\"https:\/\/ds.dekopa.com.tr\/wp-content\/uploads\/referanslar-20-2.png\" data-width=\"300\" data-height=\"300\" aria-label=\"\" role=\"img\" ><\/div>\n\t\t\t\t\t\t\t\t\t\t\t\t\t\t<\/div>\n\t\t\t\t\t\t\t<div class=\"e-gallery-item elementor-gallery-item elementor-animated-content\">\n\t\t\t\t\t<div class=\"e-gallery-image elementor-gallery-item__image\" data-thumbnail=\"https:\/\/ds.dekopa.com.tr\/wp-content\/uploads\/referanslar-19-2.png\" data-width=\"300\" data-height=\"300\" aria-label=\"\" role=\"img\" ><\/div>\n\t\t\t\t\t\t\t\t\t\t\t\t\t\t<\/div>\n\t\t\t\t\t\t\t<div class=\"e-gallery-item elementor-gallery-item elementor-animated-content\">\n\t\t\t\t\t<div class=\"e-gallery-image elementor-gallery-item__image\" data-thumbnail=\"https:\/\/ds.dekopa.com.tr\/wp-content\/uploads\/EK-1-2.png\" data-width=\"300\" data-height=\"300\" aria-label=\"\" role=\"img\" ><\/div>\n\t\t\t\t\t\t\t\t\t\t\t\t\t\t<\/div>\n\t\t\t\t\t\t\t<div class=\"e-gallery-item elementor-gallery-item elementor-animated-content\">\n\t\t\t\t\t<div class=\"e-gallery-image elementor-gallery-item__image\" data-thumbnail=\"https:\/\/ds.dekopa.com.tr\/wp-content\/uploads\/referanslar-08-2.png\" data-width=\"300\" data-height=\"300\" aria-label=\"\" role=\"img\" ><\/div>\n\t\t\t\t\t\t\t\t\t\t\t\t\t\t<\/div>\n\t\t\t\t\t\t\t<div class=\"e-gallery-item elementor-gallery-item elementor-animated-content\">\n\t\t\t\t\t<div class=\"e-gallery-image elementor-gallery-item__image\" data-thumbnail=\"https:\/\/ds.dekopa.com.tr\/wp-content\/uploads\/referanslar-20-3.png\" data-width=\"300\" data-height=\"300\" aria-label=\"\" role=\"img\" ><\/div>\n\t\t\t\t\t\t\t\t\t\t\t\t\t\t<\/div>\n\t\t\t\t\t\t\t<div class=\"e-gallery-item elementor-gallery-item elementor-animated-content\">\n\t\t\t\t\t<div class=\"e-gallery-image elementor-gallery-item__image\" data-thumbnail=\"https:\/\/ds.dekopa.com.tr\/wp-content\/uploads\/ELMASSTIL-3.png\" data-width=\"300\" data-height=\"300\" aria-label=\"\" role=\"img\" ><\/div>\n\t\t\t\t\t\t\t\t\t\t\t\t\t\t<\/div>\n\t\t\t\t\t\t\t<div class=\"e-gallery-item elementor-gallery-item elementor-animated-content\">\n\t\t\t\t\t<div class=\"e-gallery-image elementor-gallery-item__image\" data-thumbnail=\"https:\/\/ds.dekopa.com.tr\/wp-content\/uploads\/referanslar-06-3.png\" data-width=\"300\" data-height=\"300\" aria-label=\"\" role=\"img\" ><\/div>\n\t\t\t\t\t\t\t\t\t\t\t\t\t\t<\/div>\n\t\t\t\t\t\t\t<div class=\"e-gallery-item elementor-gallery-item elementor-animated-content\">\n\t\t\t\t\t<div class=\"e-gallery-image elementor-gallery-item__image\" data-thumbnail=\"https:\/\/ds.dekopa.com.tr\/wp-content\/uploads\/referanslar-19-3.png\" data-width=\"300\" data-height=\"300\" aria-label=\"\" role=\"img\" ><\/div>\n\t\t\t\t\t\t\t\t\t\t\t\t\t\t<\/div>\n\t\t\t\t\t\t\t<div class=\"e-gallery-item elementor-gallery-item elementor-animated-content\">\n\t\t\t\t\t<div class=\"e-gallery-image elementor-gallery-item__image\" data-thumbnail=\"https:\/\/ds.dekopa.com.tr\/wp-content\/uploads\/referanslar-20-4.png\" data-width=\"300\" data-height=\"300\" aria-label=\"\" role=\"img\" ><\/div>\n\t\t\t\t\t\t\t\t\t\t\t\t\t\t<\/div>\n\t\t\t\t\t\t\t<div class=\"e-gallery-item elementor-gallery-item elementor-animated-content\">\n\t\t\t\t\t<div class=\"e-gallery-image elementor-gallery-item__image\" data-thumbnail=\"https:\/\/ds.dekopa.com.tr\/wp-content\/uploads\/ELMASSTIL-4.png\" data-width=\"300\" data-height=\"300\" aria-label=\"\" role=\"img\" ><\/div>\n\t\t\t\t\t\t\t\t\t\t\t\t\t\t<\/div>\n\t\t\t\t\t\t\t<div class=\"e-gallery-item elementor-gallery-item elementor-animated-content\">\n\t\t\t\t\t<div class=\"e-gallery-image elementor-gallery-item__image\" data-thumbnail=\"https:\/\/ds.dekopa.com.tr\/wp-content\/uploads\/referanslar-06-4.png\" data-width=\"300\" data-height=\"300\" aria-label=\"\" role=\"img\" ><\/div>\n\t\t\t\t\t\t\t\t\t\t\t\t\t\t<\/div>\n\t\t\t\t\t\t\t<div class=\"e-gallery-item elementor-gallery-item elementor-animated-content\">\n\t\t\t\t\t<div class=\"e-gallery-image elementor-gallery-item__image\" data-thumbnail=\"https:\/\/ds.dekopa.com.tr\/wp-content\/uploads\/referanslar-08-3.png\" data-width=\"300\" data-height=\"300\" aria-label=\"\" role=\"img\" ><\/div>\n\t\t\t\t\t\t\t\t\t\t\t\t\t\t<\/div>\n\t\t\t\t\t\t\t<div class=\"e-gallery-item elementor-gallery-item elementor-animated-content\">\n\t\t\t\t\t<div class=\"e-gallery-image elementor-gallery-item__image\" data-thumbnail=\"https:\/\/ds.dekopa.com.tr\/wp-content\/uploads\/referanslar-19-4.png\" data-width=\"300\" data-height=\"300\" aria-label=\"\" role=\"img\" ><\/div>\n\t\t\t\t\t\t\t\t\t\t\t\t\t\t<\/div>\n\t\t\t\t\t\t\t<div class=\"e-gallery-item elementor-gallery-item elementor-animated-content\">\n\t\t\t\t\t<div class=\"e-gallery-image elementor-gallery-item__image\" data-thumbnail=\"https:\/\/ds.dekopa.com.tr\/wp-content\/uploads\/referanslar-06-5.png\" data-width=\"300\" data-height=\"300\" aria-label=\"\" role=\"img\" ><\/div>\n\t\t\t\t\t\t\t\t\t\t\t\t\t\t<\/div>\n\t\t\t\t\t\t\t<div class=\"e-gallery-item elementor-gallery-item elementor-animated-content\">\n\t\t\t\t\t<div class=\"e-gallery-image elementor-gallery-item__image\" data-thumbnail=\"https:\/\/ds.dekopa.com.tr\/wp-content\/uploads\/referanslar-08-4.png\" data-width=\"300\" data-height=\"300\" aria-label=\"\" role=\"img\" ><\/div>\n\t\t\t\t\t\t\t\t\t\t\t\t\t\t<\/div>\n\t\t\t\t\t\t\t<div class=\"e-gallery-item elementor-gallery-item elementor-animated-content\">\n\t\t\t\t\t<div class=\"e-gallery-image elementor-gallery-item__image\" data-thumbnail=\"https:\/\/ds.dekopa.com.tr\/wp-content\/uploads\/referanslar-06-6.png\" data-width=\"300\" data-height=\"300\" aria-label=\"\" role=\"img\" ><\/div>\n\t\t\t\t\t\t\t\t\t\t\t\t\t\t<\/div>\n\t\t\t\t\t\t\t<div class=\"e-gallery-item elementor-gallery-item elementor-animated-content\">\n\t\t\t\t\t<div class=\"e-gallery-image elementor-gallery-item__image\" data-thumbnail=\"https:\/\/ds.dekopa.com.tr\/wp-content\/uploads\/referanslar-08-5.png\" data-width=\"300\" data-height=\"300\" aria-label=\"\" role=\"img\" ><\/div>\n\t\t\t\t\t\t\t\t\t\t\t\t\t\t<\/div>\n\t\t\t\t\t<\/div>\n\t\t\t\t\t<\/div>\n\t\t\t\t<\/div>\n\t\t\t\t\t<\/div>\n\t\t\t\t<\/div>\n\t\t\t\t<\/div>","protected":false},"excerpt":{"rendered":"<p>Dekopa olarak, y\u0131llar i\u00e7inde bir\u00e7ok farkl\u0131 sekt\u00f6rden markaya dijital bask\u0131 ve fuar stand \u00e7\u00f6z\u00fcmleri sunduk. Yerli ve yabanc\u0131 m\u00fc\u015fterilerimizin g\u00fcvenini kazanarak, yarat\u0131c\u0131 projelere imza att\u0131k. Kaliteli \u00fcretim anlay\u0131\u015f\u0131m\u0131z, zaman\u0131nda teslimat ilkemiz ve m\u00fc\u015fteri memnuniyeti odakl\u0131 hizmetlerimizle sekt\u00f6r\u00fcm\u00fczde tercih edilen bir \u00e7\u00f6z\u00fcm orta\u011f\u0131y\u0131z. Bu sayfada, birlikte \u00e7al\u0131\u015ft\u0131\u011f\u0131m\u0131z baz\u0131 markalar\u0131 ve projelerimizi bulabilirsiniz. Siz de etkileyici ve [&hellip;]<\/p>","protected":false},"author":1,"featured_media":0,"parent":0,"menu_order":0,"comment_status":"closed","ping_status":"closed","template":"elementor_header_footer","meta":{"footnotes":""},"class_list":["post-12459","page","type-page","status-publish","hentry"],"blocksy_meta":[],"yoast_head":"<!-- This site is optimized with the Yoast SEO Premium plugin v25.3.1 (Yoast SEO v27.4) - https:\/\/yoast.com\/product\/yoast-seo-premium-wordpress\/ -->\n<title>Referanslar - DEKOPA MOD\u00dcLER FUAR STANDLARI<\/title>\n<meta name=\"robots\" content=\"index, follow, max-snippet:-1, max-image-preview:large, max-video-preview:-1\" \/>\n<link rel=\"canonical\" href=\"https:\/\/ds.dekopa.com.tr\/en\/referanslar\/\" \/>\n<meta property=\"og:locale\" content=\"en_US\" \/>\n<meta property=\"og:type\" content=\"article\" \/>\n<meta property=\"og:title\" content=\"Referanslar\" \/>\n<meta property=\"og:description\" content=\"Dekopa olarak, y\u0131llar i\u00e7inde bir\u00e7ok farkl\u0131 sekt\u00f6rden markaya dijital bask\u0131 ve fuar stand \u00e7\u00f6z\u00fcmleri sunduk. Yerli ve yabanc\u0131 m\u00fc\u015fterilerimizin g\u00fcvenini kazanarak, yarat\u0131c\u0131 projelere imza att\u0131k. Kaliteli \u00fcretim anlay\u0131\u015f\u0131m\u0131z, zaman\u0131nda teslimat ilkemiz ve m\u00fc\u015fteri memnuniyeti odakl\u0131 hizmetlerimizle sekt\u00f6r\u00fcm\u00fczde tercih edilen bir \u00e7\u00f6z\u00fcm orta\u011f\u0131y\u0131z. Bu sayfada, birlikte \u00e7al\u0131\u015ft\u0131\u011f\u0131m\u0131z baz\u0131 markalar\u0131 ve projelerimizi bulabilirsiniz. Siz de etkileyici ve [&hellip;]\" \/>\n<meta property=\"og:url\" content=\"https:\/\/ds.dekopa.com.tr\/en\/referanslar\/\" \/>\n<meta property=\"og:site_name\" content=\"DEKOPA MOD\u00dcLER FUAR STANDLARI\" \/>\n<meta property=\"article:publisher\" content=\"https:\/\/www.facebook.com\/dekopa.com.tr\" \/>\n<meta property=\"article:modified_time\" content=\"2025-05-25T14:41:59+00:00\" \/>\n<meta name=\"twitter:card\" content=\"summary_large_image\" \/>\n<script type=\"application\/ld+json\" class=\"yoast-schema-graph\">{\"@context\":\"https:\\\/\\\/schema.org\",\"@graph\":[{\"@type\":\"WebPage\",\"@id\":\"https:\\\/\\\/ds.dekopa.com.tr\\\/referanslar\\\/\",\"url\":\"https:\\\/\\\/ds.dekopa.com.tr\\\/referanslar\\\/\",\"name\":\"Referanslar - DEKOPA MOD\u00dcLER FUAR STANDLARI\",\"isPartOf\":{\"@id\":\"https:\\\/\\\/ds.dekopa.com.tr\\\/#website\"},\"datePublished\":\"2025-05-25T14:34:32+00:00\",\"dateModified\":\"2025-05-25T14:41:59+00:00\",\"breadcrumb\":{\"@id\":\"https:\\\/\\\/ds.dekopa.com.tr\\\/referanslar\\\/#breadcrumb\"},\"inLanguage\":\"en-US\",\"potentialAction\":[{\"@type\":\"ReadAction\",\"target\":[\"https:\\\/\\\/ds.dekopa.com.tr\\\/referanslar\\\/\"]}]},{\"@type\":\"BreadcrumbList\",\"@id\":\"https:\\\/\\\/ds.dekopa.com.tr\\\/referanslar\\\/#breadcrumb\",\"itemListElement\":[{\"@type\":\"ListItem\",\"position\":1,\"name\":\"Ana sayfa\",\"item\":\"https:\\\/\\\/ds.dekopa.com.tr\\\/\"},{\"@type\":\"ListItem\",\"position\":2,\"name\":\"Referanslar\"}]},{\"@type\":\"WebSite\",\"@id\":\"https:\\\/\\\/ds.dekopa.com.tr\\\/#website\",\"url\":\"https:\\\/\\\/ds.dekopa.com.tr\\\/\",\"name\":\"Dekopa Dijital Bask\u0131\",\"description\":\"MOD\u00dcLER FUAR VE KONGRE S\u0130STEMLER\u0130\",\"publisher\":{\"@id\":\"https:\\\/\\\/ds.dekopa.com.tr\\\/#organization\"},\"potentialAction\":[{\"@type\":\"SearchAction\",\"target\":{\"@type\":\"EntryPoint\",\"urlTemplate\":\"https:\\\/\\\/ds.dekopa.com.tr\\\/?s={search_term_string}\"},\"query-input\":{\"@type\":\"PropertyValueSpecification\",\"valueRequired\":true,\"valueName\":\"search_term_string\"}}],\"inLanguage\":\"en-US\"},{\"@type\":\"Organization\",\"@id\":\"https:\\\/\\\/ds.dekopa.com.tr\\\/#organization\",\"name\":\"Dekopa Display - UV Bask\u0131\",\"url\":\"https:\\\/\\\/ds.dekopa.com.tr\\\/\",\"logo\":{\"@type\":\"ImageObject\",\"inLanguage\":\"en-US\",\"@id\":\"https:\\\/\\\/ds.dekopa.com.tr\\\/#\\\/schema\\\/logo\\\/image\\\/\",\"url\":\"https:\\\/\\\/ds.dekopa.com.tr\\\/wp-content\\\/uploads\\\/2020\\\/12\\\/dekopa_logo-copy-1.jpg\",\"contentUrl\":\"https:\\\/\\\/ds.dekopa.com.tr\\\/wp-content\\\/uploads\\\/2020\\\/12\\\/dekopa_logo-copy-1.jpg\",\"width\":200,\"height\":80,\"caption\":\"Dekopa Display - UV Bask\u0131\"},\"image\":{\"@id\":\"https:\\\/\\\/ds.dekopa.com.tr\\\/#\\\/schema\\\/logo\\\/image\\\/\"},\"sameAs\":[\"https:\\\/\\\/www.facebook.com\\\/dekopa.com.tr\",\"https:\\\/\\\/www.instagram.com\\\/dekopa_print\\\/\",\"https:\\\/\\\/tr.pinterest.com\\\/DekopaDesing\\\/\",\"https:\\\/\\\/www.youtube.com\\\/channel\\\/UCchP6AzeKOz_2L5SQ8l10mA\\\/\"]}]}<\/script>\n<!-- \/ Yoast SEO Premium plugin. -->","yoast_head_json":{"title":"Referanslar - DEKOPA MOD\u00dcLER FUAR STANDLARI","robots":{"index":"index","follow":"follow","max-snippet":"max-snippet:-1","max-image-preview":"max-image-preview:large","max-video-preview":"max-video-preview:-1"},"canonical":"https:\/\/ds.dekopa.com.tr\/en\/referanslar\/","og_locale":"en_US","og_type":"article","og_title":"Referanslar","og_description":"Dekopa olarak, y\u0131llar i\u00e7inde bir\u00e7ok farkl\u0131 sekt\u00f6rden markaya dijital bask\u0131 ve fuar stand \u00e7\u00f6z\u00fcmleri sunduk. Yerli ve yabanc\u0131 m\u00fc\u015fterilerimizin g\u00fcvenini kazanarak, yarat\u0131c\u0131 projelere imza att\u0131k. Kaliteli \u00fcretim anlay\u0131\u015f\u0131m\u0131z, zaman\u0131nda teslimat ilkemiz ve m\u00fc\u015fteri memnuniyeti odakl\u0131 hizmetlerimizle sekt\u00f6r\u00fcm\u00fczde tercih edilen bir \u00e7\u00f6z\u00fcm orta\u011f\u0131y\u0131z. Bu sayfada, birlikte \u00e7al\u0131\u015ft\u0131\u011f\u0131m\u0131z baz\u0131 markalar\u0131 ve projelerimizi bulabilirsiniz. Siz de etkileyici ve [&hellip;]","og_url":"https:\/\/ds.dekopa.com.tr\/en\/referanslar\/","og_site_name":"DEKOPA MOD\u00dcLER FUAR STANDLARI","article_publisher":"https:\/\/www.facebook.com\/dekopa.com.tr","article_modified_time":"2025-05-25T14:41:59+00:00","twitter_card":"summary_large_image","schema":{"@context":"https:\/\/schema.org","@graph":[{"@type":"WebPage","@id":"https:\/\/ds.dekopa.com.tr\/referanslar\/","url":"https:\/\/ds.dekopa.com.tr\/referanslar\/","name":"Referanslar - DEKOPA MOD\u00dcLER FUAR STANDLARI","isPartOf":{"@id":"https:\/\/ds.dekopa.com.tr\/#website"},"datePublished":"2025-05-25T14:34:32+00:00","dateModified":"2025-05-25T14:41:59+00:00","breadcrumb":{"@id":"https:\/\/ds.dekopa.com.tr\/referanslar\/#breadcrumb"},"inLanguage":"en-US","potentialAction":[{"@type":"ReadAction","target":["https:\/\/ds.dekopa.com.tr\/referanslar\/"]}]},{"@type":"BreadcrumbList","@id":"https:\/\/ds.dekopa.com.tr\/referanslar\/#breadcrumb","itemListElement":[{"@type":"ListItem","position":1,"name":"Ana sayfa","item":"https:\/\/ds.dekopa.com.tr\/"},{"@type":"ListItem","position":2,"name":"Referanslar"}]},{"@type":"WebSite","@id":"https:\/\/ds.dekopa.com.tr\/#website","url":"https:\/\/ds.dekopa.com.tr\/","name":"Dekopa Dijital Bask\u0131","description":"MOD\u00dcLER FUAR VE KONGRE S\u0130STEMLER\u0130","publisher":{"@id":"https:\/\/ds.dekopa.com.tr\/#organization"},"potentialAction":[{"@type":"SearchAction","target":{"@type":"EntryPoint","urlTemplate":"https:\/\/ds.dekopa.com.tr\/?s={search_term_string}"},"query-input":{"@type":"PropertyValueSpecification","valueRequired":true,"valueName":"search_term_string"}}],"inLanguage":"en-US"},{"@type":"Organization","@id":"https:\/\/ds.dekopa.com.tr\/#organization","name":"Dekopa Display - UV Bask\u0131","url":"https:\/\/ds.dekopa.com.tr\/","logo":{"@type":"ImageObject","inLanguage":"en-US","@id":"https:\/\/ds.dekopa.com.tr\/#\/schema\/logo\/image\/","url":"https:\/\/ds.dekopa.com.tr\/wp-content\/uploads\/2020\/12\/dekopa_logo-copy-1.jpg","contentUrl":"https:\/\/ds.dekopa.com.tr\/wp-content\/uploads\/2020\/12\/dekopa_logo-copy-1.jpg","width":200,"height":80,"caption":"Dekopa Display - UV Bask\u0131"},"image":{"@id":"https:\/\/ds.dekopa.com.tr\/#\/schema\/logo\/image\/"},"sameAs":["https:\/\/www.facebook.com\/dekopa.com.tr","https:\/\/www.instagram.com\/dekopa_print\/","https:\/\/tr.pinterest.com\/DekopaDesing\/","https:\/\/www.youtube.com\/channel\/UCchP6AzeKOz_2L5SQ8l10mA\/"]}]}},"_links":{"self":[{"href":"https:\/\/ds.dekopa.com.tr\/en\/wp-json\/wp\/v2\/pages\/12459","targetHints":{"allow":["GET"]}}],"collection":[{"href":"https:\/\/ds.dekopa.com.tr\/en\/wp-json\/wp\/v2\/pages"}],"about":[{"href":"https:\/\/ds.dekopa.com.tr\/en\/wp-json\/wp\/v2\/types\/page"}],"author":[{"embeddable":true,"href":"https:\/\/ds.dekopa.com.tr\/en\/wp-json\/wp\/v2\/users\/1"}],"replies":[{"embeddable":true,"href":"https:\/\/ds.dekopa.com.tr\/en\/wp-json\/wp\/v2\/comments?post=12459"}],"version-history":[{"count":25,"href":"https:\/\/ds.dekopa.com.tr\/en\/wp-json\/wp\/v2\/pages\/12459\/revisions"}],"predecessor-version":[{"id":12515,"href":"https:\/\/ds.dekopa.com.tr\/en\/wp-json\/wp\/v2\/pages\/12459\/revisions\/12515"}],"wp:attachment":[{"href":"https:\/\/ds.dekopa.com.tr\/en\/wp-json\/wp\/v2\/media?parent=12459"}],"curies":[{"name":"wp","href":"https:\/\/api.w.org\/{rel}","templated":true}]}}